{"id":638,"date":"2021-12-05T02:23:24","date_gmt":"2021-12-05T01:23:24","guid":{"rendered":"https:\/\/groupearno.com\/?page_id=638"},"modified":"2022-05-16T07:52:48","modified_gmt":"2022-05-16T05:52:48","slug":"mot-du-fondateur","status":"publish","type":"page","link":"https:\/\/groupearno.com\/fr\/mot-du-fondateur\/","title":{"rendered":"Mot du fondateur"},"content":{"rendered":"\t\t<div data-elementor-type=\"wp-page\" data-elementor-id=\"638\" class=\"elementor elementor-638\" data-elementor-settings=\"[]\">\n\t\t\t\t\t\t\t<div class=\"elementor-section-wrap\">\n\t\t\t\t\t\t\t<section class=\"elementor-section elementor-top-section elementor-element elementor-element-9ea41a1 elementor-section-boxed elementor-section-height-default elementor-section-height-default\" data-id=\"9ea41a1\" data-element_type=\"section\">\n\t\t\t\t\t\t<div class=\"elementor-container elementor-column-gap-default\">\n\t\t\t\t\t<div class=\"elementor-column elementor-col-100 elementor-top-column elementor-element elementor-element-6fe0815\" data-id=\"6fe0815\" data-element_type=\"column\">\n\t\t\t<div class=\"elementor-widget-wrap elementor-element-populated\">\n\t\t\t\t\t\t\t\t<div class=\"elementor-element elementor-element-43539df motdufondateur elementor-widget elementor-widget-text-editor\" data-id=\"43539df\" data-element_type=\"widget\" data-widget_type=\"text-editor.default\">\n\t\t\t\t<div class=\"elementor-widget-container\">\n\t\t\t\t\t\t\t<h1><span style=\"color: #272e68;\">Le mot du fondateur<\/span><\/h1>\t\t\t\t\t\t<\/div>\n\t\t\t\t<\/div>\n\t\t\t\t<div class=\"elementor-element elementor-element-147d205 motdufondateur elementor-widget elementor-widget-text-editor\" data-id=\"147d205\" data-element_type=\"widget\" data-widget_type=\"text-editor.default\">\n\t\t\t\t<div class=\"elementor-widget-container\">\n\t\t\t\t\t\t\t<div class=\"imagedufondateur\"><img decoding=\"async\" class=\"alignnone wp-image-5722 size-large\" style=\"height: 32rem; object-fit: cover; object-position: top;\" src=\"https:\/\/groupearno.com\/wp-content\/uploads\/2022\/03\/ANESTIS-ARNOPOULOS-51-PRINT-683x1024.jpg\" alt=\"\" width=\"580\" height=\"870\" srcset=\"https:\/\/groupearno.com\/wp-content\/uploads\/2022\/03\/ANESTIS-ARNOPOULOS-51-PRINT-683x1024.jpg 683w, https:\/\/groupearno.com\/wp-content\/uploads\/2022\/03\/ANESTIS-ARNOPOULOS-51-PRINT-200x300.jpg 200w, https:\/\/groupearno.com\/wp-content\/uploads\/2022\/03\/ANESTIS-ARNOPOULOS-51-PRINT-768x1152.jpg 768w, https:\/\/groupearno.com\/wp-content\/uploads\/2022\/03\/ANESTIS-ARNOPOULOS-51-PRINT-1024x1536.jpg 1024w, https:\/\/groupearno.com\/wp-content\/uploads\/2022\/03\/ANESTIS-ARNOPOULOS-51-PRINT-1365x2048.jpg 1365w, https:\/\/groupearno.com\/wp-content\/uploads\/2022\/03\/ANESTIS-ARNOPOULOS-51-PRINT-1200x1800.jpg 1200w, https:\/\/groupearno.com\/wp-content\/uploads\/2022\/03\/ANESTIS-ARNOPOULOS-51-PRINT-1980x2970.jpg 1980w, https:\/\/groupearno.com\/wp-content\/uploads\/2022\/03\/ANESTIS-ARNOPOULOS-51-PRINT-16x24.jpg 16w, https:\/\/groupearno.com\/wp-content\/uploads\/2022\/03\/ANESTIS-ARNOPOULOS-51-PRINT-24x36.jpg 24w, https:\/\/groupearno.com\/wp-content\/uploads\/2022\/03\/ANESTIS-ARNOPOULOS-51-PRINT-32x48.jpg 32w, https:\/\/groupearno.com\/wp-content\/uploads\/2022\/03\/ANESTIS-ARNOPOULOS-51-PRINT-scaled.jpg 1707w\" sizes=\"(max-width: 580px) 100vw, 580px\" \/><\/div><div class=\"motdufondateur\"><p>Mon plus grand capital est ma famille. Ma famille au sens propre du terme, mais \u00e9galement ma famille d\u2019accueil qu\u2019est le Cameroun. Terre o\u00f9 mes enfants et petits-enfants ont grandi. C\u2019est en effet avec une immense fiert\u00e9 que la 4\u00e8me g\u00e9n\u00e9ration familiale int\u00e8gre le Groupe. C\u2019est donc dans cet esprit de famille que le Groupe ARNO s\u2019inscrit, et c\u2019est pour cela que je mets un point d\u2019honneur \u00e0 ce que la confiance r\u00e9ciproque et la transparence r\u00e8gnent dans les relations entre mes collaborateurs, mais aussi dans les relations qui unissent le Groupe aux clients, aux consommateurs et aux partenaires.<br \/>Cet esprit de famille, c\u2019est aussi ce qui m\u00e8ne le Groupe ARNO \u00e0 accorder une grande importance au respect des traditions locales, \u00e0 la culture, aux racines qui constituent le pays camerounais, en veillant toujours \u00e0 int\u00e9grer dans notre strat\u00e9gie, le contexte local dans lequel nous nous inscrivons.<\/p><p>Nous choisissons la voie de l\u2019alliance entre tradition et modernit\u00e9. Depuis la fondation de ARNO en 1963, notre famille est fi\u00e8re et honor\u00e9e d\u2019\u00eatre pr\u00e9sente et active sur le territoire camerounais.<br \/>Je sais que la seule valeur pour r\u00e9ussir est le travail, mais, le travail ENSEMBLE. Il ne faut jamais oublier que chaque Homme est important, et les prochains \u00e0 venir plus encore.<br \/>Le Groupe ARNO est, je peux le dire, le fruit de toute une vie, mais surtout le fruit d\u2019une passion, d\u2019une forte volont\u00e9 d\u2019unir notre savoir-faire, notre force de travail pour cr\u00e9er, pour avancer ensemble vers un but commun : celui de toujours vous satisfaire. Ouvert sur notre monde et notre temps, \u00e0 l\u2019\u00e9coute des \u00e9volutions, des nouvelles tendances et des changements qui s\u2019imposent, le Groupe ARNO, avec fiert\u00e9, n\u2019aura de cesse de cultiver cette exigence, en nous adaptant constamment \u00e0 vos demandes. Vos id\u00e9es seront toujours les bienvenues aupr\u00e8s de mes enfants et surtout de mes petits-enfants.<br \/>Afin que cette belle histoire perdure et que le rayonnement du Groupe ARNO continue de grandir, construisons ensemble un monde meilleur.<\/p><\/div><p class=\"pdgname\" style=\"font-size: 26px;\"><strong>Anestis Arnopoulos,<\/strong> Fondateur du<br \/>Groupe ARNO<\/p>\t\t\t\t\t\t<\/div>\n\t\t\t\t<\/div>\n\t\t\t\t\t<\/div>\n\t\t<\/div>\n\t\t\t\t\t\t\t<\/div>\n\t\t<\/section>\n\t\t\t\t\t\t<\/div>\n\t\t\t\t\t<\/div>\n\t\t","protected":false},"excerpt":{"rendered":"<p>Le mot du fondateur Mon plus grand capital est ma famille. Ma famille au sens propre du terme, mais \u00e9galement ma famille d\u2019accueil qu\u2019est le Cameroun. Terre o\u00f9 mes enfants et petits-enfants ont grandi. C\u2019est en effet avec une immense fiert\u00e9 que la 4\u00e8me g\u00e9n\u00e9ration familiale int\u00e8gre le Groupe. C\u2019est donc dans cet esprit de [&hellip;]<\/p>\n","protected":false},"author":1,"featured_media":0,"parent":0,"menu_order":0,"comment_status":"closed","ping_status":"closed","template":"","meta":[],"_links":{"self":[{"href":"https:\/\/groupearno.com\/fr\/wp-json\/wp\/v2\/pages\/638"}],"collection":[{"href":"https:\/\/groupearno.com\/fr\/wp-json\/wp\/v2\/pages"}],"about":[{"href":"https:\/\/groupearno.com\/fr\/wp-json\/wp\/v2\/types\/page"}],"author":[{"embeddable":true,"href":"https:\/\/groupearno.com\/fr\/wp-json\/wp\/v2\/users\/1"}],"replies":[{"embeddable":true,"href":"https:\/\/groupearno.com\/fr\/wp-json\/wp\/v2\/comments?post=638"}],"version-history":[{"count":12,"href":"https:\/\/groupearno.com\/fr\/wp-json\/wp\/v2\/pages\/638\/revisions"}],"predecessor-version":[{"id":9363,"href":"https:\/\/groupearno.com\/fr\/wp-json\/wp\/v2\/pages\/638\/revisions\/9363"}],"wp:attachment":[{"href":"https:\/\/groupearno.com\/fr\/wp-json\/wp\/v2\/media?parent=638"}],"curies":[{"name":"wp","href":"https:\/\/api.w.org\/{rel}","templated":true}]}}