{"id":552,"date":"2021-12-04T00:22:55","date_gmt":"2021-12-03T23:22:55","guid":{"rendered":"https:\/\/groupearno.com\/?page_id=552"},"modified":"2022-05-16T08:25:52","modified_gmt":"2022-05-16T06:25:52","slug":"notre-mission","status":"publish","type":"page","link":"https:\/\/groupearno.com\/fr\/notre-mission\/","title":{"rendered":"Notre mission"},"content":{"rendered":"\t\t<div data-elementor-type=\"wp-page\" data-elementor-id=\"552\" class=\"elementor elementor-552\" data-elementor-settings=\"[]\">\n\t\t\t\t\t\t\t<div class=\"elementor-section-wrap\">\n\t\t\t\t\t\t\t<section class=\"elementor-section elementor-top-section elementor-element elementor-element-85bdfac elementor-section-full_width topbanner elementor-section-height-default elementor-section-height-default\" data-id=\"85bdfac\" data-element_type=\"section\" data-settings=\"{&quot;background_background&quot;:&quot;classic&quot;}\">\n\t\t\t\t\t\t<div class=\"elementor-container elementor-column-gap-default\">\n\t\t\t\t\t<div class=\"elementor-column elementor-col-100 elementor-top-column elementor-element elementor-element-2cbe40b\" data-id=\"2cbe40b\" data-element_type=\"column\">\n\t\t\t<div class=\"elementor-widget-wrap elementor-element-populated\">\n\t\t\t\t\t\t\t\t<div class=\"elementor-element elementor-element-38de45d elementor-widget elementor-widget-text-editor\" data-id=\"38de45d\" data-element_type=\"widget\" data-widget_type=\"text-editor.default\">\n\t\t\t\t<div class=\"elementor-widget-container\">\n\t\t\t\t\t\t\t<h1 style=\"color:white;\">Notre <strong style=\"color: #a7c2e4;\">mission<\/strong><\/h1>\t\t\t\t\t\t<\/div>\n\t\t\t\t<\/div>\n\t\t\t\t\t<\/div>\n\t\t<\/div>\n\t\t\t\t\t\t\t<\/div>\n\t\t<\/section>\n\t\t\t\t<section class=\"elementor-section elementor-top-section elementor-element elementor-element-1ba4ef0 elementor-section-boxed elementor-section-height-default elementor-section-height-default\" data-id=\"1ba4ef0\" data-element_type=\"section\">\n\t\t\t\t\t\t<div class=\"elementor-container elementor-column-gap-default\">\n\t\t\t\t\t<div class=\"elementor-column elementor-col-100 elementor-top-column elementor-element elementor-element-acb3de6\" data-id=\"acb3de6\" data-element_type=\"column\">\n\t\t\t<div class=\"elementor-widget-wrap elementor-element-populated\">\n\t\t\t\t\t\t\t\t<div class=\"elementor-element elementor-element-d0924ac elementor-widget elementor-widget-spacer\" data-id=\"d0924ac\" data-element_type=\"widget\" data-widget_type=\"spacer.default\">\n\t\t\t\t<div class=\"elementor-widget-container\">\n\t\t\t\t\t<div class=\"elementor-spacer\">\n\t\t\t<div class=\"elementor-spacer-inner\"><\/div>\n\t\t<\/div>\n\t\t\t\t<\/div>\n\t\t\t\t<\/div>\n\t\t\t\t\t<\/div>\n\t\t<\/div>\n\t\t\t\t\t\t\t<\/div>\n\t\t<\/section>\n\t\t\t\t<section class=\"elementor-section elementor-top-section elementor-element elementor-element-7966b90 maxwidth1025 elementor-section-boxed elementor-section-height-default elementor-section-height-default\" data-id=\"7966b90\" data-element_type=\"section\">\n\t\t\t\t\t\t<div class=\"elementor-container elementor-column-gap-default\">\n\t\t\t\t\t<div class=\"elementor-column elementor-col-100 elementor-top-column elementor-element elementor-element-19f5b62\" data-id=\"19f5b62\" data-element_type=\"column\">\n\t\t\t<div class=\"elementor-widget-wrap elementor-element-populated\">\n\t\t\t\t\t\t\t\t<div class=\"elementor-element elementor-element-84825fc elementor-widget elementor-widget-heading\" data-id=\"84825fc\" data-element_type=\"widget\" data-widget_type=\"heading.default\">\n\t\t\t\t<div class=\"elementor-widget-container\">\n\t\t\t<h2 class=\"elementor-heading-title elementor-size-default\">Construire ensemble un monde meilleur et durable en apportant des solutions qui am\u00e9liorent le quotidien et le bien-\u00eatre des populations.<\/h2>\t\t<\/div>\n\t\t\t\t<\/div>\n\t\t\t\t\t<\/div>\n\t\t<\/div>\n\t\t\t\t\t\t\t<\/div>\n\t\t<\/section>\n\t\t\t\t<section class=\"elementor-section elementor-top-section elementor-element elementor-element-674d14f elementor-section-full_width maxwidth1025 elementor-section-height-default elementor-section-height-default\" data-id=\"674d14f\" data-element_type=\"section\">\n\t\t\t\t\t\t<div class=\"elementor-container elementor-column-gap-default\">\n\t\t\t\t\t<div class=\"elementor-column elementor-col-100 elementor-top-column elementor-element elementor-element-59c0b7c\" data-id=\"59c0b7c\" data-element_type=\"column\">\n\t\t\t<div class=\"elementor-widget-wrap elementor-element-populated\">\n\t\t\t\t\t\t\t\t<div class=\"elementor-element elementor-element-8e83ff6 mission-csse elementor-widget elementor-widget-text-editor\" data-id=\"8e83ff6\" data-element_type=\"widget\" data-widget_type=\"text-editor.default\">\n\t\t\t\t<div class=\"elementor-widget-container\">\n\t\t\t\t\t\t\t<p><span style=\"color: #272e68;\">Telle est la vision de M. Anestis Arnopoulos pour le groupe Arno .Une vision encore bien ancr\u00e9e aujourd\u2019hui et que la 3i\u00e8me g\u00e9n\u00e9ration Arnopoulos s\u2019att\u00e8le \u00e0 v\u00e9hiculer au quotidien dans toutes les actions que le Groupe entreprend.<\/span><\/p><p><span style=\"color: #272e68;\">Construire l\u2019Afrique de demain en b\u00e2tissant une vie meilleure pour tous les Africains maintenant et pour les g\u00e9n\u00e9rations futures est notre leitmotiv.<\/span><\/p><p><span style=\"color: #272e68;\"><strong>Notre mission premi\u00e8re est d\u2019Am\u00e9liorer le quotidien et le bien-e\u0302tre des populations en leur offrant un acce\u0300s a\u0300 des produits et services de qualite\u0301 et durables.<\/strong><\/span><br \/><span style=\"color: #272e68;\">C\u2019est pourquoi nous Mettons un point d\u2019honneur a\u0300 la qualite\u0301 de nos services pour toujours garantir la satisfaction de nos clients.<\/span><\/p>\t\t\t\t\t\t<\/div>\n\t\t\t\t<\/div>\n\t\t\t\t\t<\/div>\n\t\t<\/div>\n\t\t\t\t\t\t\t<\/div>\n\t\t<\/section>\n\t\t\t\t<section class=\"elementor-section elementor-top-section elementor-element elementor-element-a911312 maxwidth1025 elementor-section-boxed elementor-section-height-default elementor-section-height-default\" data-id=\"a911312\" data-element_type=\"section\">\n\t\t\t\t\t\t<div class=\"elementor-container elementor-column-gap-default\">\n\t\t\t\t\t<div class=\"elementor-column elementor-col-50 elementor-top-column elementor-element elementor-element-479268b\" data-id=\"479268b\" data-element_type=\"column\">\n\t\t\t<div class=\"elementor-widget-wrap elementor-element-populated\">\n\t\t\t\t\t\t\t\t<div class=\"elementor-element elementor-element-cc1d4f7 elementor-widget elementor-widget-image\" data-id=\"cc1d4f7\" data-element_type=\"widget\" data-widget_type=\"image.default\">\n\t\t\t\t<div class=\"elementor-widget-container\">\n\t\t\t\t\t\t\t\t\t\t\t\t\t\t\t<img decoding=\"async\" width=\"580\" height=\"387\" src=\"https:\/\/groupearno.com\/wp-content\/uploads\/2022\/03\/african-man-black-suit-big-tv-screen-guy-shows-presentation-1-1024x683.jpg\" class=\"attachment-large size-large\" alt=\"\" srcset=\"https:\/\/groupearno.com\/wp-content\/uploads\/2022\/03\/african-man-black-suit-big-tv-screen-guy-shows-presentation-1-1024x683.jpg 1024w, https:\/\/groupearno.com\/wp-content\/uploads\/2022\/03\/african-man-black-suit-big-tv-screen-guy-shows-presentation-1-300x200.jpg 300w, https:\/\/groupearno.com\/wp-content\/uploads\/2022\/03\/african-man-black-suit-big-tv-screen-guy-shows-presentation-1-768x512.jpg 768w, https:\/\/groupearno.com\/wp-content\/uploads\/2022\/03\/african-man-black-suit-big-tv-screen-guy-shows-presentation-1-1536x1024.jpg 1536w, https:\/\/groupearno.com\/wp-content\/uploads\/2022\/03\/african-man-black-suit-big-tv-screen-guy-shows-presentation-1-2048x1365.jpg 2048w, https:\/\/groupearno.com\/wp-content\/uploads\/2022\/03\/african-man-black-suit-big-tv-screen-guy-shows-presentation-1-1200x800.jpg 1200w, https:\/\/groupearno.com\/wp-content\/uploads\/2022\/03\/african-man-black-suit-big-tv-screen-guy-shows-presentation-1-1980x1320.jpg 1980w, https:\/\/groupearno.com\/wp-content\/uploads\/2022\/03\/african-man-black-suit-big-tv-screen-guy-shows-presentation-1-24x16.jpg 24w, https:\/\/groupearno.com\/wp-content\/uploads\/2022\/03\/african-man-black-suit-big-tv-screen-guy-shows-presentation-1-36x24.jpg 36w, https:\/\/groupearno.com\/wp-content\/uploads\/2022\/03\/african-man-black-suit-big-tv-screen-guy-shows-presentation-1-48x32.jpg 48w\" sizes=\"(max-width: 580px) 100vw, 580px\" \/>\t\t\t\t\t\t\t\t\t\t\t\t\t\t\t<\/div>\n\t\t\t\t<\/div>\n\t\t\t\t\t<\/div>\n\t\t<\/div>\n\t\t\t\t<div class=\"elementor-column elementor-col-50 elementor-top-column elementor-element elementor-element-333dcbb\" data-id=\"333dcbb\" data-element_type=\"column\">\n\t\t\t<div class=\"elementor-widget-wrap elementor-element-populated\">\n\t\t\t\t\t\t\t\t<div class=\"elementor-element elementor-element-f3a0be8 elementor-widget elementor-widget-text-editor\" data-id=\"f3a0be8\" data-element_type=\"widget\" data-widget_type=\"text-editor.default\">\n\t\t\t\t<div class=\"elementor-widget-container\">\n\t\t\t\t\t\t\t<h3>Participer a\u0300 l\u2019essor et le de\u0301veloppement de notre terre d\u2019accueil<\/h3>\t\t\t\t\t\t<\/div>\n\t\t\t\t<\/div>\n\t\t\t\t<div class=\"elementor-element elementor-element-1c5ccce elementor-widget elementor-widget-text-editor\" data-id=\"1c5ccce\" data-element_type=\"widget\" data-widget_type=\"text-editor.default\">\n\t\t\t\t<div class=\"elementor-widget-container\">\n\t\t\t\t\t\t\t<p><span style=\"color: #272e68; text-align: justify;\">Depuis biento\u0302t 60 ans, Le groupe ARNO s\u2019inscrit dans le paysage Camerounais et il est plus que de\u0301termine\u0301 a\u0300 accompagner Le Cameroun dans sa que\u0302te d\u2019e\u0301mergence.<\/span><br style=\"color: #272e68; text-align: justify;\" \/><span style=\"color: #272e68; text-align: justify;\">Nous mettons a\u0300 profit notre expertise et notre savoir-faire afin de garantir en permanence la qualite\u0301 de nos produits et services. Nous sommes a\u0300 l\u2019e\u0301coute de nos clients et des besoins du marche\u0301. L\u2019innovation est l&#8217;une de nos valeurs et elle est au coeur de notre action.<\/span><\/p>\t\t\t\t\t\t<\/div>\n\t\t\t\t<\/div>\n\t\t\t\t\t<\/div>\n\t\t<\/div>\n\t\t\t\t\t\t\t<\/div>\n\t\t<\/section>\n\t\t\t\t<section class=\"elementor-section elementor-top-section elementor-element elementor-element-fa01f33 maxwidth1025 elementor-section-boxed elementor-section-height-default elementor-section-height-default\" data-id=\"fa01f33\" data-element_type=\"section\">\n\t\t\t\t\t\t<div class=\"elementor-container elementor-column-gap-default\">\n\t\t\t\t\t<div class=\"elementor-column elementor-col-50 elementor-top-column elementor-element elementor-element-03bfe4b\" data-id=\"03bfe4b\" data-element_type=\"column\">\n\t\t\t<div class=\"elementor-widget-wrap elementor-element-populated\">\n\t\t\t\t\t\t\t\t<div class=\"elementor-element elementor-element-44d0d9b elementor-widget elementor-widget-text-editor\" data-id=\"44d0d9b\" data-element_type=\"widget\" data-widget_type=\"text-editor.default\">\n\t\t\t\t<div class=\"elementor-widget-container\">\n\t\t\t\t\t\t\t<h3>Transmettre notre savoir-faire pour les ge\u0301ne\u0301rations futures<\/h3>\t\t\t\t\t\t<\/div>\n\t\t\t\t<\/div>\n\t\t\t\t<div class=\"elementor-element elementor-element-e374159 elementor-widget elementor-widget-text-editor\" data-id=\"e374159\" data-element_type=\"widget\" data-widget_type=\"text-editor.default\">\n\t\t\t\t<div class=\"elementor-widget-container\">\n\t\t\t\t\t\t\t<p><span style=\"color: #272e68; text-align: justify;\">Depuis plus de 20 ans, Chez ARNO, nous valorisons la transmission des savoir-faire. Pour favoriser l\u2019e\u0301volution professionnelle de nos collaborateurs et afin de d\u00e9velopper leurs comp\u00e9tences, nous avons mis sur pied un programme en interne qui donne la possibilit\u00e9 a\u0300 des jeunes dipl\u00f4m\u00e9s d\u2019acque\u0301rir une expe\u0301rience professionnelle, de d\u00e9couvrir les me\u0301tiers de demain et de recevoir une formation de qualite\u0301 qui leur permettra de pouvoir a\u0300 leur tour prendre leur envol. Nous sommes une famille d\u2019entrepreneurs qui engendre des entrepreneurs; Telle est notre empreinte.<\/span><\/p>\t\t\t\t\t\t<\/div>\n\t\t\t\t<\/div>\n\t\t\t\t\t<\/div>\n\t\t<\/div>\n\t\t\t\t<div class=\"elementor-column elementor-col-50 elementor-top-column elementor-element elementor-element-1d7ae2e\" data-id=\"1d7ae2e\" data-element_type=\"column\">\n\t\t\t<div class=\"elementor-widget-wrap elementor-element-populated\">\n\t\t\t\t\t\t\t\t<div class=\"elementor-element elementor-element-11ce41c elementor-widget elementor-widget-image\" data-id=\"11ce41c\" data-element_type=\"widget\" data-widget_type=\"image.default\">\n\t\t\t\t<div class=\"elementor-widget-container\">\n\t\t\t\t\t\t\t\t\t\t\t\t\t\t\t<img decoding=\"async\" width=\"580\" height=\"387\" src=\"https:\/\/groupearno.com\/wp-content\/uploads\/2022\/03\/shutterstock_1941707233-1-1024x683.jpg\" class=\"attachment-large size-large\" alt=\"\" srcset=\"https:\/\/groupearno.com\/wp-content\/uploads\/2022\/03\/shutterstock_1941707233-1-1024x683.jpg 1024w, https:\/\/groupearno.com\/wp-content\/uploads\/2022\/03\/shutterstock_1941707233-1-300x200.jpg 300w, https:\/\/groupearno.com\/wp-content\/uploads\/2022\/03\/shutterstock_1941707233-1-768x512.jpg 768w, https:\/\/groupearno.com\/wp-content\/uploads\/2022\/03\/shutterstock_1941707233-1-1536x1024.jpg 1536w, https:\/\/groupearno.com\/wp-content\/uploads\/2022\/03\/shutterstock_1941707233-1-2048x1365.jpg 2048w, https:\/\/groupearno.com\/wp-content\/uploads\/2022\/03\/shutterstock_1941707233-1-1200x800.jpg 1200w, https:\/\/groupearno.com\/wp-content\/uploads\/2022\/03\/shutterstock_1941707233-1-1980x1320.jpg 1980w, https:\/\/groupearno.com\/wp-content\/uploads\/2022\/03\/shutterstock_1941707233-1-24x16.jpg 24w, https:\/\/groupearno.com\/wp-content\/uploads\/2022\/03\/shutterstock_1941707233-1-36x24.jpg 36w, https:\/\/groupearno.com\/wp-content\/uploads\/2022\/03\/shutterstock_1941707233-1-48x32.jpg 48w\" sizes=\"(max-width: 580px) 100vw, 580px\" \/>\t\t\t\t\t\t\t\t\t\t\t\t\t\t\t<\/div>\n\t\t\t\t<\/div>\n\t\t\t\t\t<\/div>\n\t\t<\/div>\n\t\t\t\t\t\t\t<\/div>\n\t\t<\/section>\n\t\t\t\t<section class=\"elementor-section elementor-top-section elementor-element elementor-element-ad998d2 maxwidth1025 elementor-section-boxed elementor-section-height-default elementor-section-height-default\" data-id=\"ad998d2\" data-element_type=\"section\">\n\t\t\t\t\t\t<div class=\"elementor-container elementor-column-gap-default\">\n\t\t\t\t\t<div class=\"elementor-column elementor-col-50 elementor-top-column elementor-element elementor-element-a68de5e\" data-id=\"a68de5e\" data-element_type=\"column\">\n\t\t\t<div class=\"elementor-widget-wrap elementor-element-populated\">\n\t\t\t\t\t\t\t\t<div class=\"elementor-element elementor-element-0a28e7b elementor-widget elementor-widget-image\" data-id=\"0a28e7b\" data-element_type=\"widget\" data-widget_type=\"image.default\">\n\t\t\t\t<div class=\"elementor-widget-container\">\n\t\t\t\t\t\t\t\t\t\t\t\t\t\t\t<img decoding=\"async\" width=\"580\" height=\"387\" src=\"https:\/\/groupearno.com\/wp-content\/uploads\/2022\/03\/african-business-male-people-shaking-hands-1024x683.jpg\" class=\"attachment-large size-large\" alt=\"\" srcset=\"https:\/\/groupearno.com\/wp-content\/uploads\/2022\/03\/african-business-male-people-shaking-hands-1024x683.jpg 1024w, https:\/\/groupearno.com\/wp-content\/uploads\/2022\/03\/african-business-male-people-shaking-hands-300x200.jpg 300w, https:\/\/groupearno.com\/wp-content\/uploads\/2022\/03\/african-business-male-people-shaking-hands-768x512.jpg 768w, https:\/\/groupearno.com\/wp-content\/uploads\/2022\/03\/african-business-male-people-shaking-hands-1536x1024.jpg 1536w, https:\/\/groupearno.com\/wp-content\/uploads\/2022\/03\/african-business-male-people-shaking-hands-2048x1365.jpg 2048w, https:\/\/groupearno.com\/wp-content\/uploads\/2022\/03\/african-business-male-people-shaking-hands-1200x800.jpg 1200w, https:\/\/groupearno.com\/wp-content\/uploads\/2022\/03\/african-business-male-people-shaking-hands-1980x1320.jpg 1980w, https:\/\/groupearno.com\/wp-content\/uploads\/2022\/03\/african-business-male-people-shaking-hands-24x16.jpg 24w, https:\/\/groupearno.com\/wp-content\/uploads\/2022\/03\/african-business-male-people-shaking-hands-36x24.jpg 36w, https:\/\/groupearno.com\/wp-content\/uploads\/2022\/03\/african-business-male-people-shaking-hands-48x32.jpg 48w\" sizes=\"(max-width: 580px) 100vw, 580px\" \/>\t\t\t\t\t\t\t\t\t\t\t\t\t\t\t<\/div>\n\t\t\t\t<\/div>\n\t\t\t\t\t<\/div>\n\t\t<\/div>\n\t\t\t\t<div class=\"elementor-column elementor-col-50 elementor-top-column elementor-element elementor-element-351a407\" data-id=\"351a407\" data-element_type=\"column\">\n\t\t\t<div class=\"elementor-widget-wrap elementor-element-populated\">\n\t\t\t\t\t\t\t\t<div class=\"elementor-element elementor-element-9174a24 elementor-widget elementor-widget-heading\" data-id=\"9174a24\" data-element_type=\"widget\" data-widget_type=\"heading.default\">\n\t\t\t\t<div class=\"elementor-widget-container\">\n\t\t\t<h3 class=\"elementor-heading-title elementor-size-default\">\u00c9tablir  des relations de confiance avec nos clients et nos partenaires.<\/h3>\t\t<\/div>\n\t\t\t\t<\/div>\n\t\t\t\t<div class=\"elementor-element elementor-element-e4ee10e elementor-widget elementor-widget-text-editor\" data-id=\"e4ee10e\" data-element_type=\"widget\" data-widget_type=\"text-editor.default\">\n\t\t\t\t<div class=\"elementor-widget-container\">\n\t\t\t\t\t\t\t<p>L\u2019esprit d\u2019\u00e9quipe et l&#8217;esprit de famille sont au coeur de notre travail. Nous marchons main dans la main avec nos clients sur le long terme et notre fiert\u00e9 est d\u2019\u00eatre le partenaire de confiance dont ils ont besoin pour faire avancer le monde un peu plus chaque jour. Nous mettons en place des partenariats forts visant \u00e0 augmenter notre impact de fa\u00e7on positive sur l&#8217;ensemble des populations.<\/p>\t\t\t\t\t\t<\/div>\n\t\t\t\t<\/div>\n\t\t\t\t\t<\/div>\n\t\t<\/div>\n\t\t\t\t\t\t\t<\/div>\n\t\t<\/section>\n\t\t\t\t\t\t<\/div>\n\t\t\t\t\t<\/div>\n\t\t","protected":false},"excerpt":{"rendered":"<p>Notre mission Construire ensemble un monde meilleur et durable en apportant des solutions qui am\u00e9liorent le quotidien et le bien-\u00eatre des populations. Telle est la vision de M. Anestis Arnopoulos pour le groupe Arno .Une vision encore bien ancr\u00e9e aujourd\u2019hui et que la 3i\u00e8me g\u00e9n\u00e9ration Arnopoulos s\u2019att\u00e8le \u00e0 v\u00e9hiculer au quotidien dans toutes les actions [&hellip;]<\/p>\n","protected":false},"author":1,"featured_media":0,"parent":0,"menu_order":0,"comment_status":"closed","ping_status":"closed","template":"","meta":[],"_links":{"self":[{"href":"https:\/\/groupearno.com\/fr\/wp-json\/wp\/v2\/pages\/552"}],"collection":[{"href":"https:\/\/groupearno.com\/fr\/wp-json\/wp\/v2\/pages"}],"about":[{"href":"https:\/\/groupearno.com\/fr\/wp-json\/wp\/v2\/types\/page"}],"author":[{"embeddable":true,"href":"https:\/\/groupearno.com\/fr\/wp-json\/wp\/v2\/users\/1"}],"replies":[{"embeddable":true,"href":"https:\/\/groupearno.com\/fr\/wp-json\/wp\/v2\/comments?post=552"}],"version-history":[{"count":126,"href":"https:\/\/groupearno.com\/fr\/wp-json\/wp\/v2\/pages\/552\/revisions"}],"predecessor-version":[{"id":9387,"href":"https:\/\/groupearno.com\/fr\/wp-json\/wp\/v2\/pages\/552\/revisions\/9387"}],"wp:attachment":[{"href":"https:\/\/groupearno.com\/fr\/wp-json\/wp\/v2\/media?parent=552"}],"curies":[{"name":"wp","href":"https:\/\/api.w.org\/{rel}","templated":true}]}}