{"id":528,"date":"2021-12-03T13:48:45","date_gmt":"2021-12-03T12:48:45","guid":{"rendered":"https:\/\/groupearno.com\/?page_id=528"},"modified":"2021-12-07T16:41:52","modified_gmt":"2021-12-07T15:41:52","slug":"notre-vision","status":"publish","type":"page","link":"https:\/\/groupearno.com\/fr\/notre-vision\/","title":{"rendered":"Notre vision"},"content":{"rendered":"\t\t<div data-elementor-type=\"wp-page\" data-elementor-id=\"528\" class=\"elementor elementor-528\" data-elementor-settings=\"[]\">\n\t\t\t\t\t\t\t<div class=\"elementor-section-wrap\">\n\t\t\t\t\t\t\t<section class=\"elementor-section elementor-top-section elementor-element elementor-element-04b92fe elementor-section-full_width topbanner elementor-section-height-default elementor-section-height-default\" data-id=\"04b92fe\" data-element_type=\"section\" data-settings=\"{&quot;background_background&quot;:&quot;classic&quot;}\">\n\t\t\t\t\t\t<div class=\"elementor-container elementor-column-gap-default\">\n\t\t\t\t\t<div class=\"elementor-column elementor-col-100 elementor-top-column elementor-element elementor-element-b85d878\" data-id=\"b85d878\" data-element_type=\"column\">\n\t\t\t<div class=\"elementor-widget-wrap elementor-element-populated\">\n\t\t\t\t\t\t\t\t<div class=\"elementor-element elementor-element-ec7830b elementor-widget elementor-widget-text-editor\" data-id=\"ec7830b\" data-element_type=\"widget\" data-widget_type=\"text-editor.default\">\n\t\t\t\t<div class=\"elementor-widget-container\">\n\t\t\t\t\t\t\t<h1>Notre <span style=\"font-weight:700;color: #a7c2e4;\">vision<\/span><\/h1>\nImaginons ensemble un monde meilleur.\t\t\t\t\t\t<\/div>\n\t\t\t\t<\/div>\n\t\t\t\t\t<\/div>\n\t\t<\/div>\n\t\t\t\t\t\t\t<\/div>\n\t\t<\/section>\n\t\t\t\t<section class=\"elementor-section elementor-top-section elementor-element elementor-element-e99d091 elementor-section-full_width elementor-section-height-default elementor-section-height-default\" data-id=\"e99d091\" data-element_type=\"section\">\n\t\t\t\t\t\t<div class=\"elementor-container elementor-column-gap-default\">\n\t\t\t\t\t<div class=\"elementor-column elementor-col-100 elementor-top-column elementor-element elementor-element-8574596\" data-id=\"8574596\" data-element_type=\"column\">\n\t\t\t<div class=\"elementor-widget-wrap elementor-element-populated\">\n\t\t\t\t\t\t\t\t<div class=\"elementor-element elementor-element-d044337 elementor-widget elementor-widget-text-editor\" data-id=\"d044337\" data-element_type=\"widget\" data-widget_type=\"text-editor.default\">\n\t\t\t\t<div class=\"elementor-widget-container\">\n\t\t\t\t\t\t\tTelle \u00e9tait la vision de M.Anestis Arnopoulos pour le groupe Arno : <strong style=\"color: #272e68;\">De\u0301velopper son pays d\u2019accueil, le Cameroun et apporter des solutions qui am\u00e9liorent le quotidien des Camerounais.<\/strong>\nUne vision encore bien ancr\u00e9e aujourd\u2019hui et que la 3i\u00e8me g\u00e9n\u00e9ration Arnopoulos s\u2019att\u00e8le \u00e0 v\u00e9hiculer au quotidien dans toutes les actions que le Groupe entreprend.\nConstruire l\u2019Afrique de demain en b\u00e2tissant une vie meilleure pour tous les Africains maintenant et pour les g\u00e9n\u00e9rations futures est notre letmotiv.\n<strong style=\"color: #272e68;\">Notre mission premi\u00e8re est d\u2019Am\u00e9liorer le quotidien et le bien-e\u0302tre des populations en leur offrant un acce\u0300s a\u0300 des produits et services de qualite\u0301 et durables.<\/strong>\nC\u2019est pourquoi nous Mettons un point d\u2019honneur a\u0300 la qualite\u0301 de nos services pour toujours garantir la satisfaction de nos clients.\n<div class=\"titleh2cote\">\n<h2>Participer a\u0300 l\u2019essor et le de\u0301veloppement de notre terre d\u2019accueil<\/h2>\nDepuis biento\u0302t 60 ans, Le groupe ARNO s\u2019inscrit dans le paysage Camerounais et il est plus que de\u0301termine\u0301 a\u0300 accompagner Le Cameroun dans sa que\u0302te d\u2019e\u0301mergence.\nNous mettons a\u0300 profit notre expertise et notre savoir-faire afin de garantir en permanence la qualite\u0301 de nos produits et services. Nous sommes a\u0300 l\u2019e\u0301coute de nos clients et des besoins du marche\u0301.. L\u2019innovation est une de nos valeurs et elle est au coeur de notre action.\n\n<\/div>\n<div class=\"titleh2cote\">\n<h2>Transmettre notre savoir-faire pour les ge\u0301ne\u0301rations futures<\/h2>\nDepuis plus de 20 ans, Chez ARNO, nous valorisons la transmission des savoir-faire. Pour favoriser l\u2019e\u0301volution professionnelle de nos collaborateurs et afin de d\u00e9velopper leurs comp\u00e9tences, nous avons mis sur pied un programme en interne qui donnent la possibilit\u00e9\u0301 a\u0300 des jeunes diplome\u0301s d\u2019acque\u0301rir de l\u2019expe\u0301rience professionnel, de d\u00e9couvrir les me\u0301tiers de demain et de recevoir une formation de qualite\u0301 qui leur permettra de pouvoir a\u0300 leur tour prendre leur envol.\nNous sommes une famillle d\u2019entrepreneurs qui engendrent des entrepreneurs Telle est notre empreinte.\n\n<\/div>\t\t\t\t\t\t<\/div>\n\t\t\t\t<\/div>\n\t\t\t\t\t<\/div>\n\t\t<\/div>\n\t\t\t\t\t\t\t<\/div>\n\t\t<\/section>\n\t\t\t\t\t\t<\/div>\n\t\t\t\t\t<\/div>\n\t\t","protected":false},"excerpt":{"rendered":"<p>Notre vision Imaginons ensemble un monde meilleur.Telle \u00e9tait la vision de M.Anestis Arnopoulos pour le groupe Arno : De\u0301velopper son pays d\u2019accueil, le Cameroun et apporter des solutions qui am\u00e9liorent le quotidien des Camerounais. Une vision encore bien ancr\u00e9e aujourd\u2019hui et que la 3i\u00e8me g\u00e9n\u00e9ration Arnopoulos s\u2019att\u00e8le \u00e0 v\u00e9hiculer au quotidien dans toutes les actions [&hellip;]<\/p>\n","protected":false},"author":1,"featured_media":0,"parent":0,"menu_order":0,"comment_status":"closed","ping_status":"closed","template":"","meta":[],"_links":{"self":[{"href":"https:\/\/groupearno.com\/fr\/wp-json\/wp\/v2\/pages\/528"}],"collection":[{"href":"https:\/\/groupearno.com\/fr\/wp-json\/wp\/v2\/pages"}],"about":[{"href":"https:\/\/groupearno.com\/fr\/wp-json\/wp\/v2\/types\/page"}],"author":[{"embeddable":true,"href":"https:\/\/groupearno.com\/fr\/wp-json\/wp\/v2\/users\/1"}],"replies":[{"embeddable":true,"href":"https:\/\/groupearno.com\/fr\/wp-json\/wp\/v2\/comments?post=528"}],"version-history":[{"count":0,"href":"https:\/\/groupearno.com\/fr\/wp-json\/wp\/v2\/pages\/528\/revisions"}],"wp:attachment":[{"href":"https:\/\/groupearno.com\/fr\/wp-json\/wp\/v2\/media?parent=528"}],"curies":[{"name":"wp","href":"https:\/\/api.w.org\/{rel}","templated":true}]}}