{"id":2902,"date":"2021-12-30T08:17:16","date_gmt":"2021-12-30T07:17:16","guid":{"rendered":"https:\/\/groupearno.com\/?page_id=2902"},"modified":"2022-04-25T17:33:35","modified_gmt":"2022-04-25T15:33:35","slug":"documentation","status":"publish","type":"page","link":"https:\/\/groupearno.com\/fr\/documentation\/","title":{"rendered":"Documentation"},"content":{"rendered":"\t\t<div data-elementor-type=\"wp-page\" data-elementor-id=\"2902\" class=\"elementor elementor-2902\" data-elementor-settings=\"[]\">\n\t\t\t\t\t\t\t<div class=\"elementor-section-wrap\">\n\t\t\t\t\t\t\t<section class=\"elementor-section elementor-top-section elementor-element elementor-element-9f6e98f elementor-section-full_width topbanner banner_doccumentation elementor-section-height-default elementor-section-height-default\" data-id=\"9f6e98f\" data-element_type=\"section\" data-settings=\"{&quot;background_background&quot;:&quot;classic&quot;}\">\n\t\t\t\t\t\t<div class=\"elementor-container elementor-column-gap-default\">\n\t\t\t\t\t<div class=\"elementor-column elementor-col-100 elementor-top-column elementor-element elementor-element-1872803 maxwidth1025\" data-id=\"1872803\" data-element_type=\"column\">\n\t\t\t<div class=\"elementor-widget-wrap elementor-element-populated\">\n\t\t\t\t\t\t\t\t<div class=\"elementor-element elementor-element-79b699c topactutitle5 elementor-widget elementor-widget-heading\" data-id=\"79b699c\" data-element_type=\"widget\" data-widget_type=\"heading.default\">\n\t\t\t\t<div class=\"elementor-widget-container\">\n\t\t\t<h2 class=\"elementor-heading-title elementor-size-default\">ACTUALIT\u00c9S<\/h2>\t\t<\/div>\n\t\t\t\t<\/div>\n\t\t\t\t\t<\/div>\n\t\t<\/div>\n\t\t\t\t\t\t\t<\/div>\n\t\t<\/section>\n\t\t\t\t<section class=\"elementor-section elementor-top-section elementor-element elementor-element-9823856 elementor-section-boxed elementor-section-height-default elementor-section-height-default\" data-id=\"9823856\" data-element_type=\"section\">\n\t\t\t\t\t\t<div class=\"elementor-container elementor-column-gap-default\">\n\t\t\t\t\t<div class=\"elementor-column elementor-col-100 elementor-top-column elementor-element elementor-element-44b09d3\" data-id=\"44b09d3\" data-element_type=\"column\">\n\t\t\t<div class=\"elementor-widget-wrap elementor-element-populated\">\n\t\t\t\t\t\t\t\t<div class=\"elementor-element elementor-element-7221e15 elementor-widget elementor-widget-spacer\" data-id=\"7221e15\" data-element_type=\"widget\" data-widget_type=\"spacer.default\">\n\t\t\t\t<div class=\"elementor-widget-container\">\n\t\t\t\t\t<div class=\"elementor-spacer\">\n\t\t\t<div class=\"elementor-spacer-inner\"><\/div>\n\t\t<\/div>\n\t\t\t\t<\/div>\n\t\t\t\t<\/div>\n\t\t\t\t\t<\/div>\n\t\t<\/div>\n\t\t\t\t\t\t\t<\/div>\n\t\t<\/section>\n\t\t\t\t<section class=\"elementor-section elementor-top-section elementor-element elementor-element-ed48860 elementor-section-boxed elementor-section-height-default elementor-section-height-default\" data-id=\"ed48860\" data-element_type=\"section\">\n\t\t\t\t\t\t<div class=\"elementor-container elementor-column-gap-default\">\n\t\t\t\t\t<div class=\"elementor-column elementor-col-100 elementor-top-column elementor-element elementor-element-6a77a19\" data-id=\"6a77a19\" data-element_type=\"column\">\n\t\t\t<div class=\"elementor-widget-wrap elementor-element-populated\">\n\t\t\t\t\t\t\t\t<div class=\"elementor-element elementor-element-44fe798 elementor-widget elementor-widget-text-editor\" data-id=\"44fe798\" data-element_type=\"widget\" data-widget_type=\"text-editor.default\">\n\t\t\t\t<div class=\"elementor-widget-container\">\n\t\t\t\t\t\t\t<p>Nos notes d&#8217;informations, des focus sur nos m\u00e9tiers et solutions, notre bulletins d&#8217;information ou encore nos r\u00e9cents partenariats ou changements au sein du groupe: d\u00e9couvrez nos actualit\u00e9s.<\/p>\t\t\t\t\t\t<\/div>\n\t\t\t\t<\/div>\n\t\t\t\t\t<\/div>\n\t\t<\/div>\n\t\t\t\t\t\t\t<\/div>\n\t\t<\/section>\n\t\t\t\t<section class=\"elementor-section elementor-top-section elementor-element elementor-element-a7511ee maxwidth1025 elementor-section-boxed elementor-section-height-default elementor-section-height-default\" data-id=\"a7511ee\" data-element_type=\"section\">\n\t\t\t\t\t\t<div class=\"elementor-container elementor-column-gap-default\">\n\t\t\t\t\t<div class=\"elementor-column elementor-col-100 elementor-top-column elementor-element elementor-element-7991767\" data-id=\"7991767\" data-element_type=\"column\">\n\t\t\t<div class=\"elementor-widget-wrap elementor-element-populated\">\n\t\t\t\t\t\t\t\t<div class=\"elementor-element elementor-element-353fc63 elementor-widget elementor-widget-heading\" data-id=\"353fc63\" data-element_type=\"widget\" data-widget_type=\"heading.default\">\n\t\t\t\t<div class=\"elementor-widget-container\">\n\t\t\t<h2 class=\"elementor-heading-title elementor-size-default\">Le journal interne<\/h2>\t\t<\/div>\n\t\t\t\t<\/div>\n\t\t\t\t<div class=\"elementor-element elementor-element-b79900d elementor-widget elementor-widget-shortcode\" data-id=\"b79900d\" data-element_type=\"widget\" data-widget_type=\"shortcode.default\">\n\t\t\t\t<div class=\"elementor-widget-container\">\n\t\t\t\t\t<div class=\"elementor-shortcode\">        <div id=\"arnocom\" class=\"arnocom arnomedia arnopostpress\">\n        <div class=\"arnopostlist\">\n                            <div class=\"arnopostlist_slider displayflex\">\n                                            <div class=\"post_item col-xs-12 col-sm-6 col-md-4\">\n                            <div class=\"post_item_cover\">\n                                <div class=\"post_item_img\">\n                                    <a href=\"https:\/\/groupearno.com\/fr\/bulletin-1er-semestre-2023\/\" title=\"\">\n                                        <img decoding=\"async\" src=\"https:\/\/groupearno.com\/wp-content\/uploads\/2022\/03\/arno-news.png\" alt=\"\" style=\"height: 200px;object-fit: cover;    width: 100%;\">\n                                    <\/a>\n                                <\/div>\n                                <div class=\"post_item_texte\">\n                                    <div class=\"post_desc\">\n                                        <a href=\"https:\/\/groupearno.com\/fr\/bulletin-1er-semestre-2023\/\" title=\"\">Bulletin 1er semestre 2023...<\/a>\n                                    <\/div>\n                                    <div class=\"post_date\">Publi\u00e9 dimanche 10 septembre 2023<\/div>\n                                <\/div>\n                            <\/div>\n                        <\/div>\n                                            <div class=\"post_item col-xs-12 col-sm-6 col-md-4\">\n                            <div class=\"post_item_cover\">\n                                <div class=\"post_item_img\">\n                                    <a href=\"https:\/\/groupearno.com\/fr\/arno-news-oct-2021\/\" title=\"\">\n                                        <img decoding=\"async\" src=\"https:\/\/groupearno.com\/wp-content\/uploads\/2022\/03\/arno-news.png\" alt=\"\" style=\"height: 200px;object-fit: cover;    width: 100%;\">\n                                    <\/a>\n                                <\/div>\n                                <div class=\"post_item_texte\">\n                                    <div class=\"post_desc\">\n                                        <a href=\"https:\/\/groupearno.com\/fr\/arno-news-oct-2021\/\" title=\"\">ARNO NEWS oct 2021...<\/a>\n                                    <\/div>\n                                    <div class=\"post_date\">Publi\u00e9 vendredi 11 mars 2022<\/div>\n                                <\/div>\n                            <\/div>\n                        <\/div>\n                                    <\/div>\n                    <\/div>\n    <\/div>\n<\/div>\n\t\t\t\t<\/div>\n\t\t\t\t<\/div>\n\t\t\t\t\t<\/div>\n\t\t<\/div>\n\t\t\t\t\t\t\t<\/div>\n\t\t<\/section>\n\t\t\t\t\t\t<\/div>\n\t\t\t\t\t<\/div>\n\t\t","protected":false},"excerpt":{"rendered":"<p>ACTUALIT\u00c9S Nos notes d&#8217;informations, des focus sur nos m\u00e9tiers et solutions, notre bulletins d&#8217;information ou encore nos r\u00e9cents partenariats ou changements au sein du groupe: d\u00e9couvrez nos actualit\u00e9s. Le journal interne<\/p>\n","protected":false},"author":1,"featured_media":0,"parent":0,"menu_order":0,"comment_status":"closed","ping_status":"closed","template":"page-banner.php","meta":[],"_links":{"self":[{"href":"https:\/\/groupearno.com\/fr\/wp-json\/wp\/v2\/pages\/2902"}],"collection":[{"href":"https:\/\/groupearno.com\/fr\/wp-json\/wp\/v2\/pages"}],"about":[{"href":"https:\/\/groupearno.com\/fr\/wp-json\/wp\/v2\/types\/page"}],"author":[{"embeddable":true,"href":"https:\/\/groupearno.com\/fr\/wp-json\/wp\/v2\/users\/1"}],"replies":[{"embeddable":true,"href":"https:\/\/groupearno.com\/fr\/wp-json\/wp\/v2\/comments?post=2902"}],"version-history":[{"count":15,"href":"https:\/\/groupearno.com\/fr\/wp-json\/wp\/v2\/pages\/2902\/revisions"}],"predecessor-version":[{"id":8147,"href":"https:\/\/groupearno.com\/fr\/wp-json\/wp\/v2\/pages\/2902\/revisions\/8147"}],"wp:attachment":[{"href":"https:\/\/groupearno.com\/fr\/wp-json\/wp\/v2\/media?parent=2902"}],"curies":[{"name":"wp","href":"https:\/\/api.w.org\/{rel}","templated":true}]}}