{"id":2237,"date":"2021-12-22T17:19:40","date_gmt":"2021-12-22T16:19:40","guid":{"rendered":"https:\/\/groupearno.com\/?page_id=2237"},"modified":"2022-01-01T10:40:19","modified_gmt":"2022-01-01T09:40:19","slug":"nos-realisations","status":"publish","type":"page","link":"https:\/\/groupearno.com\/fr\/nos-realisations\/","title":{"rendered":"Nos r\u00e9alisations"},"content":{"rendered":"\t\t<div data-elementor-type=\"wp-page\" data-elementor-id=\"2237\" class=\"elementor elementor-2237\" data-elementor-settings=\"[]\">\n\t\t\t\t\t\t\t<div class=\"elementor-section-wrap\">\n\t\t\t\t\t\t\t<section class=\"elementor-section elementor-top-section elementor-element elementor-element-9f6e98f elementor-section-full_width topbanner entities_banner elementor-section-height-default elementor-section-height-default\" data-id=\"9f6e98f\" data-element_type=\"section\" data-settings=\"{&quot;background_background&quot;:&quot;classic&quot;}\">\n\t\t\t\t\t\t<div class=\"elementor-container elementor-column-gap-default\">\n\t\t\t\t\t<div class=\"elementor-column elementor-col-100 elementor-top-column elementor-element elementor-element-9d96abf\" data-id=\"9d96abf\" data-element_type=\"column\">\n\t\t\t<div class=\"elementor-widget-wrap elementor-element-populated\">\n\t\t\t\t\t\t\t\t<div class=\"elementor-element elementor-element-d505524 entities_title titleh2 elementor-widget elementor-widget-heading\" data-id=\"d505524\" data-element_type=\"widget\" data-widget_type=\"heading.default\">\n\t\t\t\t<div class=\"elementor-widget-container\">\n\t\t\t<h1 class=\"elementor-heading-title elementor-size-default\">Nous avons \u00e0 notre actif <span style=\"\">Plusieurs r\u00e9alisations<\/span><\/h1>\t\t<\/div>\n\t\t\t\t<\/div>\n\t\t\t\t\t<\/div>\n\t\t<\/div>\n\t\t\t\t\t\t\t<\/div>\n\t\t<\/section>\n\t\t\t\t<section class=\"elementor-section elementor-top-section elementor-element elementor-element-83c2ae7 elementor-section-full_width box_realisations sliderprojets_realises elementor-section-height-default elementor-section-height-default\" data-id=\"83c2ae7\" data-element_type=\"section\">\n\t\t\t\t\t\t<div class=\"elementor-container elementor-column-gap-default\">\n\t\t\t\t\t<div class=\"elementor-column elementor-col-100 elementor-top-column elementor-element elementor-element-3cad908 slider_accordeon\" data-id=\"3cad908\" data-element_type=\"column\">\n\t\t\t<div class=\"elementor-widget-wrap elementor-element-populated\">\n\t\t\t\t\t\t\t\t<div class=\"elementor-element elementor-element-6fcceba title_box_realisation elementor-widget elementor-widget-heading\" data-id=\"6fcceba\" data-element_type=\"widget\" data-widget_type=\"heading.default\">\n\t\t\t\t<div class=\"elementor-widget-container\">\n\t\t\t<h2 class=\"elementor-heading-title elementor-size-default\">Distribution<\/h2>\t\t<\/div>\n\t\t\t\t<\/div>\n\t\t\t\t<div class=\"elementor-element elementor-element-be67d60 box_real_intro elementor-widget elementor-widget-text-editor\" data-id=\"be67d60\" data-element_type=\"widget\" data-widget_type=\"text-editor.default\">\n\t\t\t\t<div class=\"elementor-widget-container\">\n\t\t\t\t\t\t\tLe p\u00f4le Distribution constitue l\u2019activit\u00e9 historique du Groupe \u00e0 savoir le commerce de gros via l\u2019import-export de biens de consommation.\t\t\t\t\t\t<\/div>\n\t\t\t\t<\/div>\n\t\t\t\t<div class=\"elementor-element elementor-element-37b306c imageslider elementor-widget elementor-widget-eael-image-accordion\" data-id=\"37b306c\" data-element_type=\"widget\" data-widget_type=\"eael-image-accordion.default\">\n\t\t\t\t<div class=\"elementor-widget-container\">\n\t\t\t    <div class=\"eael-img-accordion accordion-direction-horizontal eael-img-accordion-horizontal-align-center eael-img-accordion-vertical-align-center\" id=\"eael-img-accordion-37b306c\" data-img-accordion-id=\"37b306c\" data-img-accordion-type=\"on-hover\">\n                    \n            <a href=\"#\/\" class=\"eael-image-accordion-hover\" style=\"background-image: url(https:\/\/groupearno.com\/wp-content\/uploads\/2021\/12\/Picture-1-3.png);\"  tabindex=\"0\">\n            <div class=\"overlay\">\n                <div class=\"overlay-inner\">\n                    <div class=\"overlay-inner \">\n                        <h2 class=\"img-accordion-title\">L\u00e9gende 1<\/h2>                        <p><\/p>\n                    <\/div>\n                <\/div>\n            <\/div>\n            <\/a>\n                    \n            <a href=\"#\/\" class=\"eael-image-accordion-hover\" style=\"background-image: url(https:\/\/groupearno.com\/wp-content\/uploads\/2021\/12\/Picture-2-1.png);\"  tabindex=\"1\">\n            <div class=\"overlay\">\n                <div class=\"overlay-inner\">\n                    <div class=\"overlay-inner \">\n                        <h2 class=\"img-accordion-title\">L\u00e9gende 2<\/h2>                        <p><\/p>\n                    <\/div>\n                <\/div>\n            <\/div>\n            <\/a>\n                    \n            <a href=\"#\/\" class=\"eael-image-accordion-hover\" style=\"background-image: url(https:\/\/groupearno.com\/wp-content\/uploads\/2021\/12\/Picture-3-1.png);\"  tabindex=\"2\">\n            <div class=\"overlay\">\n                <div class=\"overlay-inner\">\n                    <div class=\"overlay-inner \">\n                        <h2 class=\"img-accordion-title\">L\u00e9gende 3<\/h2>                        <p><\/p>\n                    <\/div>\n                <\/div>\n            <\/div>\n            <\/a>\n                    \n            <a href=\"#\/\" class=\"eael-image-accordion-hover\" style=\"background-image: url(https:\/\/groupearno.com\/wp-content\/uploads\/2021\/12\/Picture-5.png);\"  tabindex=\"3\">\n            <div class=\"overlay\">\n                <div class=\"overlay-inner\">\n                    <div class=\"overlay-inner \">\n                        <h2 class=\"img-accordion-title\">L\u00e9gende 4<\/h2>                        <p><\/p>\n                    <\/div>\n                <\/div>\n            <\/div>\n            <\/a>\n                    \n            <a href=\"#\/\" class=\"eael-image-accordion-hover\" style=\"background-image: url(https:\/\/groupearno.com\/wp-content\/uploads\/2021\/12\/d96520546bff86e8da634e2b4972f801.png);\"  tabindex=\"4\">\n            <div class=\"overlay\">\n                <div class=\"overlay-inner\">\n                    <div class=\"overlay-inner \">\n                        <h2 class=\"img-accordion-title\">L\u00e9gende 5<\/h2>                        <p><\/p>\n                    <\/div>\n                <\/div>\n            <\/div>\n            <\/a>\n                    \n            <a href=\"#\/\" class=\"eael-image-accordion-hover\" style=\"background-image: url(https:\/\/groupearno.com\/wp-content\/uploads\/2021\/12\/Picture-2-1.png);\"  tabindex=\"5\">\n            <div class=\"overlay\">\n                <div class=\"overlay-inner\">\n                    <div class=\"overlay-inner \">\n                        <h2 class=\"img-accordion-title\">L\u00e9gende 6<\/h2>                        <p><\/p>\n                    <\/div>\n                <\/div>\n            <\/div>\n            <\/a>\n                <\/div>\n        <style typr=\"text\/css\">\n                    #eael-img-accordion-37b306c .eael-image-accordion-hover:hover {\n                        flex: 3 1 0% !important;\n                    }\n                    #eael-img-accordion-37b306c .eael-image-accordion-hover:hover:hover .overlay-inner * {\n                        opacity: 1;\n                        visibility: visible;\n                        transform: none;\n                        transition: all .3s .3s;\n                    }\n                <\/style>\t\t<\/div>\n\t\t\t\t<\/div>\n\t\t\t\t\t<\/div>\n\t\t<\/div>\n\t\t\t\t\t\t\t<\/div>\n\t\t<\/section>\n\t\t\t\t<section class=\"elementor-section elementor-top-section elementor-element elementor-element-f127892 elementor-section-full_width box_realisations sliderprojets_realises elementor-section-height-default elementor-section-height-default\" data-id=\"f127892\" data-element_type=\"section\">\n\t\t\t\t\t\t<div class=\"elementor-container elementor-column-gap-default\">\n\t\t\t\t\t<div class=\"elementor-column elementor-col-100 elementor-top-column elementor-element elementor-element-489b906\" data-id=\"489b906\" data-element_type=\"column\">\n\t\t\t<div class=\"elementor-widget-wrap elementor-element-populated\">\n\t\t\t\t\t\t\t\t<div class=\"elementor-element elementor-element-8321227 title_box_realisation elementor-widget elementor-widget-heading\" data-id=\"8321227\" data-element_type=\"widget\" data-widget_type=\"heading.default\">\n\t\t\t\t<div class=\"elementor-widget-container\">\n\t\t\t<h2 class=\"elementor-heading-title elementor-size-default\">Energie<\/h2>\t\t<\/div>\n\t\t\t\t<\/div>\n\t\t\t\t<div class=\"elementor-element elementor-element-4af4490 box_real_intro elementor-widget elementor-widget-text-editor\" data-id=\"4af4490\" data-element_type=\"widget\" data-widget_type=\"text-editor.default\">\n\t\t\t\t<div class=\"elementor-widget-container\">\n\t\t\t\t\t\t\tLe p\u00f4le ENERGY va se concentrer principalement sur la production, le transport et la distribution d\u2019energie.\t\t\t\t\t\t<\/div>\n\t\t\t\t<\/div>\n\t\t\t\t<div class=\"elementor-element elementor-element-e2d05c5 imageslider elementor-widget elementor-widget-eael-image-accordion\" data-id=\"e2d05c5\" data-element_type=\"widget\" data-widget_type=\"eael-image-accordion.default\">\n\t\t\t\t<div class=\"elementor-widget-container\">\n\t\t\t    <div class=\"eael-img-accordion accordion-direction-horizontal eael-img-accordion-horizontal-align-center eael-img-accordion-vertical-align-center\" id=\"eael-img-accordion-e2d05c5\" data-img-accordion-id=\"e2d05c5\" data-img-accordion-type=\"on-hover\">\n                    \n            <a href=\"#\/\" class=\"eael-image-accordion-hover\" style=\"background-image: url(https:\/\/groupearno.com\/wp-content\/uploads\/2021\/12\/Picture-1-3.png);\"  tabindex=\"0\">\n            <div class=\"overlay\">\n                <div class=\"overlay-inner\">\n                    <div class=\"overlay-inner \">\n                        <h2 class=\"img-accordion-title\">L\u00e9gende 1<\/h2>                        <p><\/p>\n                    <\/div>\n                <\/div>\n            <\/div>\n            <\/a>\n                    \n            <a href=\"#\/\" class=\"eael-image-accordion-hover\" style=\"background-image: url(https:\/\/groupearno.com\/wp-content\/uploads\/2021\/12\/Picture-2-1.png);\"  tabindex=\"1\">\n            <div class=\"overlay\">\n                <div class=\"overlay-inner\">\n                    <div class=\"overlay-inner \">\n                        <h2 class=\"img-accordion-title\">L\u00e9gende 2<\/h2>                        <p><\/p>\n                    <\/div>\n                <\/div>\n            <\/div>\n            <\/a>\n                    \n            <a href=\"#\/\" class=\"eael-image-accordion-hover\" style=\"background-image: url(https:\/\/groupearno.com\/wp-content\/uploads\/2021\/12\/Picture-3-1.png);\"  tabindex=\"2\">\n            <div class=\"overlay\">\n                <div class=\"overlay-inner\">\n                    <div class=\"overlay-inner \">\n                        <h2 class=\"img-accordion-title\">L\u00e9gende 3<\/h2>                        <p><\/p>\n                    <\/div>\n                <\/div>\n            <\/div>\n            <\/a>\n                    \n            <a href=\"#\/\" class=\"eael-image-accordion-hover\" style=\"background-image: url(https:\/\/groupearno.com\/wp-content\/uploads\/2021\/12\/Picture-5.png);\"  tabindex=\"3\">\n            <div class=\"overlay\">\n                <div class=\"overlay-inner\">\n                    <div class=\"overlay-inner \">\n                        <h2 class=\"img-accordion-title\">L\u00e9gende 4<\/h2>                        <p><\/p>\n                    <\/div>\n                <\/div>\n            <\/div>\n            <\/a>\n                    \n            <a href=\"#\/\" class=\"eael-image-accordion-hover\" style=\"background-image: url(https:\/\/groupearno.com\/wp-content\/uploads\/2021\/12\/d96520546bff86e8da634e2b4972f801.png);\"  tabindex=\"4\">\n            <div class=\"overlay\">\n                <div class=\"overlay-inner\">\n                    <div class=\"overlay-inner \">\n                        <h2 class=\"img-accordion-title\">L\u00e9gende 5<\/h2>                        <p><\/p>\n                    <\/div>\n                <\/div>\n            <\/div>\n            <\/a>\n                    \n            <a href=\"#\/\" class=\"eael-image-accordion-hover\" style=\"background-image: url(https:\/\/groupearno.com\/wp-content\/uploads\/2021\/12\/Picture-2-1.png);\"  tabindex=\"5\">\n            <div class=\"overlay\">\n                <div class=\"overlay-inner\">\n                    <div class=\"overlay-inner \">\n                        <h2 class=\"img-accordion-title\">L\u00e9gende 6<\/h2>                        <p><\/p>\n                    <\/div>\n                <\/div>\n            <\/div>\n            <\/a>\n                <\/div>\n        <style typr=\"text\/css\">\n                    #eael-img-accordion-e2d05c5 .eael-image-accordion-hover:hover {\n                        flex: 3 1 0% !important;\n                    }\n                    #eael-img-accordion-e2d05c5 .eael-image-accordion-hover:hover:hover .overlay-inner * {\n                        opacity: 1;\n                        visibility: visible;\n                        transform: none;\n                        transition: all .3s .3s;\n                    }\n                <\/style>\t\t<\/div>\n\t\t\t\t<\/div>\n\t\t\t\t\t<\/div>\n\t\t<\/div>\n\t\t\t\t\t\t\t<\/div>\n\t\t<\/section>\n\t\t\t\t<section class=\"elementor-section elementor-top-section elementor-element elementor-element-0f916ec elementor-section-full_width box_realisations sliderprojets_realises elementor-section-height-default elementor-section-height-default\" data-id=\"0f916ec\" data-element_type=\"section\">\n\t\t\t\t\t\t<div class=\"elementor-container elementor-column-gap-default\">\n\t\t\t\t\t<div class=\"elementor-column elementor-col-100 elementor-top-column elementor-element elementor-element-99f8dcd\" data-id=\"99f8dcd\" data-element_type=\"column\">\n\t\t\t<div class=\"elementor-widget-wrap elementor-element-populated\">\n\t\t\t\t\t\t\t\t<div class=\"elementor-element elementor-element-80492c2 title_box_realisation elementor-widget elementor-widget-heading\" data-id=\"80492c2\" data-element_type=\"widget\" data-widget_type=\"heading.default\">\n\t\t\t\t<div class=\"elementor-widget-container\">\n\t\t\t<h2 class=\"elementor-heading-title elementor-size-default\">Technologie<\/h2>\t\t<\/div>\n\t\t\t\t<\/div>\n\t\t\t\t<div class=\"elementor-element elementor-element-42d3feb box_real_intro elementor-widget elementor-widget-text-editor\" data-id=\"42d3feb\" data-element_type=\"widget\" data-widget_type=\"text-editor.default\">\n\t\t\t\t<div class=\"elementor-widget-container\">\n\t\t\t\t\t\t\tLe p\u00f4le technologies couvrira de nombreuses disciplines dont le Groupe a su acqu\u00e9rir au fil du temps une expertise imbattable.\t\t\t\t\t\t<\/div>\n\t\t\t\t<\/div>\n\t\t\t\t<div class=\"elementor-element elementor-element-ee4fea5 imageslider elementor-widget elementor-widget-eael-image-accordion\" data-id=\"ee4fea5\" data-element_type=\"widget\" data-widget_type=\"eael-image-accordion.default\">\n\t\t\t\t<div class=\"elementor-widget-container\">\n\t\t\t    <div class=\"eael-img-accordion accordion-direction-horizontal eael-img-accordion-horizontal-align-center eael-img-accordion-vertical-align-center\" id=\"eael-img-accordion-ee4fea5\" data-img-accordion-id=\"ee4fea5\" data-img-accordion-type=\"on-hover\">\n                    \n            <a href=\"#\/\" class=\"eael-image-accordion-hover\" style=\"background-image: url(https:\/\/groupearno.com\/wp-content\/uploads\/2021\/12\/Picture-1-3.png);\"  tabindex=\"0\">\n            <div class=\"overlay\">\n                <div class=\"overlay-inner\">\n                    <div class=\"overlay-inner \">\n                        <h2 class=\"img-accordion-title\">L\u00e9gende 1<\/h2>                        <p><\/p>\n                    <\/div>\n                <\/div>\n            <\/div>\n            <\/a>\n                    \n            <a href=\"#\/\" class=\"eael-image-accordion-hover\" style=\"background-image: url(https:\/\/groupearno.com\/wp-content\/uploads\/2021\/12\/Picture-2-1.png);\"  tabindex=\"1\">\n            <div class=\"overlay\">\n                <div class=\"overlay-inner\">\n                    <div class=\"overlay-inner \">\n                        <h2 class=\"img-accordion-title\">L\u00e9gende 2<\/h2>                        <p><\/p>\n                    <\/div>\n                <\/div>\n            <\/div>\n            <\/a>\n                    \n            <a href=\"#\/\" class=\"eael-image-accordion-hover\" style=\"background-image: url(https:\/\/groupearno.com\/wp-content\/uploads\/2021\/12\/Picture-3-1.png);\"  tabindex=\"2\">\n            <div class=\"overlay\">\n                <div class=\"overlay-inner\">\n                    <div class=\"overlay-inner \">\n                        <h2 class=\"img-accordion-title\">L\u00e9gende 3<\/h2>                        <p><\/p>\n                    <\/div>\n                <\/div>\n            <\/div>\n            <\/a>\n                    \n            <a href=\"#\/\" class=\"eael-image-accordion-hover\" style=\"background-image: url(https:\/\/groupearno.com\/wp-content\/uploads\/2021\/12\/Picture-5.png);\"  tabindex=\"3\">\n            <div class=\"overlay\">\n                <div class=\"overlay-inner\">\n                    <div class=\"overlay-inner \">\n                        <h2 class=\"img-accordion-title\">L\u00e9gende 4<\/h2>                        <p><\/p>\n                    <\/div>\n                <\/div>\n            <\/div>\n            <\/a>\n                    \n            <a href=\"#\/\" class=\"eael-image-accordion-hover\" style=\"background-image: url(https:\/\/groupearno.com\/wp-content\/uploads\/2021\/12\/d96520546bff86e8da634e2b4972f801.png);\"  tabindex=\"4\">\n            <div class=\"overlay\">\n                <div class=\"overlay-inner\">\n                    <div class=\"overlay-inner \">\n                        <h2 class=\"img-accordion-title\">L\u00e9gende 5<\/h2>                        <p><\/p>\n                    <\/div>\n                <\/div>\n            <\/div>\n            <\/a>\n                    \n            <a href=\"#\/\" class=\"eael-image-accordion-hover\" style=\"background-image: url(https:\/\/groupearno.com\/wp-content\/uploads\/2021\/12\/Picture-2-1.png);\"  tabindex=\"5\">\n            <div class=\"overlay\">\n                <div class=\"overlay-inner\">\n                    <div class=\"overlay-inner \">\n                        <h2 class=\"img-accordion-title\">L\u00e9gende 6<\/h2>                        <p><\/p>\n                    <\/div>\n                <\/div>\n            <\/div>\n            <\/a>\n                <\/div>\n        <style typr=\"text\/css\">\n                    #eael-img-accordion-ee4fea5 .eael-image-accordion-hover:hover {\n                        flex: 3 1 0% !important;\n                    }\n                    #eael-img-accordion-ee4fea5 .eael-image-accordion-hover:hover:hover .overlay-inner * {\n                        opacity: 1;\n                        visibility: visible;\n                        transform: none;\n                        transition: all .3s .3s;\n                    }\n                <\/style>\t\t<\/div>\n\t\t\t\t<\/div>\n\t\t\t\t\t<\/div>\n\t\t<\/div>\n\t\t\t\t\t\t\t<\/div>\n\t\t<\/section>\n\t\t\t\t<section class=\"elementor-section elementor-top-section elementor-element elementor-element-724e555 elementor-section-full_width box_realisations sliderprojets_realises elementor-section-height-default elementor-section-height-default\" data-id=\"724e555\" data-element_type=\"section\">\n\t\t\t\t\t\t<div class=\"elementor-container elementor-column-gap-default\">\n\t\t\t\t\t<div class=\"elementor-column elementor-col-100 elementor-top-column elementor-element elementor-element-484811d\" data-id=\"484811d\" data-element_type=\"column\">\n\t\t\t<div class=\"elementor-widget-wrap elementor-element-populated\">\n\t\t\t\t\t\t\t\t<div class=\"elementor-element elementor-element-c117e7f title_box_realisation elementor-widget elementor-widget-heading\" data-id=\"c117e7f\" data-element_type=\"widget\" data-widget_type=\"heading.default\">\n\t\t\t\t<div class=\"elementor-widget-container\">\n\t\t\t<h2 class=\"elementor-heading-title elementor-size-default\">Immobilier<\/h2>\t\t<\/div>\n\t\t\t\t<\/div>\n\t\t\t\t<div class=\"elementor-element elementor-element-dcc710a box_real_intro elementor-widget elementor-widget-text-editor\" data-id=\"dcc710a\" data-element_type=\"widget\" data-widget_type=\"text-editor.default\">\n\t\t\t\t<div class=\"elementor-widget-container\">\n\t\t\t\t\t\t\tUne soci\u00e9te de gestion immobili\u00e8re qui se d\u00e9veloppe dans la cr\u00e9ation et gestion des b\u00e2timents tertiaires, commerciaux, r\u00e9sidentiels et industriels.\t\t\t\t\t\t<\/div>\n\t\t\t\t<\/div>\n\t\t\t\t<div class=\"elementor-element elementor-element-119395c imageslider elementor-widget elementor-widget-eael-image-accordion\" data-id=\"119395c\" data-element_type=\"widget\" data-widget_type=\"eael-image-accordion.default\">\n\t\t\t\t<div class=\"elementor-widget-container\">\n\t\t\t    <div class=\"eael-img-accordion accordion-direction-horizontal eael-img-accordion-horizontal-align-center eael-img-accordion-vertical-align-center\" id=\"eael-img-accordion-119395c\" data-img-accordion-id=\"119395c\" data-img-accordion-type=\"on-hover\">\n                    \n            <a href=\"#\/\" class=\"eael-image-accordion-hover\" style=\"background-image: url(https:\/\/groupearno.com\/wp-content\/uploads\/2021\/12\/Picture-1-3.png);\"  tabindex=\"0\">\n            <div class=\"overlay\">\n                <div class=\"overlay-inner\">\n                    <div class=\"overlay-inner \">\n                        <h2 class=\"img-accordion-title\">L\u00e9gende 1<\/h2>                        <p><\/p>\n                    <\/div>\n                <\/div>\n            <\/div>\n            <\/a>\n                    \n            <a href=\"#\/\" class=\"eael-image-accordion-hover\" style=\"background-image: url(https:\/\/groupearno.com\/wp-content\/uploads\/2021\/12\/Picture-2-1.png);\"  tabindex=\"1\">\n            <div class=\"overlay\">\n                <div class=\"overlay-inner\">\n                    <div class=\"overlay-inner \">\n                        <h2 class=\"img-accordion-title\">L\u00e9gende 2<\/h2>                        <p><\/p>\n                    <\/div>\n                <\/div>\n            <\/div>\n            <\/a>\n                    \n            <a href=\"#\/\" class=\"eael-image-accordion-hover\" style=\"background-image: url(https:\/\/groupearno.com\/wp-content\/uploads\/2021\/12\/Picture-3-1.png);\"  tabindex=\"2\">\n            <div class=\"overlay\">\n                <div class=\"overlay-inner\">\n                    <div class=\"overlay-inner \">\n                        <h2 class=\"img-accordion-title\">L\u00e9gende 3<\/h2>                        <p><\/p>\n                    <\/div>\n                <\/div>\n            <\/div>\n            <\/a>\n                    \n            <a href=\"#\/\" class=\"eael-image-accordion-hover\" style=\"background-image: url(https:\/\/groupearno.com\/wp-content\/uploads\/2021\/12\/Picture-5.png);\"  tabindex=\"3\">\n            <div class=\"overlay\">\n                <div class=\"overlay-inner\">\n                    <div class=\"overlay-inner \">\n                        <h2 class=\"img-accordion-title\">L\u00e9gende 4<\/h2>                        <p><\/p>\n                    <\/div>\n                <\/div>\n            <\/div>\n            <\/a>\n                    \n            <a href=\"#\/\" class=\"eael-image-accordion-hover\" style=\"background-image: url(https:\/\/groupearno.com\/wp-content\/uploads\/2021\/12\/d96520546bff86e8da634e2b4972f801.png);\"  tabindex=\"4\">\n            <div class=\"overlay\">\n                <div class=\"overlay-inner\">\n                    <div class=\"overlay-inner \">\n                        <h2 class=\"img-accordion-title\">L\u00e9gende 5<\/h2>                        <p><\/p>\n                    <\/div>\n                <\/div>\n            <\/div>\n            <\/a>\n                    \n            <a href=\"#\/\" class=\"eael-image-accordion-hover\" style=\"background-image: url(https:\/\/groupearno.com\/wp-content\/uploads\/2021\/12\/Picture-2-1.png);\"  tabindex=\"5\">\n            <div class=\"overlay\">\n                <div class=\"overlay-inner\">\n                    <div class=\"overlay-inner \">\n                        <h2 class=\"img-accordion-title\">L\u00e9gende 6<\/h2>                        <p><\/p>\n                    <\/div>\n                <\/div>\n            <\/div>\n            <\/a>\n                <\/div>\n        <style typr=\"text\/css\">\n                    #eael-img-accordion-119395c .eael-image-accordion-hover:hover {\n                        flex: 3 1 0% !important;\n                    }\n                    #eael-img-accordion-119395c .eael-image-accordion-hover:hover:hover .overlay-inner * {\n                        opacity: 1;\n                        visibility: visible;\n                        transform: none;\n                        transition: all .3s .3s;\n                    }\n                <\/style>\t\t<\/div>\n\t\t\t\t<\/div>\n\t\t\t\t\t<\/div>\n\t\t<\/div>\n\t\t\t\t\t\t\t<\/div>\n\t\t<\/section>\n\t\t\t\t\t\t<\/div>\n\t\t\t\t\t<\/div>\n\t\t","protected":false},"excerpt":{"rendered":"<p>Nous avons \u00e0 notre actif Plusieurs r\u00e9alisations Distribution Le p\u00f4le Distribution constitue l\u2019activit\u00e9 historique du Groupe \u00e0 savoir le commerce de gros via l\u2019import-export de biens de consommation. L\u00e9gende 1 L\u00e9gende 2 L\u00e9gende 3 L\u00e9gende 4 L\u00e9gende 5 L\u00e9gende 6 Energie Le p\u00f4le ENERGY va se concentrer principalement sur la production, le transport et la [&hellip;]<\/p>\n","protected":false},"author":1,"featured_media":0,"parent":0,"menu_order":0,"comment_status":"closed","ping_status":"closed","template":"page-banner.php","meta":[],"_links":{"self":[{"href":"https:\/\/groupearno.com\/fr\/wp-json\/wp\/v2\/pages\/2237"}],"collection":[{"href":"https:\/\/groupearno.com\/fr\/wp-json\/wp\/v2\/pages"}],"about":[{"href":"https:\/\/groupearno.com\/fr\/wp-json\/wp\/v2\/types\/page"}],"author":[{"embeddable":true,"href":"https:\/\/groupearno.com\/fr\/wp-json\/wp\/v2\/users\/1"}],"replies":[{"embeddable":true,"href":"https:\/\/groupearno.com\/fr\/wp-json\/wp\/v2\/comments?post=2237"}],"version-history":[{"count":0,"href":"https:\/\/groupearno.com\/fr\/wp-json\/wp\/v2\/pages\/2237\/revisions"}],"wp:attachment":[{"href":"https:\/\/groupearno.com\/fr\/wp-json\/wp\/v2\/media?parent=2237"}],"curies":[{"name":"wp","href":"https:\/\/api.w.org\/{rel}","templated":true}]}}