{"id":2218,"date":"2021-12-22T16:35:04","date_gmt":"2021-12-22T15:35:04","guid":{"rendered":"https:\/\/groupearno.com\/?page_id=2218"},"modified":"2021-12-29T14:04:56","modified_gmt":"2021-12-29T13:04:56","slug":"manager","status":"publish","type":"page","link":"https:\/\/groupearno.com\/fr\/nos-metiers\/manager\/","title":{"rendered":"Manager"},"content":{"rendered":"\t\t<div data-elementor-type=\"wp-page\" data-elementor-id=\"2218\" class=\"elementor elementor-2218\" data-elementor-settings=\"[]\">\n\t\t\t\t\t\t\t<div class=\"elementor-section-wrap\">\n\t\t\t\t\t\t\t<section class=\"elementor-section elementor-top-section elementor-element elementor-element-86619df elementor-section-full_width topbanner banner_carriere elementor-section-height-default elementor-section-height-default\" data-id=\"86619df\" data-element_type=\"section\" data-settings=\"{&quot;background_background&quot;:&quot;classic&quot;}\">\n\t\t\t\t\t\t<div class=\"elementor-container elementor-column-gap-default\">\n\t\t\t\t\t<div class=\"elementor-column elementor-col-100 elementor-top-column elementor-element elementor-element-5026fdd\" data-id=\"5026fdd\" data-element_type=\"column\">\n\t\t\t<div class=\"elementor-widget-wrap elementor-element-populated\">\n\t\t\t\t\t\t\t\t<div class=\"elementor-element elementor-element-30fd9dd elementor-widget elementor-widget-heading\" data-id=\"30fd9dd\" data-element_type=\"widget\" data-widget_type=\"heading.default\">\n\t\t\t\t<div class=\"elementor-widget-container\">\n\t\t\t<h1 class=\"elementor-heading-title elementor-size-default\">Nos <span style=\"color:#A7C2E4;\">m\u00e9tiers<\/span><\/h1>\t\t<\/div>\n\t\t\t\t<\/div>\n\t\t\t\t<div class=\"elementor-element elementor-element-82c2d56 elementor-widget elementor-widget-text-editor\" data-id=\"82c2d56\" data-element_type=\"widget\" data-widget_type=\"text-editor.default\">\n\t\t\t\t<div class=\"elementor-widget-container\">\n\t\t\t\t\t\t\tVous souhaitez mettre vos comp\u00e9tences au service de notre entreprise\u00a0? Vous souhaitez avoir une exp\u00e9rience qui sera valoris\u00e9e et reconnue sur le continent Africain\u00a0? En nous rejoignant, vous aurez l\u2019opportunit\u00e9 de d\u00e9velopper des comp\u00e9tences cl\u00e9s et de vous \u00e9panouir au sein de l\u2019entreprise.\t\t\t\t\t\t<\/div>\n\t\t\t\t<\/div>\n\t\t\t\t\t<\/div>\n\t\t<\/div>\n\t\t\t\t\t\t\t<\/div>\n\t\t<\/section>\n\t\t\t\t<section class=\"elementor-section elementor-top-section elementor-element elementor-element-13d4a41 maxwidth1025 elementor-section-boxed elementor-section-height-default elementor-section-height-default\" data-id=\"13d4a41\" data-element_type=\"section\">\n\t\t\t\t\t\t<div class=\"elementor-container elementor-column-gap-default\">\n\t\t\t\t\t<div class=\"elementor-column elementor-col-100 elementor-top-column elementor-element elementor-element-c0d2eab\" data-id=\"c0d2eab\" data-element_type=\"column\">\n\t\t\t<div class=\"elementor-widget-wrap elementor-element-populated\">\n\t\t\t\t\t\t\t\t<div class=\"elementor-element elementor-element-fda7945 elementor-widget elementor-widget-heading\" data-id=\"fda7945\" data-element_type=\"widget\" data-widget_type=\"heading.default\">\n\t\t\t\t<div class=\"elementor-widget-container\">\n\t\t\t<h2 class=\"elementor-heading-title elementor-size-default\">Manager<\/h2>\t\t<\/div>\n\t\t\t\t<\/div>\n\t\t\t\t\t<\/div>\n\t\t<\/div>\n\t\t\t\t\t\t\t<\/div>\n\t\t<\/section>\n\t\t\t\t<section class=\"elementor-section elementor-top-section elementor-element elementor-element-9bd431e maxwidth1025 elementor-section-boxed elementor-section-height-default elementor-section-height-default\" data-id=\"9bd431e\" data-element_type=\"section\">\n\t\t\t\t\t\t<div class=\"elementor-container elementor-column-gap-default\">\n\t\t\t\t\t<div class=\"elementor-column elementor-col-100 elementor-top-column elementor-element elementor-element-b168f65\" data-id=\"b168f65\" data-element_type=\"column\">\n\t\t\t<div class=\"elementor-widget-wrap elementor-element-populated\">\n\t\t\t\t\t\t\t\t<div class=\"elementor-element elementor-element-94fd3f7 elementor-widget elementor-widget-text-editor\" data-id=\"94fd3f7\" data-element_type=\"widget\" data-widget_type=\"text-editor.default\">\n\t\t\t\t<div class=\"elementor-widget-container\">\n\t\t\t\t\t\t\tLorem ipsum dolor sit amet, consetetur sadipscing elitr, sed diam nonumy eirmod tempor invidunt ut labore et dolore magna aliquyam erat, sed diam voluptua. At vero eos et accusam et justo duo dolores et ea rebum. Stet clita kasd gubergren, no sea takimata sanctus est Lorem ipsum dolor sit amet. Lorem ipsum dolor sit amet, consetetur sadipscing elitr, sed diam nonumy eirmod tempor invidunt ut labore et dolore magna aliquyam erat, sed diam voluptua. At vero eos et accusam et justo duo dolores et ea rebum. Stet clita kasd gubergren, no sea takimata sanctus est Lorem ipsum dolor sit amet. Lorem ipsum dolor sit amet, consetetur sadipscing elitr, sed diam nonumy eirmod tempor invidunt ut labore et dolore magna aliquyam erat, sed diam voluptua. At vero eos et accusam et justo duo dolores et ea rebum. Stet clita kasd gubergren, no sea takimata sanctus est Lorem ipsum dolor sit amet.<\/br> Lorem ipsum dolor sit amet\n, consetetur sadipscing elitr, sed diam nonumy eirmod tempor invidunt ut labore et dolore magna aliquyam erat, sed diam voluptua. At vero eos et accusam et justo duo\t\t\t\t\t\t<\/div>\n\t\t\t\t<\/div>\n\t\t\t\t\t<\/div>\n\t\t<\/div>\n\t\t\t\t\t\t\t<\/div>\n\t\t<\/section>\n\t\t\t\t<section class=\"elementor-section elementor-top-section elementor-element elementor-element-c5ef5a6 elementor-section-full_width maxwidth1025  elementor-section-height-default elementor-section-height-default\" data-id=\"c5ef5a6\" data-element_type=\"section\">\n\t\t\t\t\t\t<div class=\"elementor-container elementor-column-gap-default\">\n\t\t\t\t\t<div class=\"elementor-column elementor-col-100 elementor-top-column elementor-element elementor-element-48cca82\" data-id=\"48cca82\" data-element_type=\"column\">\n\t\t\t<div class=\"elementor-widget-wrap elementor-element-populated\">\n\t\t\t\t\t\t\t\t<div class=\"elementor-element elementor-element-22f7655 elementor-widget elementor-widget-image\" data-id=\"22f7655\" data-element_type=\"widget\" data-widget_type=\"image.default\">\n\t\t\t\t<div class=\"elementor-widget-container\">\n\t\t\t\t\t\t\t\t\t\t\t\t\t\t\t<img decoding=\"async\" width=\"840\" height=\"435\" src=\"https:\/\/groupearno.com\/wp-content\/uploads\/2021\/12\/Picture-3.png\" class=\"attachment-full size-full\" alt=\"\" srcset=\"https:\/\/groupearno.com\/wp-content\/uploads\/2021\/12\/Picture-3.png 840w, https:\/\/groupearno.com\/wp-content\/uploads\/2021\/12\/Picture-3-300x155.png 300w, https:\/\/groupearno.com\/wp-content\/uploads\/2021\/12\/Picture-3-768x398.png 768w\" sizes=\"(max-width: 840px) 100vw, 840px\" \/>\t\t\t\t\t\t\t\t\t\t\t\t\t\t\t<\/div>\n\t\t\t\t<\/div>\n\t\t\t\t\t<\/div>\n\t\t<\/div>\n\t\t\t\t\t\t\t<\/div>\n\t\t<\/section>\n\t\t\t\t<section class=\"elementor-section elementor-top-section elementor-element elementor-element-40925ca maxwidth1025  elementor-section-boxed elementor-section-height-default elementor-section-height-default\" data-id=\"40925ca\" data-element_type=\"section\">\n\t\t\t\t\t\t<div class=\"elementor-container elementor-column-gap-default\">\n\t\t\t\t\t<div class=\"elementor-column elementor-col-100 elementor-top-column elementor-element elementor-element-8688b02\" data-id=\"8688b02\" data-element_type=\"column\">\n\t\t\t<div class=\"elementor-widget-wrap elementor-element-populated\">\n\t\t\t\t\t\t\t\t<div class=\"elementor-element elementor-element-83efb6f elementor-widget elementor-widget-text-editor\" data-id=\"83efb6f\" data-element_type=\"widget\" data-widget_type=\"text-editor.default\">\n\t\t\t\t<div class=\"elementor-widget-container\">\n\t\t\t\t\t\t\tLorem ipsum dolor sit amet, consetetur sadipscing elitr, sed diam nonumy eirmod tempor invidunt ut labore et dolore magna aliquyam erat, sed diam voluptua. At vero eos et accusam et justo duo dolores et ea rebum. Stet clita kasd gubergren, no sea takimata sanctus est Lorem ipsum dolor sit amet. Lorem ipsum dolor sit amet, consetetur sadipscing elitr, sed diam nonumy eirmod tempor invidunt ut labore et dolore magna aliquyam erat, sed diam voluptua. At vero eos et accusam et justo duo dolores et ea rebum. Stet clita kasd gubergren, no sea takimata sanctus est Lorem ipsum dolor sit amet. Lorem ipsum dolor sit amet, consetetur sadipscing elitr, sed diam nonumy eirmod tempor invidunt ut labore et dolore magna aliquyam erat, sed diam voluptua. At vero eos et accusam et justo duo dolores et ea rebum. Stet clita kasd gubergren, no sea takimata sanctus est Lorem ipsum dolor sit amet.<\/br> Lorem ipsum dolor sit amet\n, consetetur sadipscing elitr, sed diam nonumy eirmod tempor invidunt ut labore et dolore magna aliquyam erat, sed diam voluptua. At vero eos et accusam et justo duo\t\t\t\t\t\t<\/div>\n\t\t\t\t<\/div>\n\t\t\t\t\t<\/div>\n\t\t<\/div>\n\t\t\t\t\t\t\t<\/div>\n\t\t<\/section>\n\t\t\t\t\t\t<\/div>\n\t\t\t\t\t<\/div>\n\t\t","protected":false},"excerpt":{"rendered":"<p>Nos m\u00e9tiers Vous souhaitez mettre vos comp\u00e9tences au service de notre entreprise\u00a0? Vous souhaitez avoir une exp\u00e9rience qui sera valoris\u00e9e et reconnue sur le continent Africain\u00a0? En nous rejoignant, vous aurez l\u2019opportunit\u00e9 de d\u00e9velopper des comp\u00e9tences cl\u00e9s et de vous \u00e9panouir au sein de l\u2019entreprise. Manager Lorem ipsum dolor sit amet, consetetur sadipscing elitr, sed [&hellip;]<\/p>\n","protected":false},"author":1,"featured_media":0,"parent":2206,"menu_order":0,"comment_status":"closed","ping_status":"closed","template":"page-banner.php","meta":[],"_links":{"self":[{"href":"https:\/\/groupearno.com\/fr\/wp-json\/wp\/v2\/pages\/2218"}],"collection":[{"href":"https:\/\/groupearno.com\/fr\/wp-json\/wp\/v2\/pages"}],"about":[{"href":"https:\/\/groupearno.com\/fr\/wp-json\/wp\/v2\/types\/page"}],"author":[{"embeddable":true,"href":"https:\/\/groupearno.com\/fr\/wp-json\/wp\/v2\/users\/1"}],"replies":[{"embeddable":true,"href":"https:\/\/groupearno.com\/fr\/wp-json\/wp\/v2\/comments?post=2218"}],"version-history":[{"count":0,"href":"https:\/\/groupearno.com\/fr\/wp-json\/wp\/v2\/pages\/2218\/revisions"}],"up":[{"embeddable":true,"href":"https:\/\/groupearno.com\/fr\/wp-json\/wp\/v2\/pages\/2206"}],"wp:attachment":[{"href":"https:\/\/groupearno.com\/fr\/wp-json\/wp\/v2\/media?parent=2218"}],"curies":[{"name":"wp","href":"https:\/\/api.w.org\/{rel}","templated":true}]}}