{"id":2206,"date":"2021-12-22T15:39:55","date_gmt":"2021-12-22T14:39:55","guid":{"rendered":"https:\/\/groupearno.com\/?page_id=2206"},"modified":"2022-05-16T16:53:46","modified_gmt":"2022-05-16T14:53:46","slug":"nos-metiers","status":"publish","type":"page","link":"https:\/\/groupearno.com\/fr\/nos-metiers\/","title":{"rendered":"Nos m\u00e9tiers"},"content":{"rendered":"\t\t<div data-elementor-type=\"wp-page\" data-elementor-id=\"2206\" class=\"elementor elementor-2206\" data-elementor-settings=\"[]\">\n\t\t\t\t\t\t\t<div class=\"elementor-section-wrap\">\n\t\t\t\t\t\t\t<section class=\"elementor-section elementor-top-section elementor-element elementor-element-86619df elementor-section-full_width topbanner banner_carriere elementor-section-height-default elementor-section-height-default\" data-id=\"86619df\" data-element_type=\"section\" data-settings=\"{&quot;background_background&quot;:&quot;classic&quot;}\">\n\t\t\t\t\t\t<div class=\"elementor-container elementor-column-gap-default\">\n\t\t\t\t\t<div class=\"elementor-column elementor-col-100 elementor-top-column elementor-element elementor-element-5026fdd\" data-id=\"5026fdd\" data-element_type=\"column\">\n\t\t\t<div class=\"elementor-widget-wrap elementor-element-populated\">\n\t\t\t\t\t\t\t\t<div class=\"elementor-element elementor-element-30fd9dd elementor-widget elementor-widget-heading\" data-id=\"30fd9dd\" data-element_type=\"widget\" data-widget_type=\"heading.default\">\n\t\t\t\t<div class=\"elementor-widget-container\">\n\t\t\t<h1 class=\"elementor-heading-title elementor-size-default\">Nos <span style=\"color:#A7C2E4;\">m\u00e9tiers<\/span><\/h1>\t\t<\/div>\n\t\t\t\t<\/div>\n\t\t\t\t<div class=\"elementor-element elementor-element-82c2d56 elementor-widget elementor-widget-text-editor\" data-id=\"82c2d56\" data-element_type=\"widget\" data-widget_type=\"text-editor.default\">\n\t\t\t\t<div class=\"elementor-widget-container\">\n\t\t\t\t\t\t\t\t\t\t\t\t\t<\/div>\n\t\t\t\t<\/div>\n\t\t\t\t\t<\/div>\n\t\t<\/div>\n\t\t\t\t\t\t\t<\/div>\n\t\t<\/section>\n\t\t\t\t<section class=\"elementor-section elementor-top-section elementor-element elementor-element-0d5773d elementor-section-full_width box_carriere maxwidth980 elementor-section-height-default elementor-section-height-default\" data-id=\"0d5773d\" data-element_type=\"section\">\n\t\t\t\t\t\t<div class=\"elementor-container elementor-column-gap-default\">\n\t\t\t\t\t<div class=\"elementor-column elementor-col-100 elementor-top-column elementor-element elementor-element-a6ce380\" data-id=\"a6ce380\" data-element_type=\"column\">\n\t\t\t<div class=\"elementor-widget-wrap\">\n\t\t\t\t\t\t\t\t\t<\/div>\n\t\t<\/div>\n\t\t\t\t\t\t\t<\/div>\n\t\t<\/section>\n\t\t\t\t<section class=\"elementor-section elementor-top-section elementor-element elementor-element-18829f1 elementor-section-full_width offre_arno maxwidth980 elementor-section-height-default elementor-section-height-default\" data-id=\"18829f1\" data-element_type=\"section\">\n\t\t\t\t\t\t<div class=\"elementor-container elementor-column-gap-default\">\n\t\t\t\t\t<div class=\"elementor-column elementor-col-100 elementor-top-column elementor-element elementor-element-373ef69\" data-id=\"373ef69\" data-element_type=\"column\">\n\t\t\t<div class=\"elementor-widget-wrap elementor-element-populated\">\n\t\t\t\t\t\t\t\t<div class=\"elementor-element elementor-element-3aadba2 elementor-widget elementor-widget-heading\" data-id=\"3aadba2\" data-element_type=\"widget\" data-widget_type=\"heading.default\">\n\t\t\t\t<div class=\"elementor-widget-container\">\n\t\t\t<h2 class=\"elementor-heading-title elementor-size-default\">D\u00e9couvrez nos m\u00e9tiers<\/h2>\t\t<\/div>\n\t\t\t\t<\/div>\n\t\t\t\t<section class=\"elementor-section elementor-inner-section elementor-element elementor-element-0c0bca3 nos_offres_slider elementor-section-boxed elementor-section-height-default elementor-section-height-default\" data-id=\"0c0bca3\" data-element_type=\"section\">\n\t\t\t\t\t\t<div class=\"elementor-container elementor-column-gap-default\">\n\t\t\t\t\t<div class=\"elementor-column elementor-col-100 elementor-inner-column elementor-element elementor-element-f4e7be9 nos_offres_slider\" data-id=\"f4e7be9\" data-element_type=\"column\">\n\t\t\t<div class=\"elementor-widget-wrap elementor-element-populated\">\n\t\t\t\t\t\t\t\t<div class=\"elementor-element elementor-element-d3979cd elementor-widget elementor-widget-shortcode\" data-id=\"d3979cd\" data-element_type=\"widget\" data-widget_type=\"shortcode.default\">\n\t\t\t\t<div class=\"elementor-widget-container\">\n\t\t\t\t\t<div class=\"elementor-shortcode\"><\/div>\n\t\t\t\t<\/div>\n\t\t\t\t<\/div>\n\t\t\t\t\t<\/div>\n\t\t<\/div>\n\t\t\t\t\t\t\t<\/div>\n\t\t<\/section>\n\t\t\t\t\t<\/div>\n\t\t<\/div>\n\t\t\t\t\t\t\t<\/div>\n\t\t<\/section>\n\t\t\t\t\t\t<\/div>\n\t\t\t\t\t<\/div>\n\t\t","protected":false},"excerpt":{"rendered":"<p>Nos m\u00e9tiers D\u00e9couvrez nos m\u00e9tiers<\/p>\n","protected":false},"author":1,"featured_media":0,"parent":0,"menu_order":0,"comment_status":"closed","ping_status":"closed","template":"page-banner.php","meta":[],"_links":{"self":[{"href":"https:\/\/groupearno.com\/fr\/wp-json\/wp\/v2\/pages\/2206"}],"collection":[{"href":"https:\/\/groupearno.com\/fr\/wp-json\/wp\/v2\/pages"}],"about":[{"href":"https:\/\/groupearno.com\/fr\/wp-json\/wp\/v2\/types\/page"}],"author":[{"embeddable":true,"href":"https:\/\/groupearno.com\/fr\/wp-json\/wp\/v2\/users\/1"}],"replies":[{"embeddable":true,"href":"https:\/\/groupearno.com\/fr\/wp-json\/wp\/v2\/comments?post=2206"}],"version-history":[{"count":22,"href":"https:\/\/groupearno.com\/fr\/wp-json\/wp\/v2\/pages\/2206\/revisions"}],"predecessor-version":[{"id":9834,"href":"https:\/\/groupearno.com\/fr\/wp-json\/wp\/v2\/pages\/2206\/revisions\/9834"}],"wp:attachment":[{"href":"https:\/\/groupearno.com\/fr\/wp-json\/wp\/v2\/media?parent=2206"}],"curies":[{"name":"wp","href":"https:\/\/api.w.org\/{rel}","templated":true}]}}