{"id":22,"date":"2021-11-30T03:21:55","date_gmt":"2021-11-30T02:21:55","guid":{"rendered":"https:\/\/groupearno.com\/?page_id=22"},"modified":"2021-12-29T09:11:11","modified_gmt":"2021-12-29T08:11:11","slug":"mentions-legales","status":"publish","type":"page","link":"https:\/\/groupearno.com\/fr\/mentions-legales\/","title":{"rendered":"Mentions l\u00e9gales"},"content":{"rendered":"\t\t<div data-elementor-type=\"wp-page\" data-elementor-id=\"22\" class=\"elementor elementor-22\" data-elementor-settings=\"[]\">\n\t\t\t\t\t\t\t<div class=\"elementor-section-wrap\">\n\t\t\t\t\t\t\t<section class=\"elementor-section elementor-top-section elementor-element elementor-element-c4a0d83 elementor-section-full_width maxwidth1025 elementor-section-height-default elementor-section-height-default\" data-id=\"c4a0d83\" data-element_type=\"section\">\n\t\t\t\t\t\t<div class=\"elementor-container elementor-column-gap-default\">\n\t\t\t\t\t<div class=\"elementor-column elementor-col-100 elementor-top-column elementor-element elementor-element-1c3734f\" data-id=\"1c3734f\" data-element_type=\"column\">\n\t\t\t<div class=\"elementor-widget-wrap elementor-element-populated\">\n\t\t\t\t\t\t\t\t<div class=\"elementor-element elementor-element-9fadd2e title_pagetexte elementor-widget elementor-widget-heading\" data-id=\"9fadd2e\" data-element_type=\"widget\" data-widget_type=\"heading.default\">\n\t\t\t\t<div class=\"elementor-widget-container\">\n\t\t\t<h1 class=\"elementor-heading-title elementor-size-default\">Mention l\u00e9gales<\/h1>\t\t<\/div>\n\t\t\t\t<\/div>\n\t\t\t\t<div class=\"elementor-element elementor-element-e7ef187 elementor-widget elementor-widget-text-editor\" data-id=\"e7ef187\" data-element_type=\"widget\" data-widget_type=\"text-editor.default\">\n\t\t\t\t<div class=\"elementor-widget-container\">\n\t\t\t\t\t\t\t<p>Introduction<\/br> \nLes pr\u00e9sentes conditions g\u00e9n\u00e9rales du site Web, r\u00e9dig\u00e9es sur cette page Web, r\u00e9gissent votre utilisation de notre site Web, Group Arno, accessible \u00e0 l\u2019adresse groupearno.com.<\/p>\n\n<p>Ces conditions s\u2019appliquent pleinement \u00e0 votre utilisation de ce site Web. En utilisant ce site Web, vous acceptez toutes les conditions \u00e9crites sur cette page. Vous ne devez pas utiliser ce site Web si vous n\u2019\u00eates pas d\u2019accord avec l\u2019une de ces conditions g\u00e9n\u00e9rales d\u2019utilisation du site Web. Ces conditions g\u00e9n\u00e9rales ont \u00e9t\u00e9 g\u00e9n\u00e9r\u00e9es \u00e0 l\u2019aide du g\u00e9n\u00e9rateur d\u2019\u00e9chantillons de conditions g\u00e9n\u00e9rales. <\/p>\n\n<p>Les mineurs ou les personnes \u00e2g\u00e9es de moins de 18 ans ne sont pas autoris\u00e9s \u00e0 utiliser ce site Web. <\/p>\n\n<p>Droits de propri\u00e9t\u00e9 intellectuelle <\/br>\n\u00c0 l\u2019exception du contenu dont vous \u00eates propri\u00e9taire, en vertu des pr\u00e9sentes Conditions, le Groupe Arno et\/ou ses conc\u00e9dants de licence sont propri\u00e9taires de tous les droits de propri\u00e9t\u00e9 intellectuelle et des mat\u00e9riels contenus dans ce Site Internet.<\/p> \n\n<p>Une licence limit\u00e9e vous est accord\u00e9e uniquement dans le but de visualiser le mat\u00e9riel contenu sur ce Site Internet.<\/p> \n\n<p>Restrictions <\/br>\nVous \u00eates sp\u00e9cifiquement limit\u00e9 \u00e0 tout ce qui suit : <\/p>\n\n<p>\npublier tout mat\u00e9riel du site Web dans tout autre m\u00e9dia;<\/br>\nvendre, conc\u00e9der des sous-licences et\/ou commercialiser de toute autre mani\u00e8re le mat\u00e9riel du site Web ;<\/br> \nex\u00e9cuter et\/ou montrer publiquement tout mat\u00e9riel du site Web ;<\/br> \nutiliser ce site Web de quelque mani\u00e8re que ce soit qui soit ou puisse \u00eatre pr\u00e9judiciable \u00e0 ce site Web ; <\/br>\nl\u2019utilisation de ce site Web d\u2019une mani\u00e8re qui affecte l\u2019acc\u00e8s des utilisateurs \u00e0 ce site Web ;<\/br> \nl\u2019utilisation de ce site Web en violation des lois et r\u00e9glementations applicables, ou de toute autre mani\u00e8re susceptible de causer un pr\u00e9judice au site Web ou \u00e0 toute personne ou entit\u00e9 commerciale ;<\/br> \nse livrer \u00e0 des activit\u00e9s d\u2019exploration, de collecte ou d\u2019extraction de donn\u00e9es ou \u00e0 toute autre activit\u00e9 similaire en rapport avec ce site Web ;<\/br> \nutiliser ce site Web pour faire de la publicit\u00e9 ou du marketing.<\/br> \nl\u2019acc\u00e8s \u00e0 certaines zones de ce Site Internet est restreint et le Groupe Arno peut restreindre davantage votre acc\u00e8s \u00e0 toute zone de ce Site Internet, \u00e0 tout moment, \u00e0 son enti\u00e8re discr\u00e9tion.<\/br> \nTout identifiant d\u2019utilisateur et mot de passe que vous pouvez avoir pour ce Site Internet sont confidentiels et vous devez \u00e9galement maintenir la confidentialit\u00e9.<\/br> \n<\/p>\n\n<p>Votre contenu <\/br>\nDans les pr\u00e9sentes conditions g\u00e9n\u00e9rales du site Web, \u201cVotre contenu\u201d d\u00e9signe tout texte audio, vid\u00e9o, image ou autre mat\u00e9riel que vous choisissez d\u2019afficher sur ce site Web. En affichant Votre Contenu, vous accordez au Groupe Arno une licence non exclusive, mondiale, irr\u00e9vocable et pouvant faire l\u2019objet d\u2019une sous-licence pour l\u2019utiliser, le reproduire, l\u2019adapter, le publier, le traduire et le distribuer dans tous les m\u00e9dias.<\/p> \n\n<p>Votre Contenu doit \u00eatre le v\u00f4tre et ne doit pas porter atteinte aux droits d\u2019un tiers. Le Groupe Arno se r\u00e9serve le droit de retirer tout \u00e9l\u00e9ment de votre Contenu de ce Site Internet \u00e0 tout moment et sans pr\u00e9avis. <\/p>\n\n<p>Votre vie priv\u00e9e<\/br> \nVeuillez lire la politique de confidentialit\u00e9. <\/p>\n\n<p>Aucune garantie <\/br>\nCe Site Internet est fourni \u201c en l\u2019\u00e9tat \u201c, avec tous les d\u00e9fauts, et le Groupe Arno n\u2019exprime aucune repr\u00e9sentation ou garantie, de quelque nature que ce soit, concernant ce Site Internet ou les mat\u00e9riaux contenus sur ce Site Internet. En outre, rien de ce qui est contenu sur ce site Web ne doit \u00eatre interpr\u00e9t\u00e9 comme un conseil.<\/p> \n\n<p>Limitation de la responsabilit\u00e9<\/br>\nEn aucun cas, le Groupe Arno, ni aucun de ses dirigeants, administrateurs et employ\u00e9s, ne sera tenu responsable de quoi que ce soit d\u00e9coulant de ou li\u00e9 de quelque mani\u00e8re que ce soit \u00e0 votre utilisation de ce Site Internet, que cette responsabilit\u00e9 soit contractuelle. Le Groupe Arno, y compris ses dirigeants, administrateurs et employ\u00e9s ne seront pas tenus responsables de toute responsabilit\u00e9 indirecte, cons\u00e9cutive ou sp\u00e9ciale d\u00e9coulant de ou li\u00e9e de quelque mani\u00e8re que ce soit \u00e0 votre utilisation de ce Site Internet. <\/p>\n\n<p>Indemnisation <\/br>\nPar la pr\u00e9sente, vous indemnisez dans toute la mesure du possible le Groupe Arno de et contre toutes les responsabilit\u00e9s, co\u00fbts, demandes, causes d\u2019action, dommages et d\u00e9penses d\u00e9coulant de quelque mani\u00e8re que ce soit de votre violation de l\u2019une des dispositions des pr\u00e9sentes Conditions. <\/p>\n\n<p>Divisibilit\u00e9 <\/br>\nSi l\u2019une des dispositions des pr\u00e9sentes Conditions est jug\u00e9e invalide en vertu de toute loi applicable, cette disposition sera supprim\u00e9e sans affecter les autres dispositions des pr\u00e9sentes.<\/p> \n\n<p>Modification des Conditions Le Groupe<\/br> \nArno est autoris\u00e9 \u00e0 r\u00e9viser ces Conditions \u00e0 tout moment comme il l\u2019entend, et en utilisant ce Site Internet, vous \u00eates cens\u00e9 revoir ces Conditions r\u00e9guli\u00e8rement.<\/p> \n\n<p>Cession<\/br> \nLe Groupe Arno est autoris\u00e9 \u00e0 c\u00e9der, transf\u00e9rer et sous-traiter ses droits et\/ou obligations en vertu des pr\u00e9sentes Conditions sans aucune notification. Toutefois, vous n\u2019\u00eates pas autoris\u00e9 \u00e0 c\u00e9der, transf\u00e9rer ou sous-traiter l\u2019un de vos droits et\/ou obligations en vertu des pr\u00e9sentes Conditions. <\/p>\n\n<p>Int\u00e9gralit\u00e9 de l\u2019accord<\/br>\nCes Conditions constituent l\u2019int\u00e9gralit\u00e9 de l\u2019accord entre le Groupe Arno et vous-m\u00eame en ce qui concerne votre utilisation de ce Site Internet, et remplacent tous les accords et arrangements ant\u00e9rieurs.<\/p> \n\n<p>Loi applicable et juridiction<\/br> \nLes pr\u00e9sentes Conditions seront r\u00e9gies et interpr\u00e9t\u00e9es conform\u00e9ment aux lois de l\u2019\u00c9tat de Californie, et vous vous soumettez \u00e0 la juridiction non exclusive des tribunaux d\u2019\u00c9tat et f\u00e9d\u00e9raux situ\u00e9s dans cet \u00c9tat pour la r\u00e9solution de tout litige.<\/p>\t\t\t\t\t\t<\/div>\n\t\t\t\t<\/div>\n\t\t\t\t\t<\/div>\n\t\t<\/div>\n\t\t\t\t\t\t\t<\/div>\n\t\t<\/section>\n\t\t\t\t\t\t<\/div>\n\t\t\t\t\t<\/div>\n\t\t","protected":false},"excerpt":{"rendered":"<p>Mention l\u00e9gales Introduction Les pr\u00e9sentes conditions g\u00e9n\u00e9rales du site Web, r\u00e9dig\u00e9es sur cette page Web, r\u00e9gissent votre utilisation de notre site Web, Group Arno, accessible \u00e0 l\u2019adresse groupearno.com. Ces conditions s\u2019appliquent pleinement \u00e0 votre utilisation de ce site Web. En utilisant ce site Web, vous acceptez toutes les conditions \u00e9crites sur cette page. Vous ne [&hellip;]<\/p>\n","protected":false},"author":1,"featured_media":0,"parent":0,"menu_order":0,"comment_status":"closed","ping_status":"closed","template":"","meta":[],"_links":{"self":[{"href":"https:\/\/groupearno.com\/fr\/wp-json\/wp\/v2\/pages\/22"}],"collection":[{"href":"https:\/\/groupearno.com\/fr\/wp-json\/wp\/v2\/pages"}],"about":[{"href":"https:\/\/groupearno.com\/fr\/wp-json\/wp\/v2\/types\/page"}],"author":[{"embeddable":true,"href":"https:\/\/groupearno.com\/fr\/wp-json\/wp\/v2\/users\/1"}],"replies":[{"embeddable":true,"href":"https:\/\/groupearno.com\/fr\/wp-json\/wp\/v2\/comments?post=22"}],"version-history":[{"count":0,"href":"https:\/\/groupearno.com\/fr\/wp-json\/wp\/v2\/pages\/22\/revisions"}],"wp:attachment":[{"href":"https:\/\/groupearno.com\/fr\/wp-json\/wp\/v2\/media?parent=22"}],"curies":[{"name":"wp","href":"https:\/\/api.w.org\/{rel}","templated":true}]}}