{"id":2187,"date":"2021-12-22T09:16:19","date_gmt":"2021-12-22T08:16:19","guid":{"rendered":"https:\/\/groupearno.com\/?page_id=2187"},"modified":"2022-05-16T18:41:46","modified_gmt":"2022-05-16T16:41:46","slug":"activite-immobilier","status":"publish","type":"page","link":"https:\/\/groupearno.com\/fr\/activite-immobilier\/","title":{"rendered":"Activit\u00e9 Immobilier"},"content":{"rendered":"\t\t<div data-elementor-type=\"wp-page\" data-elementor-id=\"2187\" class=\"elementor elementor-2187\" data-elementor-settings=\"[]\">\n\t\t\t\t\t\t\t<div class=\"elementor-section-wrap\">\n\t\t\t\t\t\t\t<section class=\"elementor-section elementor-top-section elementor-element elementor-element-c93dfaa elementor-section-full_width topbanner banner_activity elementor-section-height-default elementor-section-height-default\" data-id=\"c93dfaa\" data-element_type=\"section\" data-settings=\"{&quot;background_background&quot;:&quot;classic&quot;}\">\n\t\t\t\t\t\t<div class=\"elementor-container elementor-column-gap-default\">\n\t\t\t\t\t<div class=\"elementor-column elementor-col-100 elementor-top-column elementor-element elementor-element-02a2b3d\" data-id=\"02a2b3d\" data-element_type=\"column\">\n\t\t\t<div class=\"elementor-widget-wrap elementor-element-populated\">\n\t\t\t\t\t\t\t\t<div class=\"elementor-element elementor-element-dc9715e elementor-widget elementor-widget-heading\" data-id=\"dc9715e\" data-element_type=\"widget\" data-widget_type=\"heading.default\">\n\t\t\t\t<div class=\"elementor-widget-container\">\n\t\t\t<h1 class=\"elementor-heading-title elementor-size-default\">Immobilier<\/h1>\t\t<\/div>\n\t\t\t\t<\/div>\n\t\t\t\t<div class=\"elementor-element elementor-element-2c202c0 elementor-widget elementor-widget-text-editor\" data-id=\"2c202c0\" data-element_type=\"widget\" data-widget_type=\"text-editor.default\">\n\t\t\t\t<div class=\"elementor-widget-container\">\n\t\t\t\t\t\t\t\t\t\t\t\t\t<\/div>\n\t\t\t\t<\/div>\n\t\t\t\t<section class=\"elementor-section elementor-inner-section elementor-element elementor-element-86735fb elementor-section-full_width counter_banner elementor-section-height-default elementor-section-height-default\" data-id=\"86735fb\" data-element_type=\"section\">\n\t\t\t\t\t\t<div class=\"elementor-container elementor-column-gap-default\">\n\t\t\t\t\t<div class=\"elementor-column elementor-col-100 elementor-inner-column elementor-element elementor-element-e616de7\" data-id=\"e616de7\" data-element_type=\"column\">\n\t\t\t<div class=\"elementor-widget-wrap elementor-element-populated\">\n\t\t\t\t\t\t\t\t<div class=\"elementor-element elementor-element-2675bf0 elementor-widget elementor-widget-counter\" data-id=\"2675bf0\" data-element_type=\"widget\" data-widget_type=\"counter.default\">\n\t\t\t\t<div class=\"elementor-widget-container\">\n\t\t\t\t\t<div class=\"elementor-counter\">\n\t\t\t<div class=\"elementor-counter-number-wrapper\">\n\t\t\t\t<span class=\"elementor-counter-number-prefix\"><\/span>\n\t\t\t\t<span class=\"elementor-counter-number\" data-duration=\"2000\" data-to-value=\"300\" data-from-value=\"0\">0<\/span>\n\t\t\t\t<span class=\"elementor-counter-number-suffix\"> <\/span>\n\t\t\t<\/div>\n\t\t\t\t\t\t\t<div class=\"elementor-counter-title\"><span>U<\/span>nit\u00e9s<\/div>\n\t\t\t\t\t<\/div>\n\t\t\t\t<\/div>\n\t\t\t\t<\/div>\n\t\t\t\t\t<\/div>\n\t\t<\/div>\n\t\t\t\t\t\t\t<\/div>\n\t\t<\/section>\n\t\t\t\t\t<\/div>\n\t\t<\/div>\n\t\t\t\t\t\t\t<\/div>\n\t\t<\/section>\n\t\t\t\t<section class=\"elementor-section elementor-top-section elementor-element elementor-element-88e8331 elementor-section-full_width elementor-section-height-default elementor-section-height-default\" data-id=\"88e8331\" data-element_type=\"section\">\n\t\t\t\t\t\t<div class=\"elementor-container elementor-column-gap-default\">\n\t\t\t\t\t<div class=\"elementor-column elementor-col-100 elementor-top-column elementor-element elementor-element-67aeff9 maxwidth1025\" data-id=\"67aeff9\" data-element_type=\"column\">\n\t\t\t<div class=\"elementor-widget-wrap elementor-element-populated\">\n\t\t\t\t\t\t\t\t<div class=\"elementor-element elementor-element-d9124c6 elementor-widget elementor-widget-text-editor\" data-id=\"d9124c6\" data-element_type=\"widget\" data-widget_type=\"text-editor.default\">\n\t\t\t\t<div class=\"elementor-widget-container\">\n\t\t\t\t\t\t\t<h3>Penser et investir dans l\u2019immobilier de demain<\/h3>\t\t\t\t\t\t<\/div>\n\t\t\t\t<\/div>\n\t\t\t\t\t<\/div>\n\t\t<\/div>\n\t\t\t\t\t\t\t<\/div>\n\t\t<\/section>\n\t\t\t\t<section class=\"elementor-section elementor-top-section elementor-element elementor-element-28346e8 elementor-section-full_width maxwidth1025 box_activity elementor-section-height-default elementor-section-height-default\" data-id=\"28346e8\" data-element_type=\"section\">\n\t\t\t\t\t\t<div class=\"elementor-container elementor-column-gap-default\">\n\t\t\t\t\t<div class=\"elementor-column elementor-col-50 elementor-top-column elementor-element elementor-element-518c8ee\" data-id=\"518c8ee\" data-element_type=\"column\">\n\t\t\t<div class=\"elementor-widget-wrap elementor-element-populated\">\n\t\t\t\t\t\t\t\t<div class=\"elementor-element elementor-element-a8bcb12 elementor-widget elementor-widget-heading\" data-id=\"a8bcb12\" data-element_type=\"widget\" data-widget_type=\"heading.default\">\n\t\t\t\t<div class=\"elementor-widget-container\">\n\t\t\t<h2 class=\"elementor-heading-title elementor-size-default\"><span style=\"color:#A7C2E4;font-weight:normal;\">Fonci\u00e8re immobili\u00e8re\n<\/span> <\/h2>\t\t<\/div>\n\t\t\t\t<\/div>\n\t\t\t\t<div class=\"elementor-element elementor-element-8cb1b2a elementor-widget elementor-widget-text-editor\" data-id=\"8cb1b2a\" data-element_type=\"widget\" data-widget_type=\"text-editor.default\">\n\t\t\t\t<div class=\"elementor-widget-container\">\n\t\t\t\t\t\t\t<p>Innover, cr\u00e9er de la valeur et am\u00e9liorer les infrastructures urbaines au Cameroun; telle est la mission principale de la fonci\u00e8re ARNO.<\/p><p>\u00c0 notre actif, un large parc immobilier constitu\u00e9 de produits vari\u00e9s tels que des\u00a0bureaux, des logements,\u00a0ou encore des entrep\u00f4ts dans lesquels nous investissons dans le but de valoriser ou\u00a0commercialiser ces actifs, pour faire grandir notre portefeuille.\u00a0<\/p><p class=\"p1\" style=\"margin-right: 0px; margin-bottom: 0px; margin-left: 36px; text-indent: -36px; font-variant-numeric: normal; font-variant-east-asian: normal; font-stretch: normal; font-size: 13.5px; line-height: normal; font-family: Lato; color: #000000; text-align: start;\">\u00a0<\/p>\t\t\t\t\t\t<\/div>\n\t\t\t\t<\/div>\n\t\t\t\t\t<\/div>\n\t\t<\/div>\n\t\t\t\t<div class=\"elementor-column elementor-col-50 elementor-top-column elementor-element elementor-element-838963f actitite_box_img actitite_box_img_right \" data-id=\"838963f\" data-element_type=\"column\">\n\t\t\t<div class=\"elementor-widget-wrap elementor-element-populated\">\n\t\t\t\t\t\t\t\t<div class=\"elementor-element elementor-element-36257ac elementor-widget elementor-widget-image\" data-id=\"36257ac\" data-element_type=\"widget\" data-widget_type=\"image.default\">\n\t\t\t\t<div class=\"elementor-widget-container\">\n\t\t\t\t\t\t\t\t\t\t\t\t\t\t\t<img decoding=\"async\" width=\"1536\" height=\"1025\" src=\"https:\/\/groupearno.com\/wp-content\/uploads\/2022\/05\/bright-shot-new-buildings-neighborhood-1536x1025.jpg\" class=\"attachment-1536x1536 size-1536x1536\" alt=\"\" srcset=\"https:\/\/groupearno.com\/wp-content\/uploads\/2022\/05\/bright-shot-new-buildings-neighborhood-1536x1025.jpg 1536w, https:\/\/groupearno.com\/wp-content\/uploads\/2022\/05\/bright-shot-new-buildings-neighborhood-300x200.jpg 300w, https:\/\/groupearno.com\/wp-content\/uploads\/2022\/05\/bright-shot-new-buildings-neighborhood-1024x684.jpg 1024w, https:\/\/groupearno.com\/wp-content\/uploads\/2022\/05\/bright-shot-new-buildings-neighborhood-768x513.jpg 768w, https:\/\/groupearno.com\/wp-content\/uploads\/2022\/05\/bright-shot-new-buildings-neighborhood-2048x1367.jpg 2048w, https:\/\/groupearno.com\/wp-content\/uploads\/2022\/05\/bright-shot-new-buildings-neighborhood-1200x801.jpg 1200w, https:\/\/groupearno.com\/wp-content\/uploads\/2022\/05\/bright-shot-new-buildings-neighborhood-1980x1322.jpg 1980w, https:\/\/groupearno.com\/wp-content\/uploads\/2022\/05\/bright-shot-new-buildings-neighborhood-24x16.jpg 24w, https:\/\/groupearno.com\/wp-content\/uploads\/2022\/05\/bright-shot-new-buildings-neighborhood-36x24.jpg 36w, https:\/\/groupearno.com\/wp-content\/uploads\/2022\/05\/bright-shot-new-buildings-neighborhood-48x32.jpg 48w\" sizes=\"(max-width: 1536px) 100vw, 1536px\" \/>\t\t\t\t\t\t\t\t\t\t\t\t\t\t\t<\/div>\n\t\t\t\t<\/div>\n\t\t\t\t\t<\/div>\n\t\t<\/div>\n\t\t\t\t\t\t\t<\/div>\n\t\t<\/section>\n\t\t\t\t<section class=\"elementor-section elementor-top-section elementor-element elementor-element-b630a10 elementor-section-boxed elementor-section-height-default elementor-section-height-default\" data-id=\"b630a10\" data-element_type=\"section\">\n\t\t\t\t\t\t<div class=\"elementor-container elementor-column-gap-default\">\n\t\t\t\t\t<div class=\"elementor-column elementor-col-100 elementor-top-column elementor-element elementor-element-6fa3f45\" data-id=\"6fa3f45\" data-element_type=\"column\">\n\t\t\t<div class=\"elementor-widget-wrap elementor-element-populated\">\n\t\t\t\t\t\t\t\t<div class=\"elementor-element elementor-element-9d72465 elementor-widget elementor-widget-spacer\" data-id=\"9d72465\" data-element_type=\"widget\" data-widget_type=\"spacer.default\">\n\t\t\t\t<div class=\"elementor-widget-container\">\n\t\t\t\t\t<div class=\"elementor-spacer\">\n\t\t\t<div class=\"elementor-spacer-inner\"><\/div>\n\t\t<\/div>\n\t\t\t\t<\/div>\n\t\t\t\t<\/div>\n\t\t\t\t\t<\/div>\n\t\t<\/div>\n\t\t\t\t\t\t\t<\/div>\n\t\t<\/section>\n\t\t\t\t<section class=\"elementor-section elementor-top-section elementor-element elementor-element-6f2f7a6 maxwidth1025 box_activity section_width_float elementor-section-boxed elementor-section-height-default elementor-section-height-default\" data-id=\"6f2f7a6\" data-element_type=\"section\">\n\t\t\t\t\t\t<div class=\"elementor-container elementor-column-gap-default\">\n\t\t\t\t\t<div class=\"elementor-column elementor-col-50 elementor-top-column elementor-element elementor-element-d4ce42e imagefloat_left\" data-id=\"d4ce42e\" data-element_type=\"column\">\n\t\t\t<div class=\"elementor-widget-wrap elementor-element-populated\">\n\t\t\t\t\t\t\t\t<div class=\"elementor-element elementor-element-92eb4bc elementor-widget elementor-widget-image\" data-id=\"92eb4bc\" data-element_type=\"widget\" data-widget_type=\"image.default\">\n\t\t\t\t<div class=\"elementor-widget-container\">\n\t\t\t\t\t\t\t\t\t\t\t\t\t\t\t<img decoding=\"async\" src=\"https:\/\/groupearno.com\/wp-content\/uploads\/elementor\/thumbs\/architectural-engineers-working-together-reading-construction-plans-standing-table-with-foam-model-maquette-team-two-architects-doing-teamwork-looking-down-blueprins-scaled-potsnt8e9j85f2whpvtx7g9n6lg4pexipr0w3xkrds.jpg\" title=\"Architectural engineers working together reading construction plans\" alt=\"Architectural engineers working together reading construction plans standing next to table with foam model maquette. Team of two architects doing teamwork looking down at blueprins.\" \/>\t\t\t\t\t\t\t\t\t\t\t\t\t\t\t<\/div>\n\t\t\t\t<\/div>\n\t\t\t\t\t<\/div>\n\t\t<\/div>\n\t\t\t\t<div class=\"elementor-column elementor-col-50 elementor-top-column elementor-element elementor-element-a201043\" data-id=\"a201043\" data-element_type=\"column\">\n\t\t\t<div class=\"elementor-widget-wrap elementor-element-populated\">\n\t\t\t\t\t\t\t\t<div class=\"elementor-element elementor-element-2236114 elementor-widget elementor-widget-heading\" data-id=\"2236114\" data-element_type=\"widget\" data-widget_type=\"heading.default\">\n\t\t\t\t<div class=\"elementor-widget-container\">\n\t\t\t<h2 class=\"elementor-heading-title elementor-size-default\"><span style=\"color:#A7C2E4;font-weight:normal;\">Gestion immobili\u00e8re\n<\/span> <\/h2>\t\t<\/div>\n\t\t\t\t<\/div>\n\t\t\t\t<div class=\"elementor-element elementor-element-ad7eef1 elementor-widget elementor-widget-text-editor\" data-id=\"ad7eef1\" data-element_type=\"widget\" data-widget_type=\"text-editor.default\">\n\t\t\t\t<div class=\"elementor-widget-container\">\n\t\t\t\t\t\t\t<p>Notre parc immobilier conna\u00eet une croissance soutenue et compte maintenant plus de 300 unit\u00e9s r\u00e9sidentielles et tertiaires sous gestion dans les r\u00e9gions du Cameroun.<\/p><p>En tant que\u00a0gestionnaire d&#8217;un large\u00a0portefeuille de biens immobiliers, notre principal objectif est de poursuivre notre expansion dans tout le Cameroun et\u00a0diversifier nos produits dans le secteur industriel,\u00a0tout en b\u00e2tissant des relations de confiance durables avec nos partenaires d\u2019affaires.<\/p>\t\t\t\t\t\t<\/div>\n\t\t\t\t<\/div>\n\t\t\t\t\t<\/div>\n\t\t<\/div>\n\t\t\t\t\t\t\t<\/div>\n\t\t<\/section>\n\t\t\t\t<section class=\"elementor-section elementor-top-section elementor-element elementor-element-07288c3 elementor-section-boxed elementor-section-height-default elementor-section-height-default\" data-id=\"07288c3\" data-element_type=\"section\">\n\t\t\t\t\t\t<div class=\"elementor-container elementor-column-gap-default\">\n\t\t\t\t\t<div class=\"elementor-column elementor-col-100 elementor-top-column elementor-element elementor-element-2089257\" data-id=\"2089257\" data-element_type=\"column\">\n\t\t\t<div class=\"elementor-widget-wrap\">\n\t\t\t\t\t\t\t\t\t<\/div>\n\t\t<\/div>\n\t\t\t\t\t\t\t<\/div>\n\t\t<\/section>\n\t\t\t\t<section class=\"elementor-section elementor-top-section elementor-element elementor-element-534a9c7 elementor-section-boxed elementor-section-height-default elementor-section-height-default\" data-id=\"534a9c7\" data-element_type=\"section\">\n\t\t\t\t\t\t<div class=\"elementor-container elementor-column-gap-default\">\n\t\t\t\t\t<div class=\"elementor-column elementor-col-100 elementor-top-column elementor-element elementor-element-0f2e8c6\" data-id=\"0f2e8c6\" data-element_type=\"column\">\n\t\t\t<div class=\"elementor-widget-wrap elementor-element-populated\">\n\t\t\t\t\t\t\t\t<div class=\"elementor-element elementor-element-0275c8b elementor-widget elementor-widget-spacer\" data-id=\"0275c8b\" data-element_type=\"widget\" data-widget_type=\"spacer.default\">\n\t\t\t\t<div class=\"elementor-widget-container\">\n\t\t\t\t\t<div class=\"elementor-spacer\">\n\t\t\t<div class=\"elementor-spacer-inner\"><\/div>\n\t\t<\/div>\n\t\t\t\t<\/div>\n\t\t\t\t<\/div>\n\t\t\t\t\t<\/div>\n\t\t<\/div>\n\t\t\t\t\t\t\t<\/div>\n\t\t<\/section>\n\t\t\t\t<section class=\"elementor-section elementor-top-section elementor-element elementor-element-884ab53 maxwidth1025 box_activity elementor-section-boxed elementor-section-height-default elementor-section-height-default\" data-id=\"884ab53\" data-element_type=\"section\">\n\t\t\t\t\t\t<div class=\"elementor-container elementor-column-gap-default\">\n\t\t\t\t\t<div class=\"elementor-column elementor-col-50 elementor-top-column elementor-element elementor-element-d242fb4\" data-id=\"d242fb4\" data-element_type=\"column\">\n\t\t\t<div class=\"elementor-widget-wrap elementor-element-populated\">\n\t\t\t\t\t\t\t\t<div class=\"elementor-element elementor-element-e4ee004 elementor-widget elementor-widget-text-editor\" data-id=\"e4ee004\" data-element_type=\"widget\" data-widget_type=\"text-editor.default\">\n\t\t\t\t<div class=\"elementor-widget-container\">\n\t\t\t\t\t\t\t\t\t\t\t\t\t<\/div>\n\t\t\t\t<\/div>\n\t\t\t\t<div class=\"elementor-element elementor-element-78d4158 elementor-widget elementor-widget-heading\" data-id=\"78d4158\" data-element_type=\"widget\" data-widget_type=\"heading.default\">\n\t\t\t\t<div class=\"elementor-widget-container\">\n\t\t\t<h2 class=\"elementor-heading-title elementor-size-default\"><span style=\"color:#A7C2E4;\">Agence immobili\u00e8re\n<\/span> <\/h2>\t\t<\/div>\n\t\t\t\t<\/div>\n\t\t\t\t<div class=\"elementor-element elementor-element-8f4e852 elementor-widget elementor-widget-text-editor\" data-id=\"8f4e852\" data-element_type=\"widget\" data-widget_type=\"text-editor.default\">\n\t\t\t\t<div class=\"elementor-widget-container\">\n\t\t\t\t\t\t\t<p>Notre agence immobili\u00e8re vous propose un accompagnement professionnel sur-mesure, tant pour une mission de diagnostic, qu&#8217;une estimation d&#8217;un bien, une vente, un achat ou encore une location.<\/p><p>Satisfaire nos clients dans leur\u00a0changement de r\u00e9sidence,\u00a0apporter une s\u00e9curit\u00e9 d\u2019investissement, des conseils et de la s\u00e9r\u00e9nit\u00e9 \u00e0 chaque \u00e9tape de votre projet, sont nos missions au quotidien.<\/p><p>Pr\u00e9sent depuis plus de 20 ans dans le paysage Camerounais, nous avons une parfaite connaissance du territoire et de ses espaces, ce qui nous permet d\u2019affiner nos strat\u00e9gies et proposer les solutions les plus adapt\u00e9es \u00e0 nos clients.<\/p><p class=\"p1\">\u00a0<\/p>\t\t\t\t\t\t<\/div>\n\t\t\t\t<\/div>\n\t\t\t\t\t<\/div>\n\t\t<\/div>\n\t\t\t\t<div class=\"elementor-column elementor-col-50 elementor-top-column elementor-element elementor-element-0d165ca\" data-id=\"0d165ca\" data-element_type=\"column\">\n\t\t\t<div class=\"elementor-widget-wrap elementor-element-populated\">\n\t\t\t\t\t\t\t\t<div class=\"elementor-element elementor-element-6cbf216 elementor-widget elementor-widget-image\" data-id=\"6cbf216\" data-element_type=\"widget\" data-widget_type=\"image.default\">\n\t\t\t\t<div class=\"elementor-widget-container\">\n\t\t\t\t\t\t\t\t\t\t\t\t\t\t\t<img decoding=\"async\" src=\"https:\/\/groupearno.com\/wp-content\/uploads\/elementor\/thumbs\/family-plays-together-while-moving-packing-things-riding-around-living-room-with-kids-cardboard-scaled-potv84xpjpmm8u4wxv76n9dk2wu811fko7bn3b7n9k.jpg\" title=\"Family plays together while moving packing things riding around living room with kids in cardboard box siblings laughing holding each other tight screaming with joy spending time together in apartment\" alt=\"Family plays together while moving packing things riding around living room with kids in cardboard box siblings laughing holding each other tight screaming with joy spending time together in apartment\" \/>\t\t\t\t\t\t\t\t\t\t\t\t\t\t\t<\/div>\n\t\t\t\t<\/div>\n\t\t\t\t\t<\/div>\n\t\t<\/div>\n\t\t\t\t\t\t\t<\/div>\n\t\t<\/section>\n\t\t\t\t<section class=\"elementor-section elementor-top-section elementor-element elementor-element-23d1427 elementor-section-boxed elementor-section-height-default elementor-section-height-default\" data-id=\"23d1427\" data-element_type=\"section\">\n\t\t\t\t\t\t<div class=\"elementor-container elementor-column-gap-default\">\n\t\t\t\t\t<div class=\"elementor-column elementor-col-100 elementor-top-column elementor-element elementor-element-3e41872\" data-id=\"3e41872\" data-element_type=\"column\">\n\t\t\t<div class=\"elementor-widget-wrap elementor-element-populated\">\n\t\t\t\t\t\t\t\t<div class=\"elementor-element elementor-element-7c550af elementor-widget elementor-widget-text-editor\" data-id=\"7c550af\" data-element_type=\"widget\" data-widget_type=\"text-editor.default\">\n\t\t\t\t<div class=\"elementor-widget-container\">\n\t\t\t\t\t\t\t<h5>Vous recherchez \u00e0 faire un investissement rentable? Un appartement, un terrain, un espace \u00e0 louer ou acheter ?<\/h5>\t\t\t\t\t\t<\/div>\n\t\t\t\t<\/div>\n\t\t\t\t<div class=\"elementor-element elementor-element-7cade72 elementor-align-center elementor-widget elementor-widget-button\" data-id=\"7cade72\" data-element_type=\"widget\" data-widget_type=\"button.default\">\n\t\t\t\t<div class=\"elementor-widget-container\">\n\t\t\t\t\t<div class=\"elementor-button-wrapper\">\n\t\t\t<a href=\"https:\/\/groupearno.com\/fr\/contactez-nous\/\" class=\"elementor-button-link elementor-button elementor-size-sm\" role=\"button\" id=\"showdevismodalfake\">\n\t\t\t\t\t\t<span class=\"elementor-button-content-wrapper\">\n\t\t\t\t\t\t<span class=\"elementor-button-text\">CONTACTEZ-NOUS !<\/span>\n\t\t<\/span>\n\t\t\t\t\t<\/a>\n\t\t<\/div>\n\t\t\t\t<\/div>\n\t\t\t\t<\/div>\n\t\t\t\t\t<\/div>\n\t\t<\/div>\n\t\t\t\t\t\t\t<\/div>\n\t\t<\/section>\n\t\t\t\t\t\t<\/div>\n\t\t\t\t\t<\/div>\n\t\t","protected":false},"excerpt":{"rendered":"<p>Immobilier 0 Unit\u00e9s Penser et investir dans l\u2019immobilier de demain Fonci\u00e8re immobili\u00e8re Innover, cr\u00e9er de la valeur et am\u00e9liorer les infrastructures urbaines au Cameroun; telle est la mission principale de la fonci\u00e8re ARNO. \u00c0 notre actif, un large parc immobilier constitu\u00e9 de produits vari\u00e9s tels que des\u00a0bureaux, des logements,\u00a0ou encore des entrep\u00f4ts dans lesquels nous [&hellip;]<\/p>\n","protected":false},"author":1,"featured_media":0,"parent":0,"menu_order":0,"comment_status":"closed","ping_status":"closed","template":"page-banner.php","meta":[],"_links":{"self":[{"href":"https:\/\/groupearno.com\/fr\/wp-json\/wp\/v2\/pages\/2187"}],"collection":[{"href":"https:\/\/groupearno.com\/fr\/wp-json\/wp\/v2\/pages"}],"about":[{"href":"https:\/\/groupearno.com\/fr\/wp-json\/wp\/v2\/types\/page"}],"author":[{"embeddable":true,"href":"https:\/\/groupearno.com\/fr\/wp-json\/wp\/v2\/users\/1"}],"replies":[{"embeddable":true,"href":"https:\/\/groupearno.com\/fr\/wp-json\/wp\/v2\/comments?post=2187"}],"version-history":[{"count":99,"href":"https:\/\/groupearno.com\/fr\/wp-json\/wp\/v2\/pages\/2187\/revisions"}],"predecessor-version":[{"id":9857,"href":"https:\/\/groupearno.com\/fr\/wp-json\/wp\/v2\/pages\/2187\/revisions\/9857"}],"wp:attachment":[{"href":"https:\/\/groupearno.com\/fr\/wp-json\/wp\/v2\/media?parent=2187"}],"curies":[{"name":"wp","href":"https:\/\/api.w.org\/{rel}","templated":true}]}}