{"id":2163,"date":"2021-12-22T09:06:53","date_gmt":"2021-12-22T08:06:53","guid":{"rendered":"https:\/\/groupearno.com\/?page_id=2163"},"modified":"2022-05-16T12:56:55","modified_gmt":"2022-05-16T10:56:55","slug":"activite-technologie","status":"publish","type":"page","link":"https:\/\/groupearno.com\/fr\/activite-technologie\/","title":{"rendered":"Activit\u00e9 Technologie"},"content":{"rendered":"\t\t<div data-elementor-type=\"wp-page\" data-elementor-id=\"2163\" class=\"elementor elementor-2163\" data-elementor-settings=\"[]\">\n\t\t\t\t\t\t\t<div class=\"elementor-section-wrap\">\n\t\t\t\t\t\t\t<section class=\"elementor-section elementor-top-section elementor-element elementor-element-c93dfaa elementor-section-full_width topbanner banner_activity elementor-section-height-default elementor-section-height-default\" data-id=\"c93dfaa\" data-element_type=\"section\" data-settings=\"{&quot;background_background&quot;:&quot;classic&quot;}\">\n\t\t\t\t\t\t<div class=\"elementor-container elementor-column-gap-default\">\n\t\t\t\t\t<div class=\"elementor-column elementor-col-100 elementor-top-column elementor-element elementor-element-02a2b3d\" data-id=\"02a2b3d\" data-element_type=\"column\">\n\t\t\t<div class=\"elementor-widget-wrap elementor-element-populated\">\n\t\t\t\t\t\t\t\t<div class=\"elementor-element elementor-element-dc9715e elementor-widget elementor-widget-heading\" data-id=\"dc9715e\" data-element_type=\"widget\" data-widget_type=\"heading.default\">\n\t\t\t\t<div class=\"elementor-widget-container\">\n\t\t\t<h1 class=\"elementor-heading-title elementor-size-default\">Technologies <span style=\"color: #a7c2e4;\">du b\u00e2timent<\/span><\/h1>\t\t<\/div>\n\t\t\t\t<\/div>\n\t\t\t\t<div class=\"elementor-element elementor-element-2c202c0 elementor-widget elementor-widget-text-editor\" data-id=\"2c202c0\" data-element_type=\"widget\" data-widget_type=\"text-editor.default\">\n\t\t\t\t<div class=\"elementor-widget-container\">\n\t\t\t\t\t\t\t\t\t\t\t\t\t<\/div>\n\t\t\t\t<\/div>\n\t\t\t\t\t<\/div>\n\t\t<\/div>\n\t\t\t\t\t\t\t<\/div>\n\t\t<\/section>\n\t\t\t\t<section class=\"elementor-section elementor-top-section elementor-element elementor-element-b507d96 elementor-section-full_width bloc_entities_counter elementor-section-height-default elementor-section-height-default\" data-id=\"b507d96\" data-element_type=\"section\">\n\t\t\t\t\t\t<div class=\"elementor-container elementor-column-gap-default\">\n\t\t\t\t\t<div class=\"elementor-column elementor-col-100 elementor-top-column elementor-element elementor-element-9b1d02f\" data-id=\"9b1d02f\" data-element_type=\"column\">\n\t\t\t<div class=\"elementor-widget-wrap elementor-element-populated\">\n\t\t\t\t\t\t\t\t<section class=\"elementor-section elementor-inner-section elementor-element elementor-element-33e2643 counter_banner elementor-section-boxed elementor-section-height-default elementor-section-height-default\" data-id=\"33e2643\" data-element_type=\"section\">\n\t\t\t\t\t\t<div class=\"elementor-container elementor-column-gap-default\">\n\t\t\t\t\t<div class=\"elementor-column elementor-col-100 elementor-inner-column elementor-element elementor-element-2b21c10\" data-id=\"2b21c10\" data-element_type=\"column\">\n\t\t\t<div class=\"elementor-widget-wrap elementor-element-populated\">\n\t\t\t\t\t\t\t\t<div class=\"elementor-element elementor-element-d15e5f9 elementor-widget elementor-widget-image\" data-id=\"d15e5f9\" data-element_type=\"widget\" data-widget_type=\"image.default\">\n\t\t\t\t<div class=\"elementor-widget-container\">\n\t\t\t\t\t\t\t\t\t\t\t\t\t\t\t\t<a href=\"https:\/\/groupearno.com\/les-entites\/arno-technologie\/\">\n\t\t\t\t\t\t\t<img decoding=\"async\" width=\"612\" height=\"436\" src=\"https:\/\/groupearno.com\/wp-content\/uploads\/2021\/12\/techno_blanc.png\" class=\"attachment-full size-full\" alt=\"\" srcset=\"https:\/\/groupearno.com\/wp-content\/uploads\/2021\/12\/techno_blanc.png 612w, https:\/\/groupearno.com\/wp-content\/uploads\/2021\/12\/techno_blanc-300x214.png 300w\" sizes=\"(max-width: 612px) 100vw, 612px\" \/>\t\t\t\t\t\t\t\t<\/a>\n\t\t\t\t\t\t\t\t\t\t\t\t\t\t\t<\/div>\n\t\t\t\t<\/div>\n\t\t\t\t\t<\/div>\n\t\t<\/div>\n\t\t\t\t\t\t\t<\/div>\n\t\t<\/section>\n\t\t\t\t\t<\/div>\n\t\t<\/div>\n\t\t\t\t\t\t\t<\/div>\n\t\t<\/section>\n\t\t\t\t<section class=\"elementor-section elementor-top-section elementor-element elementor-element-db0130e elementor-section-full_width elementor-section-stretched lespoles_arno_tech elementor-section-height-default elementor-section-height-default\" data-id=\"db0130e\" data-element_type=\"section\" data-settings=\"{&quot;stretch_section&quot;:&quot;section-stretched&quot;}\">\n\t\t\t\t\t\t<div class=\"elementor-container elementor-column-gap-default\">\n\t\t\t\t\t<div class=\"elementor-column elementor-col-100 elementor-top-column elementor-element elementor-element-869e9c3 maxwidth1025\" data-id=\"869e9c3\" data-element_type=\"column\">\n\t\t\t<div class=\"elementor-widget-wrap elementor-element-populated\">\n\t\t\t\t\t\t\t\t<div class=\"elementor-element elementor-element-4eec890 elementor-widget elementor-widget-text-editor\" data-id=\"4eec890\" data-element_type=\"widget\" data-widget_type=\"text-editor.default\">\n\t\t\t\t<div class=\"elementor-widget-container\">\n\t\t\t\t\t\t\t<h3>4 sp\u00e9cialit\u00e9s au coeur de notre savoir-faire\u00a0<\/h3><h3>pour r\u00e9ussir notre transition \u00e9nerg\u00e9tique<\/h3><div>\u00a0<\/div><div>\u00a0<\/div><div>\u00a0<\/div>\t\t\t\t\t\t<\/div>\n\t\t\t\t<\/div>\n\t\t\t\t<section class=\"elementor-section elementor-inner-section elementor-element elementor-element-64c03f5 elementor-section-full_width elementor-section-height-default elementor-section-height-default\" data-id=\"64c03f5\" data-element_type=\"section\">\n\t\t\t\t\t\t<div class=\"elementor-container elementor-column-gap-default\">\n\t\t\t\t\t<div class=\"elementor-column elementor-col-50 elementor-inner-column elementor-element elementor-element-6a2d8af\" data-id=\"6a2d8af\" data-element_type=\"column\">\n\t\t\t<div class=\"elementor-widget-wrap elementor-element-populated\">\n\t\t\t\t\t\t\t\t<div class=\"elementor-element elementor-element-696c78a image_domaine_cliente elementor-widget elementor-widget-image\" data-id=\"696c78a\" data-element_type=\"widget\" data-widget_type=\"image.default\">\n\t\t\t\t<div class=\"elementor-widget-container\">\n\t\t\t\t\t\t\t\t\t\t\t\t\t\t\t\t<a href=\"#\">\n\t\t\t\t\t\t\t<img decoding=\"async\" width=\"2560\" height=\"1530\" src=\"https:\/\/groupearno.com\/wp-content\/uploads\/2022\/03\/electrical-technician-working-switchboard-with-fuses-1-scaled.jpg\" class=\"attachment-full size-full\" alt=\"\" srcset=\"https:\/\/groupearno.com\/wp-content\/uploads\/2022\/03\/electrical-technician-working-switchboard-with-fuses-1-scaled.jpg 2560w, https:\/\/groupearno.com\/wp-content\/uploads\/2022\/03\/electrical-technician-working-switchboard-with-fuses-1-300x179.jpg 300w, https:\/\/groupearno.com\/wp-content\/uploads\/2022\/03\/electrical-technician-working-switchboard-with-fuses-1-1024x612.jpg 1024w, https:\/\/groupearno.com\/wp-content\/uploads\/2022\/03\/electrical-technician-working-switchboard-with-fuses-1-768x459.jpg 768w, https:\/\/groupearno.com\/wp-content\/uploads\/2022\/03\/electrical-technician-working-switchboard-with-fuses-1-1536x918.jpg 1536w, https:\/\/groupearno.com\/wp-content\/uploads\/2022\/03\/electrical-technician-working-switchboard-with-fuses-1-2048x1224.jpg 2048w, https:\/\/groupearno.com\/wp-content\/uploads\/2022\/03\/electrical-technician-working-switchboard-with-fuses-1-1200x717.jpg 1200w, https:\/\/groupearno.com\/wp-content\/uploads\/2022\/03\/electrical-technician-working-switchboard-with-fuses-1-1980x1183.jpg 1980w, https:\/\/groupearno.com\/wp-content\/uploads\/2022\/03\/electrical-technician-working-switchboard-with-fuses-1-24x14.jpg 24w, https:\/\/groupearno.com\/wp-content\/uploads\/2022\/03\/electrical-technician-working-switchboard-with-fuses-1-36x22.jpg 36w, https:\/\/groupearno.com\/wp-content\/uploads\/2022\/03\/electrical-technician-working-switchboard-with-fuses-1-48x29.jpg 48w\" sizes=\"(max-width: 2560px) 100vw, 2560px\" \/>\t\t\t\t\t\t\t\t<\/a>\n\t\t\t\t\t\t\t\t\t\t\t\t\t\t\t<\/div>\n\t\t\t\t<\/div>\n\t\t\t\t<div class=\"elementor-element elementor-element-614b5b0 tech_subtitle elementor-widget elementor-widget-heading\" data-id=\"614b5b0\" data-element_type=\"widget\" data-widget_type=\"heading.default\">\n\t\t\t\t<div class=\"elementor-widget-container\">\n\t\t\t<h2 class=\"elementor-heading-title elementor-size-default\">G\u00e9nie \u00e9lectrique<\/h2>\t\t<\/div>\n\t\t\t\t<\/div>\n\t\t\t\t<div class=\"elementor-element elementor-element-fb29211 elementor-widget elementor-widget-text-editor\" data-id=\"fb29211\" data-element_type=\"widget\" data-widget_type=\"text-editor.default\">\n\t\t\t\t<div class=\"elementor-widget-container\">\n\t\t\t\t\t\t\t<p class=\"p1\">ARNO TECHNOLOGIES offre des solutions \u00e9lectriques se rapportant au Courant Fort et au Courant Faible. Elles sont ax\u00e9es sur la gestion performante des \u00e9quipements et la ma\u00eetrise des consommations \u00e9lectriques. (TGBT, \u00c9clairage, points alimentation, vid\u00e9osurveillance, contr\u00f4le des acc\u00e8s, d\u00e9tection et extinction incendie, sonorisation d\u2019ambiance, t\u00e9l\u00e9phonie interne et de s\u00e9curit\u00e9, etc\u2026)<\/p><p class=\"p1\">Elles reposent sur des technologies intelligentes\u00a0: Domotique, gestion technique centralis\u00e9e, mise \u00e0 niveau des infrastructures obsol\u00e8tes, domotique, etc\u2026<\/p>\t\t\t\t\t\t<\/div>\n\t\t\t\t<\/div>\n\t\t\t\t\t<\/div>\n\t\t<\/div>\n\t\t\t\t<div class=\"elementor-column elementor-col-50 elementor-inner-column elementor-element elementor-element-814f62c\" data-id=\"814f62c\" data-element_type=\"column\">\n\t\t\t<div class=\"elementor-widget-wrap elementor-element-populated\">\n\t\t\t\t\t\t\t\t<div class=\"elementor-element elementor-element-b703b83 image_domaine_cliente elementor-widget elementor-widget-image\" data-id=\"b703b83\" data-element_type=\"widget\" data-widget_type=\"image.default\">\n\t\t\t\t<div class=\"elementor-widget-container\">\n\t\t\t\t\t\t\t\t\t\t\t\t\t\t\t<img decoding=\"async\" width=\"580\" height=\"387\" src=\"https:\/\/groupearno.com\/wp-content\/uploads\/2022\/03\/sets-cooling-towers-data-center-building-1-1024x683.jpg\" class=\"attachment-large size-large\" alt=\"\" srcset=\"https:\/\/groupearno.com\/wp-content\/uploads\/2022\/03\/sets-cooling-towers-data-center-building-1-1024x683.jpg 1024w, https:\/\/groupearno.com\/wp-content\/uploads\/2022\/03\/sets-cooling-towers-data-center-building-1-300x200.jpg 300w, https:\/\/groupearno.com\/wp-content\/uploads\/2022\/03\/sets-cooling-towers-data-center-building-1-768x512.jpg 768w, https:\/\/groupearno.com\/wp-content\/uploads\/2022\/03\/sets-cooling-towers-data-center-building-1-1536x1024.jpg 1536w, https:\/\/groupearno.com\/wp-content\/uploads\/2022\/03\/sets-cooling-towers-data-center-building-1-2048x1366.jpg 2048w, https:\/\/groupearno.com\/wp-content\/uploads\/2022\/03\/sets-cooling-towers-data-center-building-1-1200x800.jpg 1200w, https:\/\/groupearno.com\/wp-content\/uploads\/2022\/03\/sets-cooling-towers-data-center-building-1-1980x1320.jpg 1980w, https:\/\/groupearno.com\/wp-content\/uploads\/2022\/03\/sets-cooling-towers-data-center-building-1-24x16.jpg 24w, https:\/\/groupearno.com\/wp-content\/uploads\/2022\/03\/sets-cooling-towers-data-center-building-1-36x24.jpg 36w, https:\/\/groupearno.com\/wp-content\/uploads\/2022\/03\/sets-cooling-towers-data-center-building-1-48x32.jpg 48w\" sizes=\"(max-width: 580px) 100vw, 580px\" \/>\t\t\t\t\t\t\t\t\t\t\t\t\t\t\t<\/div>\n\t\t\t\t<\/div>\n\t\t\t\t<div class=\"elementor-element elementor-element-a1f00a5 tech_subtitle elementor-widget elementor-widget-heading\" data-id=\"a1f00a5\" data-element_type=\"widget\" data-widget_type=\"heading.default\">\n\t\t\t\t<div class=\"elementor-widget-container\">\n\t\t\t<h2 class=\"elementor-heading-title elementor-size-default\">G\u00e9nie climatique<\/h2>\t\t<\/div>\n\t\t\t\t<\/div>\n\t\t\t\t<div class=\"elementor-element elementor-element-62ec7ae elementor-widget elementor-widget-text-editor\" data-id=\"62ec7ae\" data-element_type=\"widget\" data-widget_type=\"text-editor.default\">\n\t\t\t\t<div class=\"elementor-widget-container\">\n\t\t\t\t\t\t\t<p class=\"p1\">ARNO TECHNOLOGIES a la r\u00e9putation d\u2019offrir \u00e0 ses clients des solutions de confort et de traitement d\u2019air. Elles permettent de garantir la qualit\u00e9 de l\u2019air dans les b\u00e2timents, les temp\u00e9ratures et les taux d\u2019humidit\u00e9.<\/p><p class=\"p1\">Ces solutions se rapportent \u00e0 la climatisation, le chauffage, la ventilation, la r\u00e9cup\u00e9ration de chaleur, les groupes \u00e0 eau glac\u00e9e et la gestion technique centralis\u00e9e.<\/p><p class=\"p1\">Que ce soit en ouvrage neuf ou en r\u00e9novation, notre expertise se rapporte \u00e0 la conception, le montage et la maintenance. Tout cela en consid\u00e9rant les nouveaux standards r\u00e9gissant l\u2019impact sur l\u2019environnement.<\/p>\t\t\t\t\t\t<\/div>\n\t\t\t\t<\/div>\n\t\t\t\t\t<\/div>\n\t\t<\/div>\n\t\t\t\t\t\t\t<\/div>\n\t\t<\/section>\n\t\t\t\t<section class=\"elementor-section elementor-inner-section elementor-element elementor-element-9175a5e elementor-section-full_width elementor-section-height-default elementor-section-height-default\" data-id=\"9175a5e\" data-element_type=\"section\">\n\t\t\t\t\t\t<div class=\"elementor-container elementor-column-gap-default\">\n\t\t\t\t\t<div class=\"elementor-column elementor-col-50 elementor-inner-column elementor-element elementor-element-7b19f9f\" data-id=\"7b19f9f\" data-element_type=\"column\">\n\t\t\t<div class=\"elementor-widget-wrap elementor-element-populated\">\n\t\t\t\t\t\t\t\t<div class=\"elementor-element elementor-element-06ba03d image_domaine_cliente elementor-widget elementor-widget-image\" data-id=\"06ba03d\" data-element_type=\"widget\" data-widget_type=\"image.default\">\n\t\t\t\t<div class=\"elementor-widget-container\">\n\t\t\t\t\t\t\t\t\t\t\t\t\t\t\t\t<a href=\"#\">\n\t\t\t\t\t\t\t<img decoding=\"async\" width=\"1920\" height=\"2560\" src=\"https:\/\/groupearno.com\/wp-content\/uploads\/2022\/01\/IMG_20161123_155857-scaled.jpg\" class=\"attachment-full size-full\" alt=\"\" srcset=\"https:\/\/groupearno.com\/wp-content\/uploads\/2022\/01\/IMG_20161123_155857-scaled.jpg 1920w, https:\/\/groupearno.com\/wp-content\/uploads\/2022\/01\/IMG_20161123_155857-225x300.jpg 225w, https:\/\/groupearno.com\/wp-content\/uploads\/2022\/01\/IMG_20161123_155857-768x1024.jpg 768w, https:\/\/groupearno.com\/wp-content\/uploads\/2022\/01\/IMG_20161123_155857-1152x1536.jpg 1152w, https:\/\/groupearno.com\/wp-content\/uploads\/2022\/01\/IMG_20161123_155857-1536x2048.jpg 1536w, https:\/\/groupearno.com\/wp-content\/uploads\/2022\/01\/IMG_20161123_155857-1200x1600.jpg 1200w, https:\/\/groupearno.com\/wp-content\/uploads\/2022\/01\/IMG_20161123_155857-1980x2640.jpg 1980w, https:\/\/groupearno.com\/wp-content\/uploads\/2022\/01\/IMG_20161123_155857-18x24.jpg 18w, https:\/\/groupearno.com\/wp-content\/uploads\/2022\/01\/IMG_20161123_155857-27x36.jpg 27w, https:\/\/groupearno.com\/wp-content\/uploads\/2022\/01\/IMG_20161123_155857-36x48.jpg 36w\" sizes=\"(max-width: 1920px) 100vw, 1920px\" \/>\t\t\t\t\t\t\t\t<\/a>\n\t\t\t\t\t\t\t\t\t\t\t\t\t\t\t<\/div>\n\t\t\t\t<\/div>\n\t\t\t\t<div class=\"elementor-element elementor-element-1787442 tech_subtitle elementor-widget elementor-widget-heading\" data-id=\"1787442\" data-element_type=\"widget\" data-widget_type=\"heading.default\">\n\t\t\t\t<div class=\"elementor-widget-container\">\n\t\t\t<h2 class=\"elementor-heading-title elementor-size-default\">Plomberie industrielle & r\u00e9sidentielle<\/h2>\t\t<\/div>\n\t\t\t\t<\/div>\n\t\t\t\t<div class=\"elementor-element elementor-element-9d4c7dc elementor-widget elementor-widget-text-editor\" data-id=\"9d4c7dc\" data-element_type=\"widget\" data-widget_type=\"text-editor.default\">\n\t\t\t\t<div class=\"elementor-widget-container\">\n\t\t\t\t\t\t\t<p class=\"p1\">Notre expertise dans ce domaine repose dans la construction des r\u00e9seaux de transport de fluides industriels chauds, froids de tout corps liquide ou visqueux ; ainsi que la conception et l\u2019installation compl\u00e8te de syst\u00e8mes de chauffage, vapeur et de groupes froids industriels.<\/p>\t\t\t\t\t\t<\/div>\n\t\t\t\t<\/div>\n\t\t\t\t\t<\/div>\n\t\t<\/div>\n\t\t\t\t<div class=\"elementor-column elementor-col-50 elementor-inner-column elementor-element elementor-element-ca46dea\" data-id=\"ca46dea\" data-element_type=\"column\">\n\t\t\t<div class=\"elementor-widget-wrap elementor-element-populated\">\n\t\t\t\t\t\t\t\t<div class=\"elementor-element elementor-element-5603320 image_domaine_cliente elementor-widget elementor-widget-image\" data-id=\"5603320\" data-element_type=\"widget\" data-widget_type=\"image.default\">\n\t\t\t\t<div class=\"elementor-widget-container\">\n\t\t\t\t\t\t\t\t\t\t\t\t\t\t\t<img decoding=\"async\" width=\"580\" height=\"387\" src=\"https:\/\/groupearno.com\/wp-content\/uploads\/2022\/03\/elevator-entrance-is-shopping-mall-1024x683.jpg\" class=\"attachment-large size-large\" alt=\"\" srcset=\"https:\/\/groupearno.com\/wp-content\/uploads\/2022\/03\/elevator-entrance-is-shopping-mall-1024x683.jpg 1024w, https:\/\/groupearno.com\/wp-content\/uploads\/2022\/03\/elevator-entrance-is-shopping-mall-300x200.jpg 300w, https:\/\/groupearno.com\/wp-content\/uploads\/2022\/03\/elevator-entrance-is-shopping-mall-768x512.jpg 768w, https:\/\/groupearno.com\/wp-content\/uploads\/2022\/03\/elevator-entrance-is-shopping-mall-1536x1025.jpg 1536w, https:\/\/groupearno.com\/wp-content\/uploads\/2022\/03\/elevator-entrance-is-shopping-mall-2048x1366.jpg 2048w, https:\/\/groupearno.com\/wp-content\/uploads\/2022\/03\/elevator-entrance-is-shopping-mall-1200x801.jpg 1200w, https:\/\/groupearno.com\/wp-content\/uploads\/2022\/03\/elevator-entrance-is-shopping-mall-1980x1321.jpg 1980w, https:\/\/groupearno.com\/wp-content\/uploads\/2022\/03\/elevator-entrance-is-shopping-mall-24x16.jpg 24w, https:\/\/groupearno.com\/wp-content\/uploads\/2022\/03\/elevator-entrance-is-shopping-mall-36x24.jpg 36w, https:\/\/groupearno.com\/wp-content\/uploads\/2022\/03\/elevator-entrance-is-shopping-mall-48x32.jpg 48w\" sizes=\"(max-width: 580px) 100vw, 580px\" \/>\t\t\t\t\t\t\t\t\t\t\t\t\t\t\t<\/div>\n\t\t\t\t<\/div>\n\t\t\t\t<div class=\"elementor-element elementor-element-879c5e7 tech_subtitle elementor-widget elementor-widget-heading\" data-id=\"879c5e7\" data-element_type=\"widget\" data-widget_type=\"heading.default\">\n\t\t\t\t<div class=\"elementor-widget-container\">\n\t\t\t<h2 class=\"elementor-heading-title elementor-size-default\">G\u00e9nie \u00e9lectrom\u00e9canique<\/h2>\t\t<\/div>\n\t\t\t\t<\/div>\n\t\t\t\t<div class=\"elementor-element elementor-element-eb0036e elementor-widget elementor-widget-text-editor\" data-id=\"eb0036e\" data-element_type=\"widget\" data-widget_type=\"text-editor.default\">\n\t\t\t\t<div class=\"elementor-widget-container\">\n\t\t\t\t\t\t\t<p class=\"p1\">L\u2019offre concerne tous les appareillages de trafic vertical et horizontal d\u2019un b\u00e2timent. ARNO TECHNOLOGIES offre en fourniture, installation et maintenance une large gamme d\u2019ascenseurs, escalators et tapis roulants pour des applications tertiaires et industrielles : pour b\u00e2timents neufs non encore \u00e9quip\u00e9s et pour b\u00e2timents en r\u00e9novation. Ils peuvent customiser en fonction de la charge utile et du standing requis par le client.<\/p>\t\t\t\t\t\t<\/div>\n\t\t\t\t<\/div>\n\t\t\t\t\t<\/div>\n\t\t<\/div>\n\t\t\t\t\t\t\t<\/div>\n\t\t<\/section>\n\t\t\t\t\t<\/div>\n\t\t<\/div>\n\t\t\t\t\t\t\t<\/div>\n\t\t<\/section>\n\t\t\t\t\t\t<\/div>\n\t\t\t\t\t<\/div>\n\t\t","protected":false},"excerpt":{"rendered":"<p>Technologies du b\u00e2timent 4 sp\u00e9cialit\u00e9s au coeur de notre savoir-faire\u00a0 pour r\u00e9ussir notre transition \u00e9nerg\u00e9tique \u00a0\u00a0\u00a0 G\u00e9nie \u00e9lectrique ARNO TECHNOLOGIES offre des solutions \u00e9lectriques se rapportant au Courant Fort et au Courant Faible. Elles sont ax\u00e9es sur la gestion performante des \u00e9quipements et la ma\u00eetrise des consommations \u00e9lectriques. (TGBT, \u00c9clairage, points alimentation, vid\u00e9osurveillance, contr\u00f4le des [&hellip;]<\/p>\n","protected":false},"author":1,"featured_media":0,"parent":0,"menu_order":0,"comment_status":"closed","ping_status":"closed","template":"page-banner.php","meta":[],"_links":{"self":[{"href":"https:\/\/groupearno.com\/fr\/wp-json\/wp\/v2\/pages\/2163"}],"collection":[{"href":"https:\/\/groupearno.com\/fr\/wp-json\/wp\/v2\/pages"}],"about":[{"href":"https:\/\/groupearno.com\/fr\/wp-json\/wp\/v2\/types\/page"}],"author":[{"embeddable":true,"href":"https:\/\/groupearno.com\/fr\/wp-json\/wp\/v2\/users\/1"}],"replies":[{"embeddable":true,"href":"https:\/\/groupearno.com\/fr\/wp-json\/wp\/v2\/comments?post=2163"}],"version-history":[{"count":36,"href":"https:\/\/groupearno.com\/fr\/wp-json\/wp\/v2\/pages\/2163\/revisions"}],"predecessor-version":[{"id":9541,"href":"https:\/\/groupearno.com\/fr\/wp-json\/wp\/v2\/pages\/2163\/revisions\/9541"}],"wp:attachment":[{"href":"https:\/\/groupearno.com\/fr\/wp-json\/wp\/v2\/media?parent=2163"}],"curies":[{"name":"wp","href":"https:\/\/api.w.org\/{rel}","templated":true}]}}