{"id":2019,"date":"2021-12-21T16:06:50","date_gmt":"2021-12-21T15:06:50","guid":{"rendered":"https:\/\/groupearno.com\/?page_id=2019"},"modified":"2022-02-10T17:17:43","modified_gmt":"2022-02-10T16:17:43","slug":"activite-distribution-test-2","status":"publish","type":"page","link":"https:\/\/groupearno.com\/fr\/activite-distribution-test-2\/","title":{"rendered":"Activit\u00e9 Distribution test 2"},"content":{"rendered":"\t\t<div data-elementor-type=\"wp-page\" data-elementor-id=\"2019\" class=\"elementor elementor-2019\" data-elementor-settings=\"[]\">\n\t\t\t\t\t\t\t<div class=\"elementor-section-wrap\">\n\t\t\t\t\t\t\t<section class=\"elementor-section elementor-top-section elementor-element elementor-element-c93dfaa elementor-section-full_width topbanner banner_activity elementor-section-height-default elementor-section-height-default\" data-id=\"c93dfaa\" data-element_type=\"section\" data-settings=\"{&quot;background_background&quot;:&quot;classic&quot;}\">\n\t\t\t\t\t\t<div class=\"elementor-container elementor-column-gap-default\">\n\t\t\t\t\t<div class=\"elementor-column elementor-col-100 elementor-top-column elementor-element elementor-element-02a2b3d\" data-id=\"02a2b3d\" data-element_type=\"column\">\n\t\t\t<div class=\"elementor-widget-wrap elementor-element-populated\">\n\t\t\t\t\t\t\t\t<div class=\"elementor-element elementor-element-dc9715e elementor-widget elementor-widget-heading\" data-id=\"dc9715e\" data-element_type=\"widget\" data-widget_type=\"heading.default\">\n\t\t\t\t<div class=\"elementor-widget-container\">\n\t\t\t<h1 class=\"elementor-heading-title elementor-size-default\">Distribution<\/h1>\t\t<\/div>\n\t\t\t\t<\/div>\n\t\t\t\t<div class=\"elementor-element elementor-element-2c202c0 elementor-widget elementor-widget-text-editor\" data-id=\"2c202c0\" data-element_type=\"widget\" data-widget_type=\"text-editor.default\">\n\t\t\t\t<div class=\"elementor-widget-container\">\n\t\t\t\t\t\t\tLe p\u00f4le Distribution constitue l\u2019activit\u00e9 historique du Groupe \u00e0 savoir le commerce de gros via l\u2019import-export de biens de consommation.\t\t\t\t\t\t<\/div>\n\t\t\t\t<\/div>\n\t\t\t\t\t<\/div>\n\t\t<\/div>\n\t\t\t\t\t\t\t<\/div>\n\t\t<\/section>\n\t\t\t\t<section class=\"elementor-section elementor-top-section elementor-element elementor-element-ef96084 elementor-section-full_width bloc_entities_counter elementor-section-height-default elementor-section-height-default\" data-id=\"ef96084\" data-element_type=\"section\">\n\t\t\t\t\t\t<div class=\"elementor-container elementor-column-gap-default\">\n\t\t\t\t\t<div class=\"elementor-column elementor-col-100 elementor-top-column elementor-element elementor-element-9ca9d22\" data-id=\"9ca9d22\" data-element_type=\"column\">\n\t\t\t<div class=\"elementor-widget-wrap elementor-element-populated\">\n\t\t\t\t\t\t\t\t<section class=\"elementor-section elementor-inner-section elementor-element elementor-element-72f9c9a counter_banner elementor-section-boxed elementor-section-height-default elementor-section-height-default\" data-id=\"72f9c9a\" data-element_type=\"section\">\n\t\t\t\t\t\t<div class=\"elementor-container elementor-column-gap-default\">\n\t\t\t\t\t<div class=\"elementor-column elementor-col-100 elementor-inner-column elementor-element elementor-element-0fd17ce\" data-id=\"0fd17ce\" data-element_type=\"column\">\n\t\t\t<div class=\"elementor-widget-wrap elementor-element-populated\">\n\t\t\t\t\t\t\t\t<div class=\"elementor-element elementor-element-8ee10f9 elementor-widget elementor-widget-image\" data-id=\"8ee10f9\" data-element_type=\"widget\" data-widget_type=\"image.default\">\n\t\t\t\t<div class=\"elementor-widget-container\">\n\t\t\t\t\t\t\t\t\t\t\t\t\t\t\t\t<a href=\"https:\/\/groupearno.com\/les-entites\/arno-retail\/\">\n\t\t\t\t\t\t\t<img decoding=\"async\" width=\"569\" height=\"385\" src=\"https:\/\/groupearno.com\/wp-content\/uploads\/2021\/12\/retail_blanc.png\" class=\"attachment-full size-full\" alt=\"\" srcset=\"https:\/\/groupearno.com\/wp-content\/uploads\/2021\/12\/retail_blanc.png 569w, https:\/\/groupearno.com\/wp-content\/uploads\/2021\/12\/retail_blanc-300x203.png 300w\" sizes=\"(max-width: 569px) 100vw, 569px\" \/>\t\t\t\t\t\t\t\t<\/a>\n\t\t\t\t\t\t\t\t\t\t\t\t\t\t\t<\/div>\n\t\t\t\t<\/div>\n\t\t\t\t\t<\/div>\n\t\t<\/div>\n\t\t\t\t\t\t\t<\/div>\n\t\t<\/section>\n\t\t\t\t\t<\/div>\n\t\t<\/div>\n\t\t\t\t\t\t\t<\/div>\n\t\t<\/section>\n\t\t\t\t<section class=\"elementor-section elementor-top-section elementor-element elementor-element-88e8331 elementor-section-full_width elementor-section-height-default elementor-section-height-default\" data-id=\"88e8331\" data-element_type=\"section\">\n\t\t\t\t\t\t<div class=\"elementor-container elementor-column-gap-default\">\n\t\t\t\t\t<div class=\"elementor-column elementor-col-100 elementor-top-column elementor-element elementor-element-67aeff9 maxwidth1025\" data-id=\"67aeff9\" data-element_type=\"column\">\n\t\t\t<div class=\"elementor-widget-wrap elementor-element-populated\">\n\t\t\t\t\t\t\t\t<div class=\"elementor-element elementor-element-d9124c6 elementor-widget elementor-widget-text-editor\" data-id=\"d9124c6\" data-element_type=\"widget\" data-widget_type=\"text-editor.default\">\n\t\t\t\t<div class=\"elementor-widget-container\">\n\t\t\t\t\t\t\t<p>Le Groupe ARNO c\u2019est avant tout un groupe familial, une entreprise de commer\u00e7ants, un groupe historique depuis 1963 mais surtout c\u2019est un commer\u00e7ant des temps modernes avec la pr\u00e9occupation permanente de rendre ses produits \u00e0 la fois abordables et accessibles \u00e0 tous.<\/br>\nSatisfaire la demande et r\u00e9pondre au mieux aux attentes de nos consommateurs du continent Africain sont nos priorit\u00e9s.<\/p>\n\n<p style=\"color: #a7c2e4;\">Conjuguant l\u2019exp\u00e9rience de plus de cinquante ans d\u2019histoire et les nouvelles alliances du Groupe en 2020, ARNO continue sa transformation pour devenir un partenaire de r\u00e9f\u00e9rence.<\/p>\t\t\t\t\t\t<\/div>\n\t\t\t\t<\/div>\n\t\t\t\t\t<\/div>\n\t\t<\/div>\n\t\t\t\t\t\t\t<\/div>\n\t\t<\/section>\n\t\t\t\t<section class=\"elementor-section elementor-top-section elementor-element elementor-element-812ce17 elementor-section-full_width  maxwidth1025 elementor-section-height-default elementor-section-height-default\" data-id=\"812ce17\" data-element_type=\"section\">\n\t\t\t\t\t\t<div class=\"elementor-container elementor-column-gap-default\">\n\t\t\t\t\t<div class=\"elementor-column elementor-col-50 elementor-top-column elementor-element elementor-element-79f1cd8\" data-id=\"79f1cd8\" data-element_type=\"column\">\n\t\t\t<div class=\"elementor-widget-wrap elementor-element-populated\">\n\t\t\t\t\t\t\t\t<div class=\"elementor-element elementor-element-354cfe9 elementor-widget elementor-widget-image\" data-id=\"354cfe9\" data-element_type=\"widget\" data-widget_type=\"image.default\">\n\t\t\t\t<div class=\"elementor-widget-container\">\n\t\t\t\t\t\t\t\t\t\t\t\t\t\t\t<img decoding=\"async\" width=\"286\" height=\"52\" src=\"https:\/\/groupearno.com\/wp-content\/uploads\/2021\/12\/duvalarno.jpg\" class=\"attachment-full size-full\" alt=\"\" \/>\t\t\t\t\t\t\t\t\t\t\t\t\t\t\t<\/div>\n\t\t\t\t<\/div>\n\t\t\t\t\t<\/div>\n\t\t<\/div>\n\t\t\t\t<div class=\"elementor-column elementor-col-50 elementor-top-column elementor-element elementor-element-00bf99f\" data-id=\"00bf99f\" data-element_type=\"column\">\n\t\t\t<div class=\"elementor-widget-wrap\">\n\t\t\t\t\t\t\t\t\t<\/div>\n\t\t<\/div>\n\t\t\t\t\t\t\t<\/div>\n\t\t<\/section>\n\t\t\t\t<section class=\"elementor-section elementor-top-section elementor-element elementor-element-28346e8 elementor-section-full_width maxwidth1025 box_activity elementor-section-height-default elementor-section-height-default\" data-id=\"28346e8\" data-element_type=\"section\">\n\t\t\t\t\t\t<div class=\"elementor-container elementor-column-gap-default\">\n\t\t\t\t\t<div class=\"elementor-column elementor-col-50 elementor-top-column elementor-element elementor-element-518c8ee\" data-id=\"518c8ee\" data-element_type=\"column\">\n\t\t\t<div class=\"elementor-widget-wrap elementor-element-populated\">\n\t\t\t\t\t\t\t\t<div class=\"elementor-element elementor-element-8ba286b elementor-widget elementor-widget-heading\" data-id=\"8ba286b\" data-element_type=\"widget\" data-widget_type=\"heading.default\">\n\t\t\t\t<div class=\"elementor-widget-container\">\n\t\t\t<h2 class=\"elementor-heading-title elementor-size-default\">Un <span style=\"color:#A7C2E4;\">partenariat<\/span> strat\u00e9gique <span style=\"color:#A7C2E4;\">entre deux entreprises familiales<\/span>.<\/h2>\t\t<\/div>\n\t\t\t\t<\/div>\n\t\t\t\t<div class=\"elementor-element elementor-element-ac548b1 elementor-widget elementor-widget-text-editor\" data-id=\"ac548b1\" data-element_type=\"widget\" data-widget_type=\"text-editor.default\">\n\t\t\t\t<div class=\"elementor-widget-container\">\n\t\t\t\t\t\t\tLe Groupe ARNO s\u2019associe au Groupe Duval afin de constituer ensemble le leader de la grande distribution au Cameroun et en Afrique Centrale. L\u2019objectif derri\u00e8re ce partenariat est d\u2019\u00e9tendre le r\u00e9seau de magasins ARNO RETAIL et de super- march\u00e9s ARNO MARKET pour couvrir, en 6 ans, les 7 principales r\u00e9gions du territoire camerou- nais, tout en gardant en ligne de mire le potentiel africain dans ce secteur.\t\t\t\t\t\t<\/div>\n\t\t\t\t<\/div>\n\t\t\t\t\t<\/div>\n\t\t<\/div>\n\t\t\t\t<div class=\"elementor-column elementor-col-50 elementor-top-column elementor-element elementor-element-838963f actitite_box_img actitite_box_img_right \" data-id=\"838963f\" data-element_type=\"column\">\n\t\t\t<div class=\"elementor-widget-wrap elementor-element-populated\">\n\t\t\t\t\t\t\t\t<div class=\"elementor-element elementor-element-c992b79 elementor-widget elementor-widget-image\" data-id=\"c992b79\" data-element_type=\"widget\" data-widget_type=\"image.default\">\n\t\t\t\t<div class=\"elementor-widget-container\">\n\t\t\t\t\t\t\t\t\t\t\t\t\t\t\t<img decoding=\"async\" width=\"572\" height=\"374\" src=\"https:\/\/groupearno.com\/wp-content\/uploads\/2021\/12\/Picture-2-4.png\" class=\"attachment-full size-full\" alt=\"\" srcset=\"https:\/\/groupearno.com\/wp-content\/uploads\/2021\/12\/Picture-2-4.png 572w, https:\/\/groupearno.com\/wp-content\/uploads\/2021\/12\/Picture-2-4-300x196.png 300w\" sizes=\"(max-width: 572px) 100vw, 572px\" \/>\t\t\t\t\t\t\t\t\t\t\t\t\t\t\t<\/div>\n\t\t\t\t<\/div>\n\t\t\t\t\t<\/div>\n\t\t<\/div>\n\t\t\t\t\t\t\t<\/div>\n\t\t<\/section>\n\t\t\t\t<section class=\"elementor-section elementor-top-section elementor-element elementor-element-41407c3 elementor-section-full_width maxwidth1025 box_activity elementor-section-height-default elementor-section-height-default\" data-id=\"41407c3\" data-element_type=\"section\">\n\t\t\t\t\t\t<div class=\"elementor-container elementor-column-gap-default\">\n\t\t\t\t\t<div class=\"elementor-column elementor-col-50 elementor-top-column elementor-element elementor-element-5357dd9 actitite_box_img actitite_box_imgleft\" data-id=\"5357dd9\" data-element_type=\"column\">\n\t\t\t<div class=\"elementor-widget-wrap elementor-element-populated\">\n\t\t\t\t\t\t\t\t<div class=\"elementor-element elementor-element-edaec39 elementor-widget elementor-widget-image\" data-id=\"edaec39\" data-element_type=\"widget\" data-widget_type=\"image.default\">\n\t\t\t\t<div class=\"elementor-widget-container\">\n\t\t\t\t\t\t\t\t\t\t\t\t\t\t\t<img decoding=\"async\" width=\"572\" height=\"374\" src=\"https:\/\/groupearno.com\/wp-content\/uploads\/2021\/12\/Picture-2-4.png\" class=\"attachment-full size-full\" alt=\"\" srcset=\"https:\/\/groupearno.com\/wp-content\/uploads\/2021\/12\/Picture-2-4.png 572w, https:\/\/groupearno.com\/wp-content\/uploads\/2021\/12\/Picture-2-4-300x196.png 300w\" sizes=\"(max-width: 572px) 100vw, 572px\" \/>\t\t\t\t\t\t\t\t\t\t\t\t\t\t\t<\/div>\n\t\t\t\t<\/div>\n\t\t\t\t\t<\/div>\n\t\t<\/div>\n\t\t\t\t<div class=\"elementor-column elementor-col-50 elementor-top-column elementor-element elementor-element-420c2b4\" data-id=\"420c2b4\" data-element_type=\"column\">\n\t\t\t<div class=\"elementor-widget-wrap elementor-element-populated\">\n\t\t\t\t\t\t\t\t<div class=\"elementor-element elementor-element-ef73f3d elementor-widget elementor-widget-heading\" data-id=\"ef73f3d\" data-element_type=\"widget\" data-widget_type=\"heading.default\">\n\t\t\t\t<div class=\"elementor-widget-container\">\n\t\t\t<h2 class=\"elementor-heading-title elementor-size-default\">ARNO, distributeur officiel <span style=\"color:#F5CF50;display:block;font-family: 'Hero New Bold' !important\">Du portefeuille de LVMH<\/span><\/h2>\t\t<\/div>\n\t\t\t\t<\/div>\n\t\t\t\t<div class=\"elementor-element elementor-element-76f923b elementor-widget elementor-widget-text-editor\" data-id=\"76f923b\" data-element_type=\"widget\" data-widget_type=\"text-editor.default\">\n\t\t\t\t<div class=\"elementor-widget-container\">\n\t\t\t\t\t\t\tLeader dans le secteur de la grande distribution et des infrastructures et de l\u2019\u00e9nergie, Le groupe Arno est implant\u00e9 de fa\u00e7on \u00e9quilibr\u00e9e sur tout le\t\t\t\t\t\t<\/div>\n\t\t\t\t<\/div>\n\t\t\t\t\t<\/div>\n\t\t<\/div>\n\t\t\t\t\t\t\t<\/div>\n\t\t<\/section>\n\t\t\t\t<section class=\"elementor-section elementor-top-section elementor-element elementor-element-db0130e elementor-section-full_width elementor-section-stretched lespoles_arno elementor-section-height-default elementor-section-height-default\" data-id=\"db0130e\" data-element_type=\"section\" data-settings=\"{&quot;stretch_section&quot;:&quot;section-stretched&quot;}\">\n\t\t\t\t\t\t<div class=\"elementor-container elementor-column-gap-default\">\n\t\t\t\t\t<div class=\"elementor-column elementor-col-100 elementor-top-column elementor-element elementor-element-869e9c3 maxwidth1025\" data-id=\"869e9c3\" data-element_type=\"column\">\n\t\t\t<div class=\"elementor-widget-wrap elementor-element-populated\">\n\t\t\t\t\t\t\t\t<div class=\"elementor-element elementor-element-d596913 titleh2 elementor-widget elementor-widget-heading\" data-id=\"d596913\" data-element_type=\"widget\" data-widget_type=\"heading.default\">\n\t\t\t\t<div class=\"elementor-widget-container\">\n\t\t\t<h2 class=\"elementor-heading-title elementor-size-default\">3 entreprises <span>qui caract\u00e9risent notre p\u00f4le distribution<\/span><\/h2>\t\t<\/div>\n\t\t\t\t<\/div>\n\t\t\t\t<section class=\"elementor-section elementor-inner-section elementor-element elementor-element-1a289a1 elementor-section-full_width entreprises_dist elementor-section-height-default elementor-section-height-default\" data-id=\"1a289a1\" data-element_type=\"section\">\n\t\t\t\t\t\t<div class=\"elementor-container elementor-column-gap-default\">\n\t\t\t\t\t<div class=\"elementor-column elementor-col-33 elementor-inner-column elementor-element elementor-element-727ce96\" data-id=\"727ce96\" data-element_type=\"column\">\n\t\t\t<div class=\"elementor-widget-wrap elementor-element-populated\">\n\t\t\t\t\t\t\t\t<div class=\"elementor-element elementor-element-2319ba8 elementor-widget elementor-widget-image\" data-id=\"2319ba8\" data-element_type=\"widget\" data-widget_type=\"image.default\">\n\t\t\t\t<div class=\"elementor-widget-container\">\n\t\t\t\t\t\t\t\t\t\t\t\t\t\t\t\t<a href=\"#\">\n\t\t\t\t\t\t\t<img decoding=\"async\" width=\"1500\" height=\"1500\" src=\"https:\/\/groupearno.com\/wp-content\/uploads\/2021\/12\/logo_AGB_orbleu.png\" class=\"attachment-full size-full\" alt=\"\" srcset=\"https:\/\/groupearno.com\/wp-content\/uploads\/2021\/12\/logo_AGB_orbleu.png 1500w, https:\/\/groupearno.com\/wp-content\/uploads\/2021\/12\/logo_AGB_orbleu-300x300.png 300w, https:\/\/groupearno.com\/wp-content\/uploads\/2021\/12\/logo_AGB_orbleu-1024x1024.png 1024w, https:\/\/groupearno.com\/wp-content\/uploads\/2021\/12\/logo_AGB_orbleu-150x150.png 150w, https:\/\/groupearno.com\/wp-content\/uploads\/2021\/12\/logo_AGB_orbleu-768x768.png 768w, https:\/\/groupearno.com\/wp-content\/uploads\/2021\/12\/logo_AGB_orbleu-1200x1200.png 1200w\" sizes=\"(max-width: 1500px) 100vw, 1500px\" \/>\t\t\t\t\t\t\t\t<\/a>\n\t\t\t\t\t\t\t\t\t\t\t\t\t\t\t<\/div>\n\t\t\t\t<\/div>\n\t\t\t\t\t<\/div>\n\t\t<\/div>\n\t\t\t\t<div class=\"elementor-column elementor-col-33 elementor-inner-column elementor-element elementor-element-a783b21\" data-id=\"a783b21\" data-element_type=\"column\">\n\t\t\t<div class=\"elementor-widget-wrap elementor-element-populated\">\n\t\t\t\t\t\t\t\t<div class=\"elementor-element elementor-element-5b6b5fb elementor-widget elementor-widget-image\" data-id=\"5b6b5fb\" data-element_type=\"widget\" data-widget_type=\"image.default\">\n\t\t\t\t<div class=\"elementor-widget-container\">\n\t\t\t\t\t\t\t\t\t\t\t\t\t\t\t\t<a href=\"#\">\n\t\t\t\t\t\t\t<img decoding=\"async\" width=\"1043\" height=\"683\" src=\"https:\/\/groupearno.com\/wp-content\/uploads\/2021\/12\/logoARNO_market.png\" class=\"attachment-full size-full\" alt=\"\" srcset=\"https:\/\/groupearno.com\/wp-content\/uploads\/2021\/12\/logoARNO_market.png 1043w, https:\/\/groupearno.com\/wp-content\/uploads\/2021\/12\/logoARNO_market-300x196.png 300w, https:\/\/groupearno.com\/wp-content\/uploads\/2021\/12\/logoARNO_market-1024x671.png 1024w, https:\/\/groupearno.com\/wp-content\/uploads\/2021\/12\/logoARNO_market-768x503.png 768w\" sizes=\"(max-width: 1043px) 100vw, 1043px\" \/>\t\t\t\t\t\t\t\t<\/a>\n\t\t\t\t\t\t\t\t\t\t\t\t\t\t\t<\/div>\n\t\t\t\t<\/div>\n\t\t\t\t\t<\/div>\n\t\t<\/div>\n\t\t\t\t<div class=\"elementor-column elementor-col-33 elementor-inner-column elementor-element elementor-element-6a2d8af\" data-id=\"6a2d8af\" data-element_type=\"column\">\n\t\t\t<div class=\"elementor-widget-wrap elementor-element-populated\">\n\t\t\t\t\t\t\t\t<div class=\"elementor-element elementor-element-696c78a elementor-widget elementor-widget-image\" data-id=\"696c78a\" data-element_type=\"widget\" data-widget_type=\"image.default\">\n\t\t\t\t<div class=\"elementor-widget-container\">\n\t\t\t\t\t\t\t\t\t\t\t\t\t\t\t\t<a href=\"#\">\n\t\t\t\t\t\t\t<img decoding=\"async\" width=\"1043\" height=\"683\" src=\"https:\/\/groupearno.com\/wp-content\/uploads\/2021\/12\/logoARNO_retail.png\" class=\"attachment-full size-full\" alt=\"\" srcset=\"https:\/\/groupearno.com\/wp-content\/uploads\/2021\/12\/logoARNO_retail.png 1043w, https:\/\/groupearno.com\/wp-content\/uploads\/2021\/12\/logoARNO_retail-300x196.png 300w, https:\/\/groupearno.com\/wp-content\/uploads\/2021\/12\/logoARNO_retail-1024x671.png 1024w, https:\/\/groupearno.com\/wp-content\/uploads\/2021\/12\/logoARNO_retail-768x503.png 768w\" sizes=\"(max-width: 1043px) 100vw, 1043px\" \/>\t\t\t\t\t\t\t\t<\/a>\n\t\t\t\t\t\t\t\t\t\t\t\t\t\t\t<\/div>\n\t\t\t\t<\/div>\n\t\t\t\t\t<\/div>\n\t\t<\/div>\n\t\t\t\t\t\t\t<\/div>\n\t\t<\/section>\n\t\t\t\t<div class=\"elementor-element elementor-element-272fdfe titleh2 elementor-widget elementor-widget-heading\" data-id=\"272fdfe\" data-element_type=\"widget\" data-widget_type=\"heading.default\">\n\t\t\t\t<div class=\"elementor-widget-container\">\n\t\t\t<h2 class=\"elementor-heading-title elementor-size-default\">CAP 2030 <span>Des ambitions \u00e0 la hauteur de notre vision<\/span><\/h2>\t\t<\/div>\n\t\t\t\t<\/div>\n\t\t\t\t<div class=\"elementor-element elementor-element-2fbf205 elementor-widget elementor-widget-text-editor\" data-id=\"2fbf205\" data-element_type=\"widget\" data-widget_type=\"text-editor.default\">\n\t\t\t\t<div class=\"elementor-widget-container\">\n\t\t\t\t\t\t\t<strong style=\"font-family: 'Hero New Bold'\">Objectifs<\/strong><\/br>\nRedynamiser les boutiques ARNO, cr\u00e9er une chaine de supermarch\u00e9s, accroitre et multiplier leurs pr\u00e9sences en Afrique Centrale.\t\t\t\t\t\t<\/div>\n\t\t\t\t<\/div>\n\t\t\t\t\t<\/div>\n\t\t<\/div>\n\t\t\t\t\t\t\t<\/div>\n\t\t<\/section>\n\t\t\t\t\t\t<\/div>\n\t\t\t\t\t<\/div>\n\t\t","protected":false},"excerpt":{"rendered":"<p>Distribution Le p\u00f4le Distribution constitue l\u2019activit\u00e9 historique du Groupe \u00e0 savoir le commerce de gros via l\u2019import-export de biens de consommation. Le Groupe ARNO c\u2019est avant tout un groupe familial, une entreprise de commer\u00e7ants, un groupe historique depuis 1963 mais surtout c\u2019est un commer\u00e7ant des temps modernes avec la pr\u00e9occupation permanente de rendre ses produits [&hellip;]<\/p>\n","protected":false},"author":1,"featured_media":0,"parent":0,"menu_order":0,"comment_status":"closed","ping_status":"closed","template":"page-banner.php","meta":[],"_links":{"self":[{"href":"https:\/\/groupearno.com\/fr\/wp-json\/wp\/v2\/pages\/2019"}],"collection":[{"href":"https:\/\/groupearno.com\/fr\/wp-json\/wp\/v2\/pages"}],"about":[{"href":"https:\/\/groupearno.com\/fr\/wp-json\/wp\/v2\/types\/page"}],"author":[{"embeddable":true,"href":"https:\/\/groupearno.com\/fr\/wp-json\/wp\/v2\/users\/1"}],"replies":[{"embeddable":true,"href":"https:\/\/groupearno.com\/fr\/wp-json\/wp\/v2\/comments?post=2019"}],"version-history":[{"count":0,"href":"https:\/\/groupearno.com\/fr\/wp-json\/wp\/v2\/pages\/2019\/revisions"}],"wp:attachment":[{"href":"https:\/\/groupearno.com\/fr\/wp-json\/wp\/v2\/media?parent=2019"}],"curies":[{"name":"wp","href":"https:\/\/api.w.org\/{rel}","templated":true}]}}