{"id":1872,"date":"2021-12-20T18:34:49","date_gmt":"2021-12-20T17:34:49","guid":{"rendered":"https:\/\/groupearno.com\/?page_id=1872"},"modified":"2022-05-17T19:18:09","modified_gmt":"2022-05-17T17:18:09","slug":"carrieres","status":"publish","type":"page","link":"https:\/\/groupearno.com\/fr\/carrieres\/","title":{"rendered":"Carri\u00e8res"},"content":{"rendered":"\t\t<div data-elementor-type=\"wp-page\" data-elementor-id=\"1872\" class=\"elementor elementor-1872\" data-elementor-settings=\"[]\">\n\t\t\t\t\t\t\t<div class=\"elementor-section-wrap\">\n\t\t\t\t\t\t\t<section class=\"elementor-section elementor-top-section elementor-element elementor-element-86619df elementor-section-full_width topbanner banner_carriere elementor-section-height-default elementor-section-height-default\" data-id=\"86619df\" data-element_type=\"section\" data-settings=\"{&quot;background_background&quot;:&quot;classic&quot;}\">\n\t\t\t\t\t\t<div class=\"elementor-container elementor-column-gap-default\">\n\t\t\t\t\t<div class=\"elementor-column elementor-col-100 elementor-top-column elementor-element elementor-element-5026fdd\" data-id=\"5026fdd\" data-element_type=\"column\">\n\t\t\t<div class=\"elementor-widget-wrap elementor-element-populated\">\n\t\t\t\t\t\t\t\t<div class=\"elementor-element elementor-element-30fd9dd elementor-widget elementor-widget-heading\" data-id=\"30fd9dd\" data-element_type=\"widget\" data-widget_type=\"heading.default\">\n\t\t\t\t<div class=\"elementor-widget-container\">\n\t\t\t<h2 class=\"elementor-heading-title elementor-size-default\">Rejoindre le <span style=\"color: #a7c2e4;\">Groupe Arno<\/span><\/h2>\t\t<\/div>\n\t\t\t\t<\/div>\n\t\t\t\t\t<\/div>\n\t\t<\/div>\n\t\t\t\t\t\t\t<\/div>\n\t\t<\/section>\n\t\t\t\t<section class=\"elementor-section elementor-top-section elementor-element elementor-element-54bfd9d elementor-section-boxed elementor-section-height-default elementor-section-height-default\" data-id=\"54bfd9d\" data-element_type=\"section\">\n\t\t\t\t\t\t<div class=\"elementor-container elementor-column-gap-default\">\n\t\t\t\t\t<div class=\"elementor-column elementor-col-100 elementor-top-column elementor-element elementor-element-d9746b7\" data-id=\"d9746b7\" data-element_type=\"column\">\n\t\t\t<div class=\"elementor-widget-wrap elementor-element-populated\">\n\t\t\t\t\t\t\t\t<div class=\"elementor-element elementor-element-57c3393 elementor-widget elementor-widget-spacer\" data-id=\"57c3393\" data-element_type=\"widget\" data-widget_type=\"spacer.default\">\n\t\t\t\t<div class=\"elementor-widget-container\">\n\t\t\t\t\t<div class=\"elementor-spacer\">\n\t\t\t<div class=\"elementor-spacer-inner\"><\/div>\n\t\t<\/div>\n\t\t\t\t<\/div>\n\t\t\t\t<\/div>\n\t\t\t\t<div class=\"elementor-element elementor-element-1167893 elementor-widget elementor-widget-text-editor\" data-id=\"1167893\" data-element_type=\"widget\" data-widget_type=\"text-editor.default\">\n\t\t\t\t<div class=\"elementor-widget-container\">\n\t\t\t\t\t\t\t\t\t\t\t\t\t<\/div>\n\t\t\t\t<\/div>\n\t\t\t\t\t<\/div>\n\t\t<\/div>\n\t\t\t\t\t\t\t<\/div>\n\t\t<\/section>\n\t\t\t\t<section class=\"elementor-section elementor-top-section elementor-element elementor-element-ecef0fe elementor-section-boxed elementor-section-height-default elementor-section-height-default\" data-id=\"ecef0fe\" data-element_type=\"section\">\n\t\t\t\t\t\t<div class=\"elementor-container elementor-column-gap-default\">\n\t\t\t\t\t<div class=\"elementor-column elementor-col-100 elementor-top-column elementor-element elementor-element-bea6502\" data-id=\"bea6502\" data-element_type=\"column\">\n\t\t\t<div class=\"elementor-widget-wrap elementor-element-populated\">\n\t\t\t\t\t\t\t\t<div class=\"elementor-element elementor-element-3f725ad elementor-widget elementor-widget-text-editor\" data-id=\"3f725ad\" data-element_type=\"widget\" data-widget_type=\"text-editor.default\">\n\t\t\t\t<div class=\"elementor-widget-container\">\n\t\t\t\t\t\t\t<p class=\"p1\">D\u00e8s son implantation au Cameroun, le Groupe ARNO s\u2019est identifi\u00e9 en entreprise citoyenne et avant-gardiste.<span class=\"Apple-converted-space\">\u00a0 <\/span>Elle s\u2019est actuellement engag\u00e9e dans une strat\u00e9gie de reconqu\u00eate du march\u00e9 par l\u2019innovation, la cr\u00e9ativit\u00e9 et l\u2019inventivit\u00e9.<span class=\"Apple-converted-space\">\u00a0<\/span><\/p><p class=\"p1\">Elle s\u2019est pour cela dot\u00e9 des moyens de sa politique, notamment par<span class=\"Apple-converted-space\">\u00a0 <\/span>la mise en place d\u2019une nouvelle gouvernance, la cr\u00e9ation de nouvelles entit\u00e9s juridiques et l\u2019\u00e9tablissement de nouveaux partenariats d\u2019affaire, mais surtout par la promotion et l\u2019attraction de jeunes talents parmi<span class=\"Apple-converted-space\">\u00a0 <\/span>ses effectifs \u00e0 des postes de direction, ce qui montre \u00e0 suffisance que bien qu\u2019\u00e2g\u00e9e de presque 60 ans, le GROUPE ARNO brille par sa jeunesse, traduite dans les faits par son plein d\u2019\u00e9nergie, sa fougue, sa d\u00e9termination et son ambition.<\/p><p class=\"p1\">Par ailleurs, l&#8217;une des principales richesses de toute entreprise est son capital humain. Au sein du Groupe ARNO, chaque collaborateur est mis \u00e0 profit, car est consid\u00e9r\u00e9 comme une ressource c\u2019est-\u00e0-dire, un instrument de production de la valeur et non comme un co\u00fbt. Cela explique la volont\u00e9 par l\u2019entreprise de valoriser les comp\u00e9tences de chacun et d&#8217;accompagner le d\u00e9veloppement des \u00e9quipes.<\/p><p class=\"p1\">Cela se traduit dans les faits par la mise en place formelle de r\u00e8gles et de principes (proc\u00e9dures) visant \u00e0 cr\u00e9er des conditions propres \u00e0 l\u2019am\u00e9lioration de l\u2019efficacit\u00e9 du collaborateur et de l\u2019organisation.<\/p>\t\t\t\t\t\t<\/div>\n\t\t\t\t<\/div>\n\t\t\t\t\t<\/div>\n\t\t<\/div>\n\t\t\t\t\t\t\t<\/div>\n\t\t<\/section>\n\t\t\t\t<section class=\"elementor-section elementor-top-section elementor-element elementor-element-5e1d019 elementor-section-boxed elementor-section-height-default elementor-section-height-default\" data-id=\"5e1d019\" data-element_type=\"section\">\n\t\t\t\t\t\t<div class=\"elementor-container elementor-column-gap-default\">\n\t\t\t\t\t<div class=\"elementor-column elementor-col-100 elementor-top-column elementor-element elementor-element-2750d0b\" data-id=\"2750d0b\" data-element_type=\"column\">\n\t\t\t<div class=\"elementor-widget-wrap elementor-element-populated\">\n\t\t\t\t\t\t\t\t<div class=\"elementor-element elementor-element-911599d elementor-widget elementor-widget-spacer\" data-id=\"911599d\" data-element_type=\"widget\" data-widget_type=\"spacer.default\">\n\t\t\t\t<div class=\"elementor-widget-container\">\n\t\t\t\t\t<div class=\"elementor-spacer\">\n\t\t\t<div class=\"elementor-spacer-inner\"><\/div>\n\t\t<\/div>\n\t\t\t\t<\/div>\n\t\t\t\t<\/div>\n\t\t\t\t\t<\/div>\n\t\t<\/div>\n\t\t\t\t\t\t\t<\/div>\n\t\t<\/section>\n\t\t\t\t<section class=\"elementor-section elementor-top-section elementor-element elementor-element-6ab9a64 elementor-section-boxed elementor-section-height-default elementor-section-height-default\" data-id=\"6ab9a64\" data-element_type=\"section\">\n\t\t\t\t\t\t<div class=\"elementor-container elementor-column-gap-default\">\n\t\t\t\t\t<div class=\"elementor-column elementor-col-50 elementor-top-column elementor-element elementor-element-3ee2621\" data-id=\"3ee2621\" data-element_type=\"column\">\n\t\t\t<div class=\"elementor-widget-wrap elementor-element-populated\">\n\t\t\t\t\t\t\t\t<div class=\"elementor-element elementor-element-65d0b4f elementor-widget elementor-widget-image\" data-id=\"65d0b4f\" data-element_type=\"widget\" data-widget_type=\"image.default\">\n\t\t\t\t<div class=\"elementor-widget-container\">\n\t\t\t\t\t\t\t\t\t\t\t\t\t\t\t<img decoding=\"async\" width=\"580\" height=\"628\" src=\"https:\/\/groupearno.com\/wp-content\/uploads\/2022\/03\/PHOTO-945x1024.png\" class=\"attachment-large size-large\" alt=\"\" srcset=\"https:\/\/groupearno.com\/wp-content\/uploads\/2022\/03\/PHOTO-945x1024.png 945w, https:\/\/groupearno.com\/wp-content\/uploads\/2022\/03\/PHOTO-277x300.png 277w, https:\/\/groupearno.com\/wp-content\/uploads\/2022\/03\/PHOTO-768x832.png 768w, https:\/\/groupearno.com\/wp-content\/uploads\/2022\/03\/PHOTO-1200x1300.png 1200w, https:\/\/groupearno.com\/wp-content\/uploads\/2022\/03\/PHOTO-22x24.png 22w, https:\/\/groupearno.com\/wp-content\/uploads\/2022\/03\/PHOTO-33x36.png 33w, https:\/\/groupearno.com\/wp-content\/uploads\/2022\/03\/PHOTO-44x48.png 44w, https:\/\/groupearno.com\/wp-content\/uploads\/2022\/03\/PHOTO.png 1358w\" sizes=\"(max-width: 580px) 100vw, 580px\" \/>\t\t\t\t\t\t\t\t\t\t\t\t\t\t\t<\/div>\n\t\t\t\t<\/div>\n\t\t\t\t\t<\/div>\n\t\t<\/div>\n\t\t\t\t<div class=\"elementor-column elementor-col-50 elementor-top-column elementor-element elementor-element-4ccd083\" data-id=\"4ccd083\" data-element_type=\"column\">\n\t\t\t<div class=\"elementor-widget-wrap elementor-element-populated\">\n\t\t\t\t\t\t\t\t<div class=\"elementor-element elementor-element-98603fa elementor-widget elementor-widget-image\" data-id=\"98603fa\" data-element_type=\"widget\" data-widget_type=\"image.default\">\n\t\t\t\t<div class=\"elementor-widget-container\">\n\t\t\t\t\t\t\t\t\t\t\t\t\t\t\t<img decoding=\"async\" width=\"48\" height=\"48\" src=\"https:\/\/groupearno.com\/wp-content\/uploads\/2022\/03\/quote-48x48.png\" class=\"attachment-menu-48x48 size-menu-48x48\" alt=\"\" srcset=\"https:\/\/groupearno.com\/wp-content\/uploads\/2022\/03\/quote-48x48.png 48w, https:\/\/groupearno.com\/wp-content\/uploads\/2022\/03\/quote-300x300.png 300w, https:\/\/groupearno.com\/wp-content\/uploads\/2022\/03\/quote-150x150.png 150w, https:\/\/groupearno.com\/wp-content\/uploads\/2022\/03\/quote-24x24.png 24w, https:\/\/groupearno.com\/wp-content\/uploads\/2022\/03\/quote-36x36.png 36w, https:\/\/groupearno.com\/wp-content\/uploads\/2022\/03\/quote.png 512w\" sizes=\"(max-width: 48px) 100vw, 48px\" \/>\t\t\t\t\t\t\t\t\t\t\t\t\t\t\t<\/div>\n\t\t\t\t<\/div>\n\t\t\t\t<div class=\"elementor-element elementor-element-b183a98 elementor-widget elementor-widget-text-editor\" data-id=\"b183a98\" data-element_type=\"widget\" data-widget_type=\"text-editor.default\">\n\t\t\t\t<div class=\"elementor-widget-container\">\n\t\t\t\t\t\t\t<p><span class=\"s1\"><b>&#8221; Rejoindre Le Groupe ARNO, c\u2019est rejoindre un groupe qui s\u2019adapte et se renouvelle sans cesse \u00e0 l\u2019\u00e9volution des attentes de nos consommateurs. Faire partie du Groupe ARNO n\u2019est pas seulement acqu\u00e9rir une position mais c\u2019est faire partie d\u2019un projet noble, un projet durable avec pour seul but de construire un monde meilleur. Que vous soyez \u00e9tudiant, Jeune dipl\u00f4m\u00e9, en recherche de formation ou bien expert, nous valorisons tous les profils et toutes les comp\u00e9tences sans discrimination de genre.&#8221;<\/b><\/span><\/p>\t\t\t\t\t\t<\/div>\n\t\t\t\t<\/div>\n\t\t\t\t\t<\/div>\n\t\t<\/div>\n\t\t\t\t\t\t\t<\/div>\n\t\t<\/section>\n\t\t\t\t<section class=\"elementor-section elementor-top-section elementor-element elementor-element-bd1c847 elementor-section-boxed elementor-section-height-default elementor-section-height-default\" data-id=\"bd1c847\" data-element_type=\"section\">\n\t\t\t\t\t\t<div class=\"elementor-container elementor-column-gap-default\">\n\t\t\t\t\t<div class=\"elementor-column elementor-col-100 elementor-top-column elementor-element elementor-element-5ade43b\" data-id=\"5ade43b\" data-element_type=\"column\">\n\t\t\t<div class=\"elementor-widget-wrap elementor-element-populated\">\n\t\t\t\t\t\t\t\t<div class=\"elementor-element elementor-element-1140a1e elementor-widget elementor-widget-text-editor\" data-id=\"1140a1e\" data-element_type=\"widget\" data-widget_type=\"text-editor.default\">\n\t\t\t\t<div class=\"elementor-widget-container\">\n\t\t\t\t\t\t\t<p class=\"p1\">Dans le but d\u2019assurer la r\u00e9alisation coh\u00e9rente des objectifs de l\u2019entreprise pour une plus grande efficacit\u00e9 organisationnelle, la politique de gestion des ressources humaines du GROUPE ARNO se d\u00e9cline suivant les grands axes ci-dessous:<\/p><ul class=\"ul1\"><li class=\"li1\"><b>L\u2019ATTRACTION<\/b> en nombre et en qualit\u00e9 des talents n\u00e9cessaires \u00e0 l\u2019am\u00e9lioration continue de l\u2019efficacit\u00e9 de l\u2019entreprise<\/li><li class=\"li1\"><b>LA RETENTION<\/b> desdits talents par la mise en place d\u2019une \u00ab exp\u00e9rience collaborateur \u00bb favorisant leur \u00e9panouissement et leur bien-\u00eatre<\/li><li class=\"li1\"><b>LE DEVELOPPEMENT<\/b> des talents par l\u2019analyse des emplois, l\u2019\u00e9valuation des performances et des formations professionnelles visant \u00e0 garantir leur \u00e9volution au sein de l\u2019entreprise tout en participant \u00e0 la performance de celle-ci<\/li><li class=\"li1\"><b>LA MOTIVATION<\/b> des talents par la mise en place d&#8217;un syst\u00e8me de r\u00e9mun\u00e9ration et de reconnaissance respectant la r\u00e9glementation en vigueur dans notre secteur d\u2019activit\u00e9<\/li><li class=\"li1\"><b>LA SATISFACTION<\/b> des talents par le respect de nos valeurs d\u2019entreprise au quotidien favorisant ainsi l\u2019am\u00e9lioration du climat de travail, au moyen d\u2019une communication de proximit\u00e9 avec les collaborateurs et le respect des mesures de sant\u00e9 et s\u00e9curit\u00e9 au travail<span class=\"Apple-converted-space\">\u00a0<\/span><\/li><\/ul><p class=\"p1\">Par cons\u00e9quent, notre politique de promotion de la main-d\u2019\u0153uvre nationale est bas\u00e9e sur trois grands axes :<\/p><ol class=\"ol1\"><li class=\"li1\">Garantir un revenu d\u00e9cent \u00e0 l\u2019ensemble du personnel camerounais\u00a0;<\/li><li class=\"li1\">Promouvoir le personnel en interne<span class=\"Apple-converted-space\">\u00a0<\/span><\/li><li class=\"li2\">Favoriser l\u2019embauche de jeunes dipl\u00f4m\u00e9s en particulier et des Camerounais en g\u00e9n\u00e9ral.<\/li><\/ol>\t\t\t\t\t\t<\/div>\n\t\t\t\t<\/div>\n\t\t\t\t\t<\/div>\n\t\t<\/div>\n\t\t\t\t\t\t\t<\/div>\n\t\t<\/section>\n\t\t\t\t<section class=\"elementor-section elementor-top-section elementor-element elementor-element-0b9e7ed elementor-section-boxed elementor-section-height-default elementor-section-height-default\" data-id=\"0b9e7ed\" data-element_type=\"section\">\n\t\t\t\t\t\t<div class=\"elementor-container elementor-column-gap-default\">\n\t\t\t\t\t<div class=\"elementor-column elementor-col-100 elementor-top-column elementor-element elementor-element-837e337\" data-id=\"837e337\" data-element_type=\"column\">\n\t\t\t<div class=\"elementor-widget-wrap elementor-element-populated\">\n\t\t\t\t\t\t\t\t<div class=\"elementor-element elementor-element-02e2831 elementor-widget elementor-widget-spacer\" data-id=\"02e2831\" data-element_type=\"widget\" data-widget_type=\"spacer.default\">\n\t\t\t\t<div class=\"elementor-widget-container\">\n\t\t\t\t\t<div class=\"elementor-spacer\">\n\t\t\t<div class=\"elementor-spacer-inner\"><\/div>\n\t\t<\/div>\n\t\t\t\t<\/div>\n\t\t\t\t<\/div>\n\t\t\t\t\t<\/div>\n\t\t<\/div>\n\t\t\t\t\t\t\t<\/div>\n\t\t<\/section>\n\t\t\t\t<section class=\"elementor-section elementor-top-section elementor-element elementor-element-81a613c elementor-section-boxed elementor-section-height-default elementor-section-height-default\" data-id=\"81a613c\" data-element_type=\"section\">\n\t\t\t\t\t\t<div class=\"elementor-container elementor-column-gap-default\">\n\t\t\t\t\t<div class=\"elementor-column elementor-col-100 elementor-top-column elementor-element elementor-element-803affd\" data-id=\"803affd\" data-element_type=\"column\">\n\t\t\t<div class=\"elementor-widget-wrap elementor-element-populated\">\n\t\t\t\t\t\t\t\t<div class=\"elementor-element elementor-element-eb8719d elementor-widget elementor-widget-spacer\" data-id=\"eb8719d\" data-element_type=\"widget\" data-widget_type=\"spacer.default\">\n\t\t\t\t<div class=\"elementor-widget-container\">\n\t\t\t\t\t<div class=\"elementor-spacer\">\n\t\t\t<div class=\"elementor-spacer-inner\"><\/div>\n\t\t<\/div>\n\t\t\t\t<\/div>\n\t\t\t\t<\/div>\n\t\t\t\t\t<\/div>\n\t\t<\/div>\n\t\t\t\t\t\t\t<\/div>\n\t\t<\/section>\n\t\t\t\t<section class=\"elementor-section elementor-top-section elementor-element elementor-element-18829f1 elementor-section-full_width offre_arno maxwidth980 elementor-section-height-default elementor-section-height-default\" data-id=\"18829f1\" data-element_type=\"section\" id=\"offre_arno\">\n\t\t\t\t\t\t<div class=\"elementor-container elementor-column-gap-default\">\n\t\t\t\t\t<div class=\"elementor-column elementor-col-100 elementor-top-column elementor-element elementor-element-373ef69\" data-id=\"373ef69\" data-element_type=\"column\">\n\t\t\t<div class=\"elementor-widget-wrap elementor-element-populated\">\n\t\t\t\t\t\t\t\t<div class=\"elementor-element elementor-element-3aadba2 elementor-widget elementor-widget-heading\" data-id=\"3aadba2\" data-element_type=\"widget\" data-widget_type=\"heading.default\">\n\t\t\t\t<div class=\"elementor-widget-container\">\n\t\t\t<h2 class=\"elementor-heading-title elementor-size-default\">D\u00e9couvrez nos offres d\u2019emploi<\/h2>\t\t<\/div>\n\t\t\t\t<\/div>\n\t\t\t\t<div class=\"elementor-element elementor-element-fee81c8 elementor-widget elementor-widget-text-editor\" data-id=\"fee81c8\" data-element_type=\"widget\" data-widget_type=\"text-editor.default\">\n\t\t\t\t<div class=\"elementor-widget-container\">\n\t\t\t\t\t\t\t<p>Vous souhaitez mettre vos comp\u00e9tences au service de notre entreprise\u00a0? Vous souhaitez avoir une exp\u00e9rience qui sera valoris\u00e9e et reconnue sur le continent Africain\u00a0? En nous rejoignant, vous aurez l\u2019opportunit\u00e9 de d\u00e9velopper des comp\u00e9tences cl\u00e9s et de vous \u00e9panouir au sein de l\u2019entreprise.<\/p>\t\t\t\t\t\t<\/div>\n\t\t\t\t<\/div>\n\t\t\t\t<section class=\"elementor-section elementor-inner-section elementor-element elementor-element-fed227e nos_offres_slider elementor-section-boxed elementor-section-height-default elementor-section-height-default\" data-id=\"fed227e\" data-element_type=\"section\" id=\"nos_offres_slider\">\n\t\t\t\t\t\t<div class=\"elementor-container elementor-column-gap-default\">\n\t\t\t\t\t<div class=\"elementor-column elementor-col-100 elementor-inner-column elementor-element elementor-element-a078557 nos_offres_slider\" data-id=\"a078557\" data-element_type=\"column\" id=\"nos_offres_slider\">\n\t\t\t<div class=\"elementor-widget-wrap elementor-element-populated\">\n\t\t\t\t\t\t\t\t<div class=\"elementor-element elementor-element-5d6116e elementor-widget elementor-widget-shortcode\" data-id=\"5d6116e\" data-element_type=\"widget\" data-widget_type=\"shortcode.default\">\n\t\t\t\t<div class=\"elementor-widget-container\">\n\t\t\t\t\t<div class=\"elementor-shortcode\"><\/div>\n\t\t\t\t<\/div>\n\t\t\t\t<\/div>\n\t\t\t\t\t<\/div>\n\t\t<\/div>\n\t\t\t\t\t\t\t<\/div>\n\t\t<\/section>\n\t\t\t\t\t<\/div>\n\t\t<\/div>\n\t\t\t\t\t\t\t<\/div>\n\t\t<\/section>\n\t\t\t\t<section class=\"elementor-section elementor-top-section elementor-element elementor-element-aaef243 elementor-section-full_width arno_candidature elementor-section-height-default elementor-section-height-default\" data-id=\"aaef243\" data-element_type=\"section\" id=\"arno_candidature\">\n\t\t\t\t\t\t<div class=\"elementor-container elementor-column-gap-default\">\n\t\t\t\t\t<div class=\"elementor-column elementor-col-100 elementor-top-column elementor-element elementor-element-fd31f5e\" data-id=\"fd31f5e\" data-element_type=\"column\">\n\t\t\t<div class=\"elementor-widget-wrap elementor-element-populated\">\n\t\t\t\t\t\t\t\t<div class=\"elementor-element elementor-element-30d7d6c elementor-widget elementor-widget-heading\" data-id=\"30d7d6c\" data-element_type=\"widget\" data-widget_type=\"heading.default\">\n\t\t\t\t<div class=\"elementor-widget-container\">\n\t\t\t<h2 class=\"elementor-heading-title elementor-size-default\">D\u00e9poser une candidature<\/h2>\t\t<\/div>\n\t\t\t\t<\/div>\n\t\t\t\t<div class=\"elementor-element elementor-element-6df5cf4 elementor-widget elementor-widget-text-editor\" data-id=\"6df5cf4\" data-element_type=\"widget\" data-widget_type=\"text-editor.default\">\n\t\t\t\t<div class=\"elementor-widget-container\">\n\t\t\t\t\t\t\t<p>Pour rejoindre notre grande famille, remplissez convenablement le formulaire ci-dessous. Tous les champs sont obligatoires<\/p>\t\t\t\t\t\t<\/div>\n\t\t\t\t<\/div>\n\t\t\t\t<div class=\"elementor-element elementor-element-6fc3991 form_candidature elementor-widget elementor-widget-shortcode\" data-id=\"6fc3991\" data-element_type=\"widget\" data-widget_type=\"shortcode.default\">\n\t\t\t\t<div class=\"elementor-widget-container\">\n\t\t\t\t\t<div class=\"elementor-shortcode\"><div role=\"form\" class=\"wpcf7\" id=\"wpcf7-f1915-o1\" lang=\"fr-FR\" dir=\"ltr\">\n<div class=\"screen-reader-response\"><p role=\"status\" aria-live=\"polite\" aria-atomic=\"true\"><\/p> <ul><\/ul><\/div>\n<form action=\"\/fr\/wp-json\/wp\/v2\/pages\/1872#wpcf7-f1915-o1\" method=\"post\" class=\"wpcf7-form init\" enctype=\"multipart\/form-data\" novalidate=\"novalidate\" data-status=\"init\">\n<div style=\"display: none;\">\n<input type=\"hidden\" name=\"_wpcf7\" value=\"1915\" \/>\n<input type=\"hidden\" name=\"_wpcf7_version\" value=\"5.5.3\" \/>\n<input type=\"hidden\" name=\"_wpcf7_locale\" value=\"fr_FR\" \/>\n<input type=\"hidden\" name=\"_wpcf7_unit_tag\" value=\"wpcf7-f1915-o1\" \/>\n<input type=\"hidden\" name=\"_wpcf7_container_post\" value=\"0\" \/>\n<input type=\"hidden\" name=\"_wpcf7_posted_data_hash\" value=\"\" \/>\n<\/div>\n<div class=\"form-group\"><span class=\"wpcf7-form-control-wrap votrenom\"><input type=\"text\" name=\"votrenom\" value=\"\" size=\"40\" class=\"wpcf7-form-control wpcf7-text wpcf7-validates-as-required\" aria-required=\"true\" aria-invalid=\"false\" placeholder=\"Nom complet (*)\" \/><\/span><\/div>\n<div class=\"form-group\"><span class=\"wpcf7-form-control-wrap votremail\"><input type=\"email\" name=\"votremail\" value=\"\" size=\"40\" class=\"wpcf7-form-control wpcf7-text wpcf7-email wpcf7-validates-as-required wpcf7-validates-as-email\" aria-required=\"true\" aria-invalid=\"false\" placeholder=\"Entrez votre adresse email (*)\" \/><\/span><\/div>\n<div class=\"form-group select\"><span class=\"wpcf7-form-control-wrap metier\"><select name=\"metier[]\" class=\"wpcf7-form-control wpcf7-select wpcf7-validates-as-required selectpickerbootstrap metier_select_carriere\" aria-required=\"true\" aria-invalid=\"false\" multiple=\"multiple\"><option value=\"option 1\">option 1<\/option><option value=\"option 2\">option 2<\/option><\/select><\/span><\/div>\n<div class=\"form-group select\"><span class=\"wpcf7-form-control-wrap contrat\"><select name=\"contrat\" class=\"wpcf7-form-control wpcf7-select wpcf7-validates-as-required\" aria-required=\"true\" aria-invalid=\"false\"><option value=\"Type de contrat recherch\u00e9 (*)\">Type de contrat recherch\u00e9 (*)<\/option><option value=\"option 1\">option 1<\/option><option value=\"option 2\">option 2<\/option><\/select><\/span><\/div>\n<div class=\"form-group select\"><span class=\"wpcf7-form-control-wrap mobilite\"><select name=\"mobilite\" class=\"wpcf7-form-control wpcf7-select wpcf7-validates-as-required\" aria-required=\"true\" aria-invalid=\"false\"><option value=\"Mobilit\u00e9 (*)\">Mobilit\u00e9 (*)<\/option><option value=\"option 1\">option 1<\/option><option value=\"option 2\">option 2<\/option><\/select><\/span><\/div>\n<div class=\"form-group cv_file\"><span class=\"wpcf7-form-control-wrap cv\"><input type=\"file\" name=\"cv\" size=\"40\" class=\"wpcf7-form-control wpcf7-file wpcf7-validates-as-required\" accept=\".pdf\" aria-required=\"true\" aria-invalid=\"false\" \/><\/span><\/div>\n<div class=\"form-group lm_file\"><span class=\"wpcf7-form-control-wrap lettremotivation\"><input type=\"file\" name=\"lettremotivation\" size=\"40\" class=\"wpcf7-form-control wpcf7-file wpcf7-validates-as-required\" accept=\".pdf\" aria-required=\"true\" aria-invalid=\"false\" \/><\/span><\/div>\n<div class=\"form-group\"><input type=\"submit\" value=\"Soumettre la demande\" class=\"wpcf7-form-control has-spinner wpcf7-submit\" \/><\/div>\n<div class=\"wpcf7-response-output\" aria-hidden=\"true\"><\/div><\/form><\/div><\/div>\n\t\t\t\t<\/div>\n\t\t\t\t<\/div>\n\t\t\t\t\t<\/div>\n\t\t<\/div>\n\t\t\t\t\t\t\t<\/div>\n\t\t<\/section>\n\t\t\t\t\t\t<\/div>\n\t\t\t\t\t<\/div>\n\t\t","protected":false},"excerpt":{"rendered":"<p>Rejoindre le Groupe Arno D\u00e8s son implantation au Cameroun, le Groupe ARNO s\u2019est identifi\u00e9 en entreprise citoyenne et avant-gardiste.\u00a0 Elle s\u2019est actuellement engag\u00e9e dans une strat\u00e9gie de reconqu\u00eate du march\u00e9 par l\u2019innovation, la cr\u00e9ativit\u00e9 et l\u2019inventivit\u00e9.\u00a0 Elle s\u2019est pour cela dot\u00e9 des moyens de sa politique, notamment par\u00a0 la mise en place d\u2019une nouvelle gouvernance, [&hellip;]<\/p>\n","protected":false},"author":1,"featured_media":0,"parent":0,"menu_order":0,"comment_status":"closed","ping_status":"closed","template":"page-banner.php","meta":[],"_links":{"self":[{"href":"https:\/\/groupearno.com\/fr\/wp-json\/wp\/v2\/pages\/1872"}],"collection":[{"href":"https:\/\/groupearno.com\/fr\/wp-json\/wp\/v2\/pages"}],"about":[{"href":"https:\/\/groupearno.com\/fr\/wp-json\/wp\/v2\/types\/page"}],"author":[{"embeddable":true,"href":"https:\/\/groupearno.com\/fr\/wp-json\/wp\/v2\/users\/1"}],"replies":[{"embeddable":true,"href":"https:\/\/groupearno.com\/fr\/wp-json\/wp\/v2\/comments?post=1872"}],"version-history":[{"count":57,"href":"https:\/\/groupearno.com\/fr\/wp-json\/wp\/v2\/pages\/1872\/revisions"}],"predecessor-version":[{"id":9887,"href":"https:\/\/groupearno.com\/fr\/wp-json\/wp\/v2\/pages\/1872\/revisions\/9887"}],"wp:attachment":[{"href":"https:\/\/groupearno.com\/fr\/wp-json\/wp\/v2\/media?parent=1872"}],"curies":[{"name":"wp","href":"https:\/\/api.w.org\/{rel}","templated":true}]}}