{"id":1762,"date":"2021-12-19T06:24:55","date_gmt":"2021-12-19T05:24:55","guid":{"rendered":"https:\/\/groupearno.com\/?page_id=1762"},"modified":"2022-05-16T08:05:50","modified_gmt":"2022-05-16T06:05:50","slug":"nos-valeurs","status":"publish","type":"page","link":"https:\/\/groupearno.com\/fr\/nos-valeurs\/","title":{"rendered":"Nos valeurs"},"content":{"rendered":"\t\t<div data-elementor-type=\"wp-page\" data-elementor-id=\"1762\" class=\"elementor elementor-1762\" data-elementor-settings=\"[]\">\n\t\t\t\t\t\t\t<div class=\"elementor-section-wrap\">\n\t\t\t\t\t\t\t<section class=\"elementor-section elementor-top-section elementor-element elementor-element-04b92fe elementor-section-full_width topbanner elementor-section-height-default elementor-section-height-default\" data-id=\"04b92fe\" data-element_type=\"section\" data-settings=\"{&quot;background_background&quot;:&quot;classic&quot;}\">\n\t\t\t\t\t\t<div class=\"elementor-container elementor-column-gap-default\">\n\t\t\t\t\t<div class=\"elementor-column elementor-col-100 elementor-top-column elementor-element elementor-element-b85d878\" data-id=\"b85d878\" data-element_type=\"column\">\n\t\t\t<div class=\"elementor-widget-wrap elementor-element-populated\">\n\t\t\t\t\t\t\t\t<div class=\"elementor-element elementor-element-f48d8b6 elementor-widget elementor-widget-heading\" data-id=\"f48d8b6\" data-element_type=\"widget\" data-widget_type=\"heading.default\">\n\t\t\t\t<div class=\"elementor-widget-container\">\n\t\t\t<h2 class=\"elementor-heading-title elementor-size-default\">Nos <span style=\"color: #a7c2e4;\">valeurs<\/span><\/h2>\t\t<\/div>\n\t\t\t\t<\/div>\n\t\t\t\t<div class=\"elementor-element elementor-element-ec7830b elementor-widget elementor-widget-text-editor\" data-id=\"ec7830b\" data-element_type=\"widget\" data-widget_type=\"text-editor.default\">\n\t\t\t\t<div class=\"elementor-widget-container\">\n\t\t\t\t\t\t\t\t\t\t\t\t\t<\/div>\n\t\t\t\t<\/div>\n\t\t\t\t\t<\/div>\n\t\t<\/div>\n\t\t\t\t\t\t\t<\/div>\n\t\t<\/section>\n\t\t\t\t<section class=\"elementor-section elementor-top-section elementor-element elementor-element-797e2a2 elementor-section-boxed elementor-section-height-default elementor-section-height-default\" data-id=\"797e2a2\" data-element_type=\"section\">\n\t\t\t\t\t\t<div class=\"elementor-container elementor-column-gap-default\">\n\t\t\t\t\t<div class=\"elementor-column elementor-col-100 elementor-top-column elementor-element elementor-element-a2c1fc2\" data-id=\"a2c1fc2\" data-element_type=\"column\">\n\t\t\t<div class=\"elementor-widget-wrap elementor-element-populated\">\n\t\t\t\t\t\t\t\t<div class=\"elementor-element elementor-element-737dff5 elementor-widget elementor-widget-spacer\" data-id=\"737dff5\" data-element_type=\"widget\" data-widget_type=\"spacer.default\">\n\t\t\t\t<div class=\"elementor-widget-container\">\n\t\t\t\t\t<div class=\"elementor-spacer\">\n\t\t\t<div class=\"elementor-spacer-inner\"><\/div>\n\t\t<\/div>\n\t\t\t\t<\/div>\n\t\t\t\t<\/div>\n\t\t\t\t\t<\/div>\n\t\t<\/div>\n\t\t\t\t\t\t\t<\/div>\n\t\t<\/section>\n\t\t\t\t<section class=\"elementor-section elementor-top-section elementor-element elementor-element-8be3018 elementor-section-boxed elementor-section-height-default elementor-section-height-default\" data-id=\"8be3018\" data-element_type=\"section\">\n\t\t\t\t\t\t<div class=\"elementor-container elementor-column-gap-default\">\n\t\t\t\t\t<div class=\"elementor-column elementor-col-100 elementor-top-column elementor-element elementor-element-bc4174f\" data-id=\"bc4174f\" data-element_type=\"column\">\n\t\t\t<div class=\"elementor-widget-wrap elementor-element-populated\">\n\t\t\t\t\t\t\t\t<div class=\"elementor-element elementor-element-ec87abb elementor-widget elementor-widget-heading\" data-id=\"ec87abb\" data-element_type=\"widget\" data-widget_type=\"heading.default\">\n\t\t\t\t<div class=\"elementor-widget-container\">\n\t\t\t<p class=\"elementor-heading-title elementor-size-default\">Bient\u00f4t 60 ans o\u00f9 nous sommes au service de nos clients et du d\u00e9veloppement de l\u2019\u00e9conomie du Cameroun et ceci gr\u00e2ce \u00e0 nos valeurs fondamentales qui nous guident et qui sont constamment au coeur de notre strat\u00e9gie.<\/p>\t\t<\/div>\n\t\t\t\t<\/div>\n\t\t\t\t\t<\/div>\n\t\t<\/div>\n\t\t\t\t\t\t\t<\/div>\n\t\t<\/section>\n\t\t\t\t<section class=\"elementor-section elementor-top-section elementor-element elementor-element-965f6ba elementor-section-full_width nos_valeurs_content  maxwidth1025 elementor-section-height-default elementor-section-height-default\" data-id=\"965f6ba\" data-element_type=\"section\">\n\t\t\t\t\t\t<div class=\"elementor-container elementor-column-gap-default\">\n\t\t\t\t\t<div class=\"elementor-column elementor-col-100 elementor-top-column elementor-element elementor-element-d41eace nos_valeurs_left\" data-id=\"d41eace\" data-element_type=\"column\">\n\t\t\t<div class=\"elementor-widget-wrap elementor-element-populated\">\n\t\t\t\t\t\t\t\t<div class=\"elementor-element elementor-element-cdb90db elementor-widget elementor-widget-eael-feature-list\" data-id=\"cdb90db\" data-element_type=\"widget\" data-widget_type=\"eael-feature-list.default\">\n\t\t\t\t<div class=\"elementor-widget-container\">\n\t\t\t\t\t<div class=\"-icon-position-top -tablet-icon-position- -mobile-icon-position-\">\n\t\t\t<ul id=\"eael-feature-list-cdb90db\" class=\"eael-feature-list-items square framed \">\n\t\t\t                <li class=\"eael-feature-list-item elementor-repeater-item-211da16\">\n                    \n\t\t\t\t\t\t<div class=\"eael-feature-list-icon-box\">\n\t\t\t\t\t\t\t<div class=\"eael-feature-list-icon-inner\">\n\n\t\t\t\t\t\t\t\t<span class=\"eael-feature-list-icon fl-icon-0\">\n\n\t\t<img decoding=\"async\" src=\"https:\/\/groupearno.com\/wp-content\/uploads\/2022\/01\/employee.png\" class=\"eael-feature-list-img\" alt=\"\">\t\t\t\t\t\t\t\t<\/span>\n\t\t\t\t\t\t\t<\/div>\n\t\t\t\t\t\t<\/div>\n\t\t\t\t\t\t<div class=\"eael-feature-list-content-box\">\n\t\t\t\t\t\t\t<h3 class=\"eael-feature-list-title\"\t\t\t\t\t\t\t>Famille<\/h3\t\t\t\t\t\t>\n\t\t\t\t\t\t<p class=\"eael-feature-list-content\">La direction pr\u00f4ne la bienveillance, l\u2019\u00e9coute, Le travail \u00ab\u00a0ensemble\u00a0\u00bb et l\u2019entraide.<\/br><\/br>\nLe Groupe ARNO \u00e9tant une entreprise familiale, cet esprit est retranscrit sur tous les pans de la gestion du Groupe. La direction pr\u00f4ne la bienveillance, l\u2019\u00e9coute, le travail \u00ab ensemble \u00bb et l\u2019entraide au sein des \u00e9quipes afin que chaque collaborateur soit un acteur influent et proactif. Il tient particuli\u00e8rement \u00e0 c\u0153ur \u00e0 la direction, le respect de la diff\u00e9rence, des divergences, afin de cr\u00e9er une unit\u00e9 familiale, d\u00e9termin\u00e9e \u00e0 atteindre ses objectifs avec motivation et rigueur.<\/p>\n\t\t\t\t\t\t<\/div>\n\n\t\t\t\t\t<\/li>\n\t\t\t\t                <li class=\"eael-feature-list-item elementor-repeater-item-71db040\">\n                    \n\t\t\t\t\t\t<div class=\"eael-feature-list-icon-box\">\n\t\t\t\t\t\t\t<div class=\"eael-feature-list-icon-inner\">\n\n\t\t\t\t\t\t\t\t<span class=\"eael-feature-list-icon fl-icon-1\">\n\n\t\t<img decoding=\"async\" src=\"https:\/\/groupearno.com\/wp-content\/uploads\/2022\/01\/responsibility.png\" class=\"eael-feature-list-img\" alt=\"\">\t\t\t\t\t\t\t\t<\/span>\n\t\t\t\t\t\t\t<\/div>\n\t\t\t\t\t\t<\/div>\n\t\t\t\t\t\t<div class=\"eael-feature-list-content-box\">\n\t\t\t\t\t\t\t<h3 class=\"eael-feature-list-title\"\t\t\t\t\t\t\t>Responsabilit\u00e9<\/h3\t\t\t\t\t\t>\n\t\t\t\t\t\t<p class=\"eael-feature-list-content\">Entreprise citoyenne et consciente de sa responsabilit\u00e9 envers la communaut\u00e9 et le territoire dans lequel elle \u00e9volue.<\/br><\/br>\n\nLe Groupe ARNO est une entreprise citoyenne et consciente de sa responsabilit\u00e9 envers la communaut\u00e9 et le territoire dans lequel elle \u00e9volue. Le Groupe Arno tente toujours plus, d\u2019int\u00e9grer, au c\u0153ur de la r\u00e9flexion strat\u00e9gique, le contexte local et ses enjeux. Il allie ainsi la performance \u00e9conomique \u00e0 l\u2019int\u00e9r\u00eat g\u00e9n\u00e9ral et la responsabilit\u00e9 sociale et environnementale.\n<\/br>\n<\/br>\n<\/p>\n\t\t\t\t\t\t<\/div>\n\n\t\t\t\t\t<\/li>\n\t\t\t\t                <li class=\"eael-feature-list-item elementor-repeater-item-4c1ab14\">\n                    \n\t\t\t\t\t\t<div class=\"eael-feature-list-icon-box\">\n\t\t\t\t\t\t\t<div class=\"eael-feature-list-icon-inner\">\n\n\t\t\t\t\t\t\t\t<span class=\"eael-feature-list-icon fl-icon-2\">\n\n\t\t<img decoding=\"async\" src=\"https:\/\/groupearno.com\/wp-content\/uploads\/2022\/01\/good-quality.png\" class=\"eael-feature-list-img\" alt=\"\">\t\t\t\t\t\t\t\t<\/span>\n\t\t\t\t\t\t\t<\/div>\n\t\t\t\t\t\t<\/div>\n\t\t\t\t\t\t<div class=\"eael-feature-list-content-box\">\n\t\t\t\t\t\t\t<h3 class=\"eael-feature-list-title\"\t\t\t\t\t\t\t>Qualit\u00e9<\/h3\t\t\t\t\t\t>\n\t\t\t\t\t\t<p class=\"eael-feature-list-content\">La satisfaction de notre client\u00e8le \u00e0 travers des produits et services de qualit\u00e9.<\/p>\n\t\t\t\t\t\t<\/div>\n\n\t\t\t\t\t<\/li>\n\t\t\t\t                <li class=\"eael-feature-list-item elementor-repeater-item-00fc9c4\">\n                    \n\t\t\t\t\t\t<div class=\"eael-feature-list-icon-box\">\n\t\t\t\t\t\t\t<div class=\"eael-feature-list-icon-inner\">\n\n\t\t\t\t\t\t\t\t<span class=\"eael-feature-list-icon fl-icon-3\">\n\n\t\t<img decoding=\"async\" src=\"https:\/\/groupearno.com\/wp-content\/uploads\/2022\/01\/innovation.png\" class=\"eael-feature-list-img\" alt=\"\">\t\t\t\t\t\t\t\t<\/span>\n\t\t\t\t\t\t\t<\/div>\n\t\t\t\t\t\t<\/div>\n\t\t\t\t\t\t<div class=\"eael-feature-list-content-box\">\n\t\t\t\t\t\t\t<h3 class=\"eael-feature-list-title\"\t\t\t\t\t\t\t>Innovation<\/h3\t\t\t\t\t\t>\n\t\t\t\t\t\t<p class=\"eael-feature-list-content\">Se r\u00e9inventer  est notre devise. Nous cherchons sans cesse des solutions qui r\u00e9pondent aux besoins \u00e9volutifs de nos clients.<\/p>\n\t\t\t\t\t\t<\/div>\n\n\t\t\t\t\t<\/li>\n\t\t\t\t                <li class=\"eael-feature-list-item elementor-repeater-item-a226fd7\">\n                    \n\t\t\t\t\t\t<div class=\"eael-feature-list-icon-box\">\n\t\t\t\t\t\t\t<div class=\"eael-feature-list-icon-inner\">\n\n\t\t\t\t\t\t\t\t<span class=\"eael-feature-list-icon fl-icon-4\">\n\n\t\t<img decoding=\"async\" src=\"https:\/\/groupearno.com\/wp-content\/uploads\/2022\/01\/trust.png\" class=\"eael-feature-list-img\" alt=\"\">\t\t\t\t\t\t\t\t<\/span>\n\t\t\t\t\t\t\t<\/div>\n\t\t\t\t\t\t<\/div>\n\t\t\t\t\t\t<div class=\"eael-feature-list-content-box\">\n\t\t\t\t\t\t\t<h3 class=\"eael-feature-list-title\"\t\t\t\t\t\t\t>Confiance<\/h3\t\t\t\t\t\t>\n\t\t\t\t\t\t<p class=\"eael-feature-list-content\">Le socle de nos relations avec nos collaborateurs, nos clients, nos partenaires et fournisseurs.<\/p>\n\t\t\t\t\t\t<\/div>\n\n\t\t\t\t\t<\/li>\n\t\t\t\t\t\t\t<\/ul>\n\t\t<\/div>\n\t\t\t\t<\/div>\n\t\t\t\t<\/div>\n\t\t\t\t\t<\/div>\n\t\t<\/div>\n\t\t\t\t\t\t\t<\/div>\n\t\t<\/section>\n\t\t\t\t\t\t<\/div>\n\t\t\t\t\t<\/div>\n\t\t","protected":false},"excerpt":{"rendered":"<p>Nos valeurs Bient\u00f4t 60 ans o\u00f9 nous sommes au service de nos clients et du d\u00e9veloppement de l\u2019\u00e9conomie du Cameroun et ceci gr\u00e2ce \u00e0 nos valeurs fondamentales qui nous guident et qui sont constamment au coeur de notre strat\u00e9gie. Famille La direction pr\u00f4ne la bienveillance, l\u2019\u00e9coute, Le travail \u00ab\u00a0ensemble\u00a0\u00bb et l\u2019entraide. Le Groupe ARNO \u00e9tant [&hellip;]<\/p>\n","protected":false},"author":1,"featured_media":0,"parent":0,"menu_order":0,"comment_status":"closed","ping_status":"closed","template":"","meta":[],"_links":{"self":[{"href":"https:\/\/groupearno.com\/fr\/wp-json\/wp\/v2\/pages\/1762"}],"collection":[{"href":"https:\/\/groupearno.com\/fr\/wp-json\/wp\/v2\/pages"}],"about":[{"href":"https:\/\/groupearno.com\/fr\/wp-json\/wp\/v2\/types\/page"}],"author":[{"embeddable":true,"href":"https:\/\/groupearno.com\/fr\/wp-json\/wp\/v2\/users\/1"}],"replies":[{"embeddable":true,"href":"https:\/\/groupearno.com\/fr\/wp-json\/wp\/v2\/comments?post=1762"}],"version-history":[{"count":33,"href":"https:\/\/groupearno.com\/fr\/wp-json\/wp\/v2\/pages\/1762\/revisions"}],"predecessor-version":[{"id":9370,"href":"https:\/\/groupearno.com\/fr\/wp-json\/wp\/v2\/pages\/1762\/revisions\/9370"}],"wp:attachment":[{"href":"https:\/\/groupearno.com\/fr\/wp-json\/wp\/v2\/media?parent=1762"}],"curies":[{"name":"wp","href":"https:\/\/api.w.org\/{rel}","templated":true}]}}