{"id":1637,"date":"2021-12-17T05:28:16","date_gmt":"2021-12-17T04:28:16","guid":{"rendered":"https:\/\/groupearno.com\/?page_id=1637"},"modified":"2022-03-11T10:51:52","modified_gmt":"2022-03-11T09:51:52","slug":"les-secteurs","status":"publish","type":"page","link":"https:\/\/groupearno.com\/fr\/les-secteurs\/","title":{"rendered":"Les secteurs"},"content":{"rendered":"\t\t<div data-elementor-type=\"wp-page\" data-elementor-id=\"1637\" class=\"elementor elementor-1637\" data-elementor-settings=\"[]\">\n\t\t\t\t\t\t\t<div class=\"elementor-section-wrap\">\n\t\t\t\t\t\t\t<section class=\"elementor-section elementor-top-section elementor-element elementor-element-8f8733e elementor-section-full_width elementor-section-height-default elementor-section-height-default\" data-id=\"8f8733e\" data-element_type=\"section\">\n\t\t\t\t\t\t<div class=\"elementor-container elementor-column-gap-default\">\n\t\t\t\t\t<div class=\"elementor-column elementor-col-100 elementor-top-column elementor-element elementor-element-ad11c21\" data-id=\"ad11c21\" data-element_type=\"column\">\n\t\t\t<div class=\"elementor-widget-wrap elementor-element-populated\">\n\t\t\t\t\t\t\t\t<div class=\"elementor-element elementor-element-909b536 title_pagesecteurs elementor-widget elementor-widget-heading\" data-id=\"909b536\" data-element_type=\"widget\" data-widget_type=\"heading.default\">\n\t\t\t\t<div class=\"elementor-widget-container\">\n\t\t\t<h2 class=\"elementor-heading-title elementor-size-default\">Une <span>pr\u00e9sence<\/span> et\nun <span>positionnement<\/span> multisectoriel \nau Cameroun et \u00e0 l\u2019international.<\/h2>\t\t<\/div>\n\t\t\t\t<\/div>\n\t\t\t\t<div class=\"elementor-element elementor-element-008383e introsecteurs elementor-widget elementor-widget-text-editor\" data-id=\"008383e\" data-element_type=\"widget\" data-widget_type=\"text-editor.default\">\n\t\t\t\t<div class=\"elementor-widget-container\">\n\t\t\t\t\t\t\t<p>Une expertise et une ma\u00eetrise acquise des caract\u00e9ristiques sp\u00e9cifiques de chaque secteur qui nous permet aujourd\u2019hui de nous placer comme expert dans ces secteurs au Cameroun.<\/p>\n\n<p>Depuis 1963, nous investissons sur le territoire Camerounais dans divers secteurs. Notre expertise s\u2019appuie sur notre diversification et les synergies entre nos soci\u00e9t\u00e9s et nos diff\u00e9rents collaborateurs. Cette compl\u00e9mentarit\u00e9 permet de proposer des solutions 360 degr\u00e9 pour les industries, les collectivit\u00e9s, mais aussi bien pour les entreprises du secteur publique et priv\u00e9.\t\t\t\t\t\t<\/div>\n\t\t\t\t<\/div>\n\t\t\t\t\t<\/div>\n\t\t<\/div>\n\t\t\t\t\t\t\t<\/div>\n\t\t<\/section>\n\t\t\t\t<section class=\"elementor-section elementor-top-section elementor-element elementor-element-c187555 elementor-section-full_width secteurdearno elementor-section-height-default elementor-section-height-default\" data-id=\"c187555\" data-element_type=\"section\" data-settings=\"{&quot;background_background&quot;:&quot;classic&quot;}\">\n\t\t\t\t\t\t<div class=\"elementor-container elementor-column-gap-default\">\n\t\t\t\t\t<div class=\"elementor-column elementor-col-50 elementor-top-column elementor-element elementor-element-c91b757 description_secteurs\" data-id=\"c91b757\" data-element_type=\"column\">\n\t\t\t<div class=\"elementor-widget-wrap elementor-element-populated\">\n\t\t\t\t\t\t\t\t<div class=\"elementor-element elementor-element-63a58a3 secteur_title elementor-widget elementor-widget-heading\" data-id=\"63a58a3\" data-element_type=\"widget\" data-widget_type=\"heading.default\">\n\t\t\t\t<div class=\"elementor-widget-container\">\n\t\t\t<h2 class=\"elementor-heading-title elementor-size-default\"><a href=\"https:\/\/groupearno.com\/activite-distribution\/\">Distribution<\/a><\/h2>\t\t<\/div>\n\t\t\t\t<\/div>\n\t\t\t\t<div class=\"elementor-element elementor-element-a4ca0ac elementor-widget elementor-widget-text-editor\" data-id=\"a4ca0ac\" data-element_type=\"widget\" data-widget_type=\"text-editor.default\">\n\t\t\t\t<div class=\"elementor-widget-container\">\n\t\t\t\t\t\t\tLe p\u00f4le Distribution constitue l\u2019activit\u00e9 historique du Groupe \u00e0 savoir le commerce de gros via l\u2019import-export de biens de consommation.\t\t\t\t\t\t<\/div>\n\t\t\t\t<\/div>\n\t\t\t\t\t<\/div>\n\t\t<\/div>\n\t\t\t\t<div class=\"elementor-column elementor-col-50 elementor-top-column elementor-element elementor-element-b2195f7 secteurs_logos\" data-id=\"b2195f7\" data-element_type=\"column\">\n\t\t\t<div class=\"elementor-widget-wrap elementor-element-populated\">\n\t\t\t\t\t\t\t\t<div class=\"elementor-element elementor-element-b439e65 elementor-widget elementor-widget-image\" data-id=\"b439e65\" data-element_type=\"widget\" data-widget_type=\"image.default\">\n\t\t\t\t<div class=\"elementor-widget-container\">\n\t\t\t\t\t\t\t\t\t\t\t\t\t\t\t\t<a href=\"https:\/\/groupearno.com\/fr\/les-entites\/arno-global-beverage\/\">\n\t\t\t\t\t\t\t<img decoding=\"async\" width=\"694\" height=\"294\" src=\"https:\/\/groupearno.com\/wp-content\/uploads\/2021\/12\/agb_blanc.png\" class=\"attachment-full size-full\" alt=\"\" srcset=\"https:\/\/groupearno.com\/wp-content\/uploads\/2021\/12\/agb_blanc.png 694w, https:\/\/groupearno.com\/wp-content\/uploads\/2021\/12\/agb_blanc-300x127.png 300w\" sizes=\"(max-width: 694px) 100vw, 694px\" \/>\t\t\t\t\t\t\t\t<\/a>\n\t\t\t\t\t\t\t\t\t\t\t\t\t\t\t<\/div>\n\t\t\t\t<\/div>\n\t\t\t\t<div class=\"elementor-element elementor-element-85404b6 elementor-widget elementor-widget-image\" data-id=\"85404b6\" data-element_type=\"widget\" data-widget_type=\"image.default\">\n\t\t\t\t<div class=\"elementor-widget-container\">\n\t\t\t\t\t\t\t\t\t\t\t\t\t\t\t\t<a href=\"https:\/\/groupearno.com\/fr\/les-entites\/arno-market\/\">\n\t\t\t\t\t\t\t<img decoding=\"async\" width=\"697\" height=\"470\" src=\"https:\/\/groupearno.com\/wp-content\/uploads\/2021\/12\/market_blanc.png\" class=\"attachment-full size-full\" alt=\"\" srcset=\"https:\/\/groupearno.com\/wp-content\/uploads\/2021\/12\/market_blanc.png 697w, https:\/\/groupearno.com\/wp-content\/uploads\/2021\/12\/market_blanc-300x202.png 300w\" sizes=\"(max-width: 697px) 100vw, 697px\" \/>\t\t\t\t\t\t\t\t<\/a>\n\t\t\t\t\t\t\t\t\t\t\t\t\t\t\t<\/div>\n\t\t\t\t<\/div>\n\t\t\t\t<div class=\"elementor-element elementor-element-bb11a14 elementor-widget elementor-widget-image\" data-id=\"bb11a14\" data-element_type=\"widget\" data-widget_type=\"image.default\">\n\t\t\t\t<div class=\"elementor-widget-container\">\n\t\t\t\t\t\t\t\t\t\t\t\t\t\t\t\t<a href=\"https:\/\/groupearno.com\/fr\/les-entites\/arno-retail\/\">\n\t\t\t\t\t\t\t<img decoding=\"async\" width=\"569\" height=\"385\" src=\"https:\/\/groupearno.com\/wp-content\/uploads\/2021\/12\/retail_blanc.png\" class=\"attachment-full size-full\" alt=\"\" srcset=\"https:\/\/groupearno.com\/wp-content\/uploads\/2021\/12\/retail_blanc.png 569w, https:\/\/groupearno.com\/wp-content\/uploads\/2021\/12\/retail_blanc-300x203.png 300w\" sizes=\"(max-width: 569px) 100vw, 569px\" \/>\t\t\t\t\t\t\t\t<\/a>\n\t\t\t\t\t\t\t\t\t\t\t\t\t\t\t<\/div>\n\t\t\t\t<\/div>\n\t\t\t\t\t<\/div>\n\t\t<\/div>\n\t\t\t\t\t\t\t<\/div>\n\t\t<\/section>\n\t\t\t\t<section class=\"elementor-section elementor-top-section elementor-element elementor-element-da1cf1f elementor-section-full_width secteurdearno elementor-section-height-default elementor-section-height-default\" data-id=\"da1cf1f\" data-element_type=\"section\" data-settings=\"{&quot;background_background&quot;:&quot;classic&quot;}\">\n\t\t\t\t\t\t<div class=\"elementor-container elementor-column-gap-default\">\n\t\t\t\t\t<div class=\"elementor-column elementor-col-50 elementor-top-column elementor-element elementor-element-213f120 description_secteurs\" data-id=\"213f120\" data-element_type=\"column\">\n\t\t\t<div class=\"elementor-widget-wrap elementor-element-populated\">\n\t\t\t\t\t\t\t\t<div class=\"elementor-element elementor-element-bcc4a68 secteur_title elementor-widget elementor-widget-heading\" data-id=\"bcc4a68\" data-element_type=\"widget\" data-widget_type=\"heading.default\">\n\t\t\t\t<div class=\"elementor-widget-container\">\n\t\t\t<h2 class=\"elementor-heading-title elementor-size-default\"><a href=\"https:\/\/groupearno.com\/activite-energie\/\">Energie<\/a><\/h2>\t\t<\/div>\n\t\t\t\t<\/div>\n\t\t\t\t<div class=\"elementor-element elementor-element-0e00752 elementor-widget elementor-widget-text-editor\" data-id=\"0e00752\" data-element_type=\"widget\" data-widget_type=\"text-editor.default\">\n\t\t\t\t<div class=\"elementor-widget-container\">\n\t\t\t\t\t\t\tLe p\u00f4le ENERGY va se concentrer principalement sur la production, le transport et la distribution d\u2019energie.\t\t\t\t\t\t<\/div>\n\t\t\t\t<\/div>\n\t\t\t\t\t<\/div>\n\t\t<\/div>\n\t\t\t\t<div class=\"elementor-column elementor-col-50 elementor-top-column elementor-element elementor-element-7438c18 secteurs_logos\" data-id=\"7438c18\" data-element_type=\"column\">\n\t\t\t<div class=\"elementor-widget-wrap elementor-element-populated\">\n\t\t\t\t\t\t\t\t<div class=\"elementor-element elementor-element-27b67ff elementor-widget elementor-widget-image\" data-id=\"27b67ff\" data-element_type=\"widget\" data-widget_type=\"image.default\">\n\t\t\t\t<div class=\"elementor-widget-container\">\n\t\t\t\t\t\t\t\t\t\t\t\t\t\t\t\t<a href=\"https:\/\/groupearno.com\/fr\/les-entites\/arno-energie\/\">\n\t\t\t\t\t\t\t<img decoding=\"async\" width=\"544\" height=\"388\" src=\"https:\/\/groupearno.com\/wp-content\/uploads\/2021\/12\/energy_blanc.png\" class=\"attachment-full size-full\" alt=\"\" srcset=\"https:\/\/groupearno.com\/wp-content\/uploads\/2021\/12\/energy_blanc.png 544w, https:\/\/groupearno.com\/wp-content\/uploads\/2021\/12\/energy_blanc-300x214.png 300w\" sizes=\"(max-width: 544px) 100vw, 544px\" \/>\t\t\t\t\t\t\t\t<\/a>\n\t\t\t\t\t\t\t\t\t\t\t\t\t\t\t<\/div>\n\t\t\t\t<\/div>\n\t\t\t\t\t<\/div>\n\t\t<\/div>\n\t\t\t\t\t\t\t<\/div>\n\t\t<\/section>\n\t\t\t\t<section class=\"elementor-section elementor-top-section elementor-element elementor-element-85a9d77 elementor-section-full_width secteurdearno elementor-section-height-default elementor-section-height-default\" data-id=\"85a9d77\" data-element_type=\"section\" data-settings=\"{&quot;background_background&quot;:&quot;classic&quot;}\">\n\t\t\t\t\t\t<div class=\"elementor-container elementor-column-gap-default\">\n\t\t\t\t\t<div class=\"elementor-column elementor-col-50 elementor-top-column elementor-element elementor-element-70af715 description_secteurs\" data-id=\"70af715\" data-element_type=\"column\">\n\t\t\t<div class=\"elementor-widget-wrap elementor-element-populated\">\n\t\t\t\t\t\t\t\t<div class=\"elementor-element elementor-element-fcfab01 secteur_title elementor-widget elementor-widget-heading\" data-id=\"fcfab01\" data-element_type=\"widget\" data-widget_type=\"heading.default\">\n\t\t\t\t<div class=\"elementor-widget-container\">\n\t\t\t<h2 class=\"elementor-heading-title elementor-size-default\"><a href=\"https:\/\/groupearno.com\/activite-technologie\/\">Technologie<\/a><\/h2>\t\t<\/div>\n\t\t\t\t<\/div>\n\t\t\t\t<div class=\"elementor-element elementor-element-4af5b38 elementor-widget elementor-widget-text-editor\" data-id=\"4af5b38\" data-element_type=\"widget\" data-widget_type=\"text-editor.default\">\n\t\t\t\t<div class=\"elementor-widget-container\">\n\t\t\t\t\t\t\tLe p\u00f4le technologies couvrira de nombreuses disciplines dont le Groupe a su acqu\u00e9rir au fil du temps une expertise imbattable.\t\t\t\t\t\t<\/div>\n\t\t\t\t<\/div>\n\t\t\t\t\t<\/div>\n\t\t<\/div>\n\t\t\t\t<div class=\"elementor-column elementor-col-50 elementor-top-column elementor-element elementor-element-8466146 secteurs_logos\" data-id=\"8466146\" data-element_type=\"column\">\n\t\t\t<div class=\"elementor-widget-wrap elementor-element-populated\">\n\t\t\t\t\t\t\t\t<div class=\"elementor-element elementor-element-defad35 elementor-widget elementor-widget-image\" data-id=\"defad35\" data-element_type=\"widget\" data-widget_type=\"image.default\">\n\t\t\t\t<div class=\"elementor-widget-container\">\n\t\t\t\t\t\t\t\t\t\t\t\t\t\t\t\t<a href=\"https:\/\/groupearno.com\/fr\/les-entites\/arno-technologie\/\">\n\t\t\t\t\t\t\t<img decoding=\"async\" width=\"612\" height=\"436\" src=\"https:\/\/groupearno.com\/wp-content\/uploads\/2021\/12\/techno_blanc.png\" class=\"attachment-full size-full\" alt=\"\" srcset=\"https:\/\/groupearno.com\/wp-content\/uploads\/2021\/12\/techno_blanc.png 612w, https:\/\/groupearno.com\/wp-content\/uploads\/2021\/12\/techno_blanc-300x214.png 300w\" sizes=\"(max-width: 612px) 100vw, 612px\" \/>\t\t\t\t\t\t\t\t<\/a>\n\t\t\t\t\t\t\t\t\t\t\t\t\t\t\t<\/div>\n\t\t\t\t<\/div>\n\t\t\t\t\t<\/div>\n\t\t<\/div>\n\t\t\t\t\t\t\t<\/div>\n\t\t<\/section>\n\t\t\t\t<section class=\"elementor-section elementor-top-section elementor-element elementor-element-df93c31 elementor-section-full_width secteurdearno elementor-section-height-default elementor-section-height-default\" data-id=\"df93c31\" data-element_type=\"section\" data-settings=\"{&quot;background_background&quot;:&quot;classic&quot;}\">\n\t\t\t\t\t\t<div class=\"elementor-container elementor-column-gap-default\">\n\t\t\t\t\t<div class=\"elementor-column elementor-col-50 elementor-top-column elementor-element elementor-element-f59503d description_secteurs\" data-id=\"f59503d\" data-element_type=\"column\">\n\t\t\t<div class=\"elementor-widget-wrap elementor-element-populated\">\n\t\t\t\t\t\t\t\t<div class=\"elementor-element elementor-element-72e5d3b secteur_title elementor-widget elementor-widget-heading\" data-id=\"72e5d3b\" data-element_type=\"widget\" data-widget_type=\"heading.default\">\n\t\t\t\t<div class=\"elementor-widget-container\">\n\t\t\t<h2 class=\"elementor-heading-title elementor-size-default\"><a href=\"https:\/\/groupearno.com\/activite-immobilier\/\">Immobilier<\/a><\/h2>\t\t<\/div>\n\t\t\t\t<\/div>\n\t\t\t\t<div class=\"elementor-element elementor-element-08707b1 elementor-widget elementor-widget-text-editor\" data-id=\"08707b1\" data-element_type=\"widget\" data-widget_type=\"text-editor.default\">\n\t\t\t\t<div class=\"elementor-widget-container\">\n\t\t\t\t\t\t\tUne soci\u00e9te de gestion immobili\u00e8re qui se d\u00e9veloppe dans la cr\u00e9ation et gestion des b\u00e2timents tertiaires, commerciaux, r\u00e9sidentiels et industriels.\t\t\t\t\t\t<\/div>\n\t\t\t\t<\/div>\n\t\t\t\t\t<\/div>\n\t\t<\/div>\n\t\t\t\t<div class=\"elementor-column elementor-col-50 elementor-top-column elementor-element elementor-element-270e54b secteurs_logos\" data-id=\"270e54b\" data-element_type=\"column\">\n\t\t\t<div class=\"elementor-widget-wrap\">\n\t\t\t\t\t\t\t\t\t<\/div>\n\t\t<\/div>\n\t\t\t\t\t\t\t<\/div>\n\t\t<\/section>\n\t\t\t\t\t\t<\/div>\n\t\t\t\t\t<\/div>\n\t\t","protected":false},"excerpt":{"rendered":"<p>Une pr\u00e9sence et un positionnement multisectoriel au Cameroun et \u00e0 l\u2019international. Une expertise et une ma\u00eetrise acquise des caract\u00e9ristiques sp\u00e9cifiques de chaque secteur qui nous permet aujourd\u2019hui de nous placer comme expert dans ces secteurs au Cameroun. Depuis 1963, nous investissons sur le territoire Camerounais dans divers secteurs. Notre expertise s\u2019appuie sur notre diversification et [&hellip;]<\/p>\n","protected":false},"author":1,"featured_media":0,"parent":0,"menu_order":0,"comment_status":"closed","ping_status":"closed","template":"","meta":[],"_links":{"self":[{"href":"https:\/\/groupearno.com\/fr\/wp-json\/wp\/v2\/pages\/1637"}],"collection":[{"href":"https:\/\/groupearno.com\/fr\/wp-json\/wp\/v2\/pages"}],"about":[{"href":"https:\/\/groupearno.com\/fr\/wp-json\/wp\/v2\/types\/page"}],"author":[{"embeddable":true,"href":"https:\/\/groupearno.com\/fr\/wp-json\/wp\/v2\/users\/1"}],"replies":[{"embeddable":true,"href":"https:\/\/groupearno.com\/fr\/wp-json\/wp\/v2\/comments?post=1637"}],"version-history":[{"count":0,"href":"https:\/\/groupearno.com\/fr\/wp-json\/wp\/v2\/pages\/1637\/revisions"}],"wp:attachment":[{"href":"https:\/\/groupearno.com\/fr\/wp-json\/wp\/v2\/media?parent=1637"}],"curies":[{"name":"wp","href":"https:\/\/api.w.org\/{rel}","templated":true}]}}