{"id":1136,"date":"2021-12-11T16:29:08","date_gmt":"2021-12-11T15:29:08","guid":{"rendered":"https:\/\/groupearno.com\/?page_id=1136"},"modified":"2022-05-18T10:44:11","modified_gmt":"2022-05-18T08:44:11","slug":"notre-histoire","status":"publish","type":"page","link":"https:\/\/groupearno.com\/fr\/notre-histoire\/","title":{"rendered":"Notre histoire"},"content":{"rendered":"\t\t<div data-elementor-type=\"wp-page\" data-elementor-id=\"1136\" class=\"elementor elementor-1136\" data-elementor-settings=\"[]\">\n\t\t\t\t\t\t\t<div class=\"elementor-section-wrap\">\n\t\t\t\t\t\t\t<section class=\"elementor-section elementor-top-section elementor-element elementor-element-53d9dbc elementor-section-full_width topbanner page_notrehistoire elementor-section-height-default elementor-section-height-default\" data-id=\"53d9dbc\" data-element_type=\"section\" data-settings=\"{&quot;background_background&quot;:&quot;classic&quot;}\">\n\t\t\t\t\t\t<div class=\"elementor-container elementor-column-gap-default\">\n\t\t\t\t\t<div class=\"elementor-column elementor-col-100 elementor-top-column elementor-element elementor-element-4e6aad1 topbannercontent\" data-id=\"4e6aad1\" data-element_type=\"column\">\n\t\t\t<div class=\"elementor-widget-wrap elementor-element-populated\">\n\t\t\t\t\t\t\t\t<div class=\"elementor-element elementor-element-53797d3 elementor-widget elementor-widget-text-editor\" data-id=\"53797d3\" data-element_type=\"widget\" data-widget_type=\"text-editor.default\">\n\t\t\t\t<div class=\"elementor-widget-container\">\n\t\t\t\t\t\t\t<h1 style=\"color:white;\">Notre <span style=\"color: #a7c2e4;\">Histoire<\/span><\/h1>\t\t\t\t\t\t<\/div>\n\t\t\t\t<\/div>\n\t\t\t\t<div class=\"elementor-element elementor-element-cb484c6 videohistoire elementor-aspect-ratio-169 elementor-widget elementor-widget-video\" data-id=\"cb484c6\" data-element_type=\"widget\" data-settings=\"{&quot;youtube_url&quot;:&quot;https:\\\/\\\/youtu.be\\\/QU9TEoR8Mfc&quot;,&quot;video_type&quot;:&quot;youtube&quot;,&quot;controls&quot;:&quot;yes&quot;,&quot;aspect_ratio&quot;:&quot;169&quot;}\" data-widget_type=\"video.default\">\n\t\t\t\t<div class=\"elementor-widget-container\">\n\t\t\t\t\t<div class=\"elementor-wrapper elementor-fit-aspect-ratio elementor-open-inline\">\n\t\t\t<div class=\"elementor-video\"><\/div>\t\t<\/div>\n\t\t\t\t<\/div>\n\t\t\t\t<\/div>\n\t\t\t\t\t<\/div>\n\t\t<\/div>\n\t\t\t\t\t\t\t<\/div>\n\t\t<\/section>\n\t\t\t\t<section class=\"elementor-section elementor-top-section elementor-element elementor-element-f73e67f elementor-section-full_width histoiredearno elementor-section-height-default elementor-section-height-default\" data-id=\"f73e67f\" data-element_type=\"section\">\n\t\t\t\t\t\t<div class=\"elementor-container elementor-column-gap-default\">\n\t\t\t\t\t<div class=\"elementor-column elementor-col-100 elementor-top-column elementor-element elementor-element-e7c8afa\" data-id=\"e7c8afa\" data-element_type=\"column\">\n\t\t\t<div class=\"elementor-widget-wrap elementor-element-populated\">\n\t\t\t\t\t\t\t\t<div class=\"elementor-element elementor-element-7e7812d intro_notrehistoire textedintro elementor-widget elementor-widget-text-editor\" data-id=\"7e7812d\" data-element_type=\"widget\" data-widget_type=\"text-editor.default\">\n\t\t\t\t<div class=\"elementor-widget-container\">\n\t\t\t\t\t\t\t<p>Notre histoire et notre ADN r\u00e9sident aujourd\u2019hui dans le Cameroun, notre terre d\u2019Accueil. Depuis notre cr\u00e9ation en 1963, nous n\u2019avons cess\u00e9 de grandir avec elle et nous nous adaptons jour apr\u00e8s jour \u00e0 ses diff\u00e9rents changements. Aujourd\u2019hui le groupe est dirig\u00e9 par la 3e g\u00e9n\u00e9ration des ARNOPOULOS et compte bien continuer \u00e0 rester pr\u00e9sent pour les prochaines ann\u00e9es.<\/p>\t\t\t\t\t\t<\/div>\n\t\t\t\t<\/div>\n\t\t\t\t<div class=\"elementor-element elementor-element-2bf125b history_timiline voirpluslist elementor-widget elementor-widget-eael-feature-list\" data-id=\"2bf125b\" data-element_type=\"widget\" id=\"history_timiline\" data-widget_type=\"eael-feature-list.default\">\n\t\t\t\t<div class=\"elementor-widget-container\">\n\t\t\t\t\t<div class=\"-icon-position-left -tablet-icon-position- -mobile-icon-position-\">\n\t\t\t<ul id=\"eael-feature-list-2bf125b\" class=\"eael-feature-list-items circle stacked \">\n\t\t\t                <li class=\"eael-feature-list-item elementor-repeater-item-e1b09a8\">\n                    \n\t\t\t\t\t\t<div class=\"eael-feature-list-icon-box\">\n\t\t\t\t\t\t\t<div class=\"eael-feature-list-icon-inner\">\n\n\t\t\t\t\t\t\t\t<span class=\"eael-feature-list-icon fl-icon-0\">\n\n\t\t<img decoding=\"async\" src=\"https:\/\/groupearno.com\/wp-content\/uploads\/2022\/05\/Capture-de\u0301cran-2022-05-06-a\u0300-15.25.09.png\" class=\"eael-feature-list-img\" alt=\"\">\t\t\t\t\t\t\t\t<\/span>\n\t\t\t\t\t\t\t<\/div>\n\t\t\t\t\t\t<\/div>\n\t\t\t\t\t\t<div class=\"eael-feature-list-content-box\">\n\t\t\t\t\t\t\t<h3 class=\"eael-feature-list-title\"\t\t\t\t\t\t\t>1954<\/h3\t\t\t\t\t\t>\n\t\t\t\t\t\t<p class=\"eael-feature-list-content\">C\u2019est \u00e0 14 ans qu\u2019ANESTIS ARNOPOULOS, le fondateur du Groupe Arno pose ses valises \u00e0 Douala pour travailler avec son cousin qui pendant 7 ans va lui apprendre les rouages du commerce et de la vente.<\/p>\n\t\t\t\t\t\t<\/div>\n\n\t\t\t\t\t<\/li>\n\t\t\t\t                <li class=\"eael-feature-list-item elementor-repeater-item-7d3aad6\">\n                    \n\t\t\t\t\t\t<div class=\"eael-feature-list-icon-box\">\n\t\t\t\t\t\t\t<div class=\"eael-feature-list-icon-inner\">\n\n\t\t\t\t\t\t\t\t<span class=\"eael-feature-list-icon fl-icon-1\">\n\n\t\t<img decoding=\"async\" src=\"https:\/\/groupearno.com\/wp-content\/uploads\/2022\/05\/Capture-de\u0301cran-2022-05-06-a\u0300-11.45.48.png\" class=\"eael-feature-list-img\" alt=\"\">\t\t\t\t\t\t\t\t<\/span>\n\t\t\t\t\t\t\t<\/div>\n\t\t\t\t\t\t<\/div>\n\t\t\t\t\t\t<div class=\"eael-feature-list-content-box\">\n\t\t\t\t\t\t\t<h3 class=\"eael-feature-list-title\"\t\t\t\t\t\t\t>1961<\/h3\t\t\t\t\t\t>\n\t\t\t\t\t\t<p class=\"eael-feature-list-content\">Anestis Arnopoulos devient le tout premier gardien de but de l\u2019\u00e9quipe oryx club de football. Le sport devient alors une passion qu\u2019il soutiendra tout au long de son parcours \u00e0 travers de nombreuses actions sociales.<\/p>\n\t\t\t\t\t\t<\/div>\n\n\t\t\t\t\t<\/li>\n\t\t\t\t                <li class=\"eael-feature-list-item elementor-repeater-item-8f41b82\">\n                    \n\t\t\t\t\t\t<div class=\"eael-feature-list-icon-box\">\n\t\t\t\t\t\t\t<div class=\"eael-feature-list-icon-inner\">\n\n\t\t\t\t\t\t\t\t<span class=\"eael-feature-list-icon fl-icon-2\">\n\n\t\t<img decoding=\"async\" src=\"https:\/\/groupearno.com\/wp-content\/uploads\/2022\/05\/WhatsApp-Image-2022-05-16-at-07.49.05.jpeg\" class=\"eael-feature-list-img\" alt=\"\">\t\t\t\t\t\t\t\t<\/span>\n\t\t\t\t\t\t\t<\/div>\n\t\t\t\t\t\t<\/div>\n\t\t\t\t\t\t<div class=\"eael-feature-list-content-box\">\n\t\t\t\t\t\t\t<h3 class=\"eael-feature-list-title\"\t\t\t\t\t\t\t>1963<\/h3\t\t\t\t\t\t>\n\t\t\t\t\t\t<p class=\"eael-feature-list-content\">Apr\u00e8s avoir pass\u00e9 7 ans aupr\u00e8s de son cousin, il d\u00e9cide de prendre son envol et cr\u00e9e sa propre structure. Ainsi na\u00eetra le Groupe Arno avec l\u2019ouverture de la premi\u00e8re boutique ARNO.<\/p>\n\t\t\t\t\t\t<\/div>\n\n\t\t\t\t\t<\/li>\n\t\t\t\t                <li class=\"eael-feature-list-item elementor-repeater-item-a51c6fb\">\n                    \n\t\t\t\t\t\t<div class=\"eael-feature-list-icon-box\">\n\t\t\t\t\t\t\t<div class=\"eael-feature-list-icon-inner\">\n\n\t\t\t\t\t\t\t\t<span class=\"eael-feature-list-icon fl-icon-3\">\n\n\t\t<img decoding=\"async\" src=\"https:\/\/groupearno.com\/wp-content\/uploads\/2022\/03\/2002.png\" class=\"eael-feature-list-img\" alt=\"\">\t\t\t\t\t\t\t\t<\/span>\n\t\t\t\t\t\t\t<\/div>\n\t\t\t\t\t\t<\/div>\n\t\t\t\t\t\t<div class=\"eael-feature-list-content-box\">\n\t\t\t\t\t\t\t<h3 class=\"eael-feature-list-title\"\t\t\t\t\t\t\t>1968<\/h3\t\t\t\t\t\t>\n\t\t\t\t\t\t<p class=\"eael-feature-list-content\">Cr\u00e9ation de la Soci\u00e9t\u00e9 ARNO SARL, extension des importations de l\u2019Extr\u00eame \u2013 Orient et de la Chine.<\/p>\n\t\t\t\t\t\t<\/div>\n\n\t\t\t\t\t<\/li>\n\t\t\t\t                <li class=\"eael-feature-list-item elementor-repeater-item-d4d5c94\">\n                    \n\t\t\t\t\t\t<div class=\"eael-feature-list-icon-box\">\n\t\t\t\t\t\t\t<div class=\"eael-feature-list-icon-inner\">\n\n\t\t\t\t\t\t\t\t<span class=\"eael-feature-list-icon fl-icon-4\">\n\n\t\t<img decoding=\"async\" src=\"https:\/\/groupearno.com\/wp-content\/uploads\/2022\/03\/Capture-de\u0301cran-2022-03-28-a\u0300-11.05.41.png\" class=\"eael-feature-list-img\" alt=\"\">\t\t\t\t\t\t\t\t<\/span>\n\t\t\t\t\t\t\t<\/div>\n\t\t\t\t\t\t<\/div>\n\t\t\t\t\t\t<div class=\"eael-feature-list-content-box\">\n\t\t\t\t\t\t\t<h3 class=\"eael-feature-list-title\"\t\t\t\t\t\t\t>1989<\/h3\t\t\t\t\t\t>\n\t\t\t\t\t\t<p class=\"eael-feature-list-content\">La structure ATE (ARNO TECHNIQUE ELECTRICITE) sp\u00e9cialis\u00e9e dans la distribution de mat\u00e9riel \u00e9lectrique domestique et industriel voit le jour.<\/p>\n\t\t\t\t\t\t<\/div>\n\n\t\t\t\t\t<\/li>\n\t\t\t\t                <li class=\"eael-feature-list-item elementor-repeater-item-5e2f166\">\n                    \n\t\t\t\t\t\t<div class=\"eael-feature-list-icon-box\">\n\t\t\t\t\t\t\t<div class=\"eael-feature-list-icon-inner\">\n\n\t\t\t\t\t\t\t\t<span class=\"eael-feature-list-icon fl-icon-5\">\n\n\t\t<img decoding=\"async\" src=\"https:\/\/groupearno.com\/wp-content\/uploads\/2022\/05\/Capture-de\u0301cran-2022-05-06-a\u0300-14.59.21.png\" class=\"eael-feature-list-img\" alt=\"\">\t\t\t\t\t\t\t\t<\/span>\n\t\t\t\t\t\t\t<\/div>\n\t\t\t\t\t\t<\/div>\n\t\t\t\t\t\t<div class=\"eael-feature-list-content-box\">\n\t\t\t\t\t\t\t<h3 class=\"eael-feature-list-title\"\t\t\t\t\t\t\t>1992<\/h3\t\t\t\t\t\t>\n\t\t\t\t\t\t<p class=\"eael-feature-list-content\">Cr\u00e9ation de ATEM (Arno Technique \u00c9lectrom\u00e9nager), showroom B2B des boutiques Arno.<\/p>\n\t\t\t\t\t\t<\/div>\n\n\t\t\t\t\t<\/li>\n\t\t\t\t                <li class=\"eael-feature-list-item elementor-repeater-item-a5ec97a\">\n                    \n\t\t\t\t\t\t<div class=\"eael-feature-list-icon-box\">\n\t\t\t\t\t\t\t<div class=\"eael-feature-list-icon-inner\">\n\n\t\t\t\t\t\t\t\t<span class=\"eael-feature-list-icon fl-icon-6\">\n\n\t\t<img decoding=\"async\" src=\"https:\/\/groupearno.com\/wp-content\/uploads\/2022\/03\/f67bd9fc37742f5e96ea394bca97b034.png\" class=\"eael-feature-list-img\" alt=\"\">\t\t\t\t\t\t\t\t<\/span>\n\t\t\t\t\t\t\t<\/div>\n\t\t\t\t\t\t<\/div>\n\t\t\t\t\t\t<div class=\"eael-feature-list-content-box\">\n\t\t\t\t\t\t\t<h3 class=\"eael-feature-list-title\"\t\t\t\t\t\t\t>1994<\/h3\t\t\t\t\t\t>\n\t\t\t\t\t\t<p class=\"eael-feature-list-content\">Le groupe compte environ 6 boutiques entre Douala et Yaound\u00e9. La deuxi\u00e8me g\u00e9n\u00e9ration des Arnopoulos appara\u00eet dans le groupe avec l\u2019arriv\u00e9e des fils du fondateur, Jean-Jacques &amp; Alexis Arnopoulos, qui rejoignent leur p\u00e8re pour d\u00e9velopper ensemble l\u2019entreprise familiale.<\/p>\n\t\t\t\t\t\t<\/div>\n\n\t\t\t\t\t<\/li>\n\t\t\t\t                <li class=\"eael-feature-list-item elementor-repeater-item-dea260a\">\n                    \n\t\t\t\t\t\t<div class=\"eael-feature-list-icon-box\">\n\t\t\t\t\t\t\t<div class=\"eael-feature-list-icon-inner\">\n\n\t\t\t\t\t\t\t\t<span class=\"eael-feature-list-icon fl-icon-7\">\n\n\t\t<img decoding=\"async\" src=\"https:\/\/groupearno.com\/wp-content\/uploads\/2022\/05\/Tati_logo.png\" class=\"eael-feature-list-img\" alt=\"\">\t\t\t\t\t\t\t\t<\/span>\n\t\t\t\t\t\t\t<\/div>\n\t\t\t\t\t\t<\/div>\n\t\t\t\t\t\t<div class=\"eael-feature-list-content-box\">\n\t\t\t\t\t\t\t<h3 class=\"eael-feature-list-title\"\t\t\t\t\t\t\t>1998<\/h3\t\t\t\t\t\t>\n\t\t\t\t\t\t<p class=\"eael-feature-list-content\">Exploitation de la franchise TATI et ouverture du premier magasin de l'enseigne de textile au Cameroun.<\/p>\n\t\t\t\t\t\t<\/div>\n\n\t\t\t\t\t<\/li>\n\t\t\t\t                <li class=\"eael-feature-list-item elementor-repeater-item-21171a7\">\n                    \n\t\t\t\t\t\t<div class=\"eael-feature-list-icon-box\">\n\t\t\t\t\t\t\t<div class=\"eael-feature-list-icon-inner\">\n\n\t\t\t\t\t\t\t\t<span class=\"eael-feature-list-icon fl-icon-8\">\n\n\t\t<img decoding=\"async\" src=\"https:\/\/groupearno.com\/wp-content\/uploads\/2022\/05\/Capture-de\u0301cran-2022-05-06-a\u0300-15.16.09.png\" class=\"eael-feature-list-img\" alt=\"\">\t\t\t\t\t\t\t\t<\/span>\n\t\t\t\t\t\t\t<\/div>\n\t\t\t\t\t\t<\/div>\n\t\t\t\t\t\t<div class=\"eael-feature-list-content-box\">\n\t\t\t\t\t\t\t<h3 class=\"eael-feature-list-title\"\t\t\t\t\t\t\t>1999<\/h3\t\t\t\t\t\t>\n\t\t\t\t\t\t<p class=\"eael-feature-list-content\">Cr\u00e9ation de ALM ( Arno Lubrifiant M\u00e9canique) sp\u00e9cialis\u00e9e dans la vente de lubrifiants &amp; pneus.<\/p>\n\t\t\t\t\t\t<\/div>\n\n\t\t\t\t\t<\/li>\n\t\t\t\t                <li class=\"eael-feature-list-item elementor-repeater-item-ec1a953\">\n                    \n\t\t\t\t\t\t<div class=\"eael-feature-list-icon-box\">\n\t\t\t\t\t\t\t<div class=\"eael-feature-list-icon-inner\">\n\n\t\t\t\t\t\t\t\t<span class=\"eael-feature-list-icon fl-icon-9\">\n\n\t\t<img decoding=\"async\" src=\"https:\/\/groupearno.com\/wp-content\/uploads\/2022\/05\/langfr-280px-Esso_textlogo.svg.png\" class=\"eael-feature-list-img\" alt=\"\">\t\t\t\t\t\t\t\t<\/span>\n\t\t\t\t\t\t\t<\/div>\n\t\t\t\t\t\t<\/div>\n\t\t\t\t\t\t<div class=\"eael-feature-list-content-box\">\n\t\t\t\t\t\t\t<h3 class=\"eael-feature-list-title\"\t\t\t\t\t\t\t>2000<\/h3\t\t\t\t\t\t>\n\t\t\t\t\t\t<p class=\"eael-feature-list-content\">Exploitation de la franchise ESSO (Les stations services) et distribution des produits parap\u00e9troliers dans trois pays de l'Afrique Centrale: le Tchad et la Guin\u00e9e \u00c9quatoriale.\n<\/p>\n\t\t\t\t\t\t<\/div>\n\n\t\t\t\t\t<\/li>\n\t\t\t\t                <li class=\"eael-feature-list-item elementor-repeater-item-0f95f46\">\n                    \n\t\t\t\t\t\t<div class=\"eael-feature-list-icon-box\">\n\t\t\t\t\t\t\t<div class=\"eael-feature-list-icon-inner\">\n\n\t\t\t\t\t\t\t\t<span class=\"eael-feature-list-icon fl-icon-10\">\n\n\t\t<img decoding=\"async\" src=\"https:\/\/groupearno.com\/wp-content\/uploads\/2022\/03\/Capture-de\u0301cran-2022-03-28-a\u0300-11.05.28.png\" class=\"eael-feature-list-img\" alt=\"\">\t\t\t\t\t\t\t\t<\/span>\n\t\t\t\t\t\t\t<\/div>\n\t\t\t\t\t\t<\/div>\n\t\t\t\t\t\t<div class=\"eael-feature-list-content-box\">\n\t\t\t\t\t\t\t<h3 class=\"eael-feature-list-title\"\t\t\t\t\t\t\t>2007<\/h3\t\t\t\t\t\t>\n\t\t\t\t\t\t<p class=\"eael-feature-list-content\">Le Groupe Arno \u00e9tant repr\u00e9sentant officielle de LG et d\u2019autres marques de climatisations \u00e9tend son offre en cr\u00e9ant A2I (Arno Installation \u00e9lectrique) Sp\u00e9cialis\u00e9e dans l\u2019installation des syst\u00e8mes de climatisations chez les particuliers et professionnels.<\/p>\n\t\t\t\t\t\t<\/div>\n\n\t\t\t\t\t<\/li>\n\t\t\t\t                <li class=\"eael-feature-list-item elementor-repeater-item-e1ed390\">\n                    \n\t\t\t\t\t\t<div class=\"eael-feature-list-icon-box\">\n\t\t\t\t\t\t\t<div class=\"eael-feature-list-icon-inner\">\n\n\t\t\t\t\t\t\t\t<span class=\"eael-feature-list-icon fl-icon-11\">\n\n\t\t<img decoding=\"async\" src=\"https:\/\/groupearno.com\/wp-content\/uploads\/2022\/05\/te\u0301le\u0301chargement-3.png\" class=\"eael-feature-list-img\" alt=\"\">\t\t\t\t\t\t\t\t<\/span>\n\t\t\t\t\t\t\t<\/div>\n\t\t\t\t\t\t<\/div>\n\t\t\t\t\t\t<div class=\"eael-feature-list-content-box\">\n\t\t\t\t\t\t\t<h3 class=\"eael-feature-list-title\"\t\t\t\t\t\t\t>2010<\/h3\t\t\t\t\t\t>\n\t\t\t\t\t\t<p class=\"eael-feature-list-content\">Exploitation de la franchise United Colored of Benetton et ouverture du premier magasin au Cameroun.<\/p>\n\t\t\t\t\t\t<\/div>\n\n\t\t\t\t\t<\/li>\n\t\t\t\t                <li class=\"eael-feature-list-item elementor-repeater-item-14a4ba0\">\n                    \n\t\t\t\t\t\t<div class=\"eael-feature-list-icon-box\">\n\t\t\t\t\t\t\t<div class=\"eael-feature-list-icon-inner\">\n\n\t\t\t\t\t\t\t\t<span class=\"eael-feature-list-icon fl-icon-12\">\n\n\t\t<img decoding=\"async\" src=\"https:\/\/groupearno.com\/wp-content\/uploads\/2022\/05\/2018-06-20.jpeg\" class=\"eael-feature-list-img\" alt=\"\">\t\t\t\t\t\t\t\t<\/span>\n\t\t\t\t\t\t\t<\/div>\n\t\t\t\t\t\t<\/div>\n\t\t\t\t\t\t<div class=\"eael-feature-list-content-box\">\n\t\t\t\t\t\t\t<h3 class=\"eael-feature-list-title\"\t\t\t\t\t\t\t>2015<\/h3\t\t\t\t\t\t>\n\t\t\t\t\t\t<p class=\"eael-feature-list-content\">Le Groupe Arno s'associe avec le Groupe Deelight en joint-venture pour ouvrir le tout premier centre commercial d'Afrique Centrale, L'Atrium, exploitant ainsi la franchise SPAR.<\/p>\n\t\t\t\t\t\t<\/div>\n\n\t\t\t\t\t<\/li>\n\t\t\t\t                <li class=\"eael-feature-list-item elementor-repeater-item-8cd8c63\">\n                    \n\t\t\t\t\t\t<div class=\"eael-feature-list-icon-box\">\n\t\t\t\t\t\t\t<div class=\"eael-feature-list-icon-inner\">\n\n\t\t\t\t\t\t\t\t<span class=\"eael-feature-list-icon fl-icon-13\">\n\n\t\t<img decoding=\"async\" src=\"https:\/\/groupearno.com\/wp-content\/uploads\/2022\/03\/Copie-de-Yanis_Arnopoulos-1862-scaled.jpg\" class=\"eael-feature-list-img\" alt=\"\">\t\t\t\t\t\t\t\t<\/span>\n\t\t\t\t\t\t\t<\/div>\n\t\t\t\t\t\t<\/div>\n\t\t\t\t\t\t<div class=\"eael-feature-list-content-box\">\n\t\t\t\t\t\t\t<h3 class=\"eael-feature-list-title\"\t\t\t\t\t\t\t>2015<\/h3\t\t\t\t\t\t>\n\t\t\t\t\t\t<p class=\"eael-feature-list-content\">YANIS Arnopoulos, petit-fils du fondateur int\u00e8gre le groupe ARNO. Il sera nomm\u00e9 Directeur Commercial du Groupe ARNO. La venue de la 3\u00e8me g\u00e9n\u00e9ration Arnopoulos apporte une vision jeune; un souffle nouveau.<\/p>\n\t\t\t\t\t\t<\/div>\n\n\t\t\t\t\t<\/li>\n\t\t\t\t                <li class=\"eael-feature-list-item elementor-repeater-item-dc5035f\">\n                    \n\t\t\t\t\t\t<div class=\"eael-feature-list-icon-box\">\n\t\t\t\t\t\t\t<div class=\"eael-feature-list-icon-inner\">\n\n\t\t\t\t\t\t\t\t<span class=\"eael-feature-list-icon fl-icon-14\">\n\n\t\t<img decoding=\"async\" src=\"https:\/\/groupearno.com\/wp-content\/uploads\/2022\/03\/logoarno2.png\" class=\"eael-feature-list-img\" alt=\"\">\t\t\t\t\t\t\t\t<\/span>\n\t\t\t\t\t\t\t<\/div>\n\t\t\t\t\t\t<\/div>\n\t\t\t\t\t\t<div class=\"eael-feature-list-content-box\">\n\t\t\t\t\t\t\t<h3 class=\"eael-feature-list-title\"\t\t\t\t\t\t\t>2016<\/h3\t\t\t\t\t\t>\n\t\t\t\t\t\t<p class=\"eael-feature-list-content\">En 2016, la nouvelle dynamique du Groupe ARNO est mat\u00e9rialis\u00e9e par un nouveau logo au design moderne et plus professionnel. Ceci marquera la nouvelle \u00e8re et les changements \u00e0 venir au sein du groupe.<\/p>\n\t\t\t\t\t\t<\/div>\n\n\t\t\t\t\t<\/li>\n\t\t\t\t                <li class=\"eael-feature-list-item elementor-repeater-item-818df58\">\n                    \n\t\t\t\t\t\t<div class=\"eael-feature-list-icon-box\">\n\t\t\t\t\t\t\t<div class=\"eael-feature-list-icon-inner\">\n\n\t\t\t\t\t\t\t\t<span class=\"eael-feature-list-icon fl-icon-15\">\n\n\t\t<img decoding=\"async\" src=\"https:\/\/groupearno.com\/wp-content\/uploads\/2022\/05\/Capture-de\u0301cran-2022-05-16-a\u0300-08.51.32.png\" class=\"eael-feature-list-img\" alt=\"\">\t\t\t\t\t\t\t\t<\/span>\n\t\t\t\t\t\t\t<\/div>\n\t\t\t\t\t\t<\/div>\n\t\t\t\t\t\t<div class=\"eael-feature-list-content-box\">\n\t\t\t\t\t\t\t<h3 class=\"eael-feature-list-title\"\t\t\t\t\t\t\t>2016<\/h3\t\t\t\t\t\t>\n\t\t\t\t\t\t<p class=\"eael-feature-list-content\">Le Groupe se restructure et scinde finalement son activit\u00e9 en 2 p\u00f4les : la partie Distribution et la partie Technique Ing\u00e9nierie &amp; projets.<\/p>\n\t\t\t\t\t\t<\/div>\n\n\t\t\t\t\t<\/li>\n\t\t\t\t                <li class=\"eael-feature-list-item elementor-repeater-item-92fde39\">\n                    \n\t\t\t\t\t\t<div class=\"eael-feature-list-icon-box\">\n\t\t\t\t\t\t\t<div class=\"eael-feature-list-icon-inner\">\n\n\t\t\t\t\t\t\t\t<span class=\"eael-feature-list-icon fl-icon-16\">\n\n\t\t<img decoding=\"async\" src=\"https:\/\/groupearno.com\/wp-content\/uploads\/2022\/02\/logo_Grooupe_Arno.png\" class=\"eael-feature-list-img\" alt=\"\">\t\t\t\t\t\t\t\t<\/span>\n\t\t\t\t\t\t\t<\/div>\n\t\t\t\t\t\t<\/div>\n\t\t\t\t\t\t<div class=\"eael-feature-list-content-box\">\n\t\t\t\t\t\t\t<h3 class=\"eael-feature-list-title\"\t\t\t\t\t\t\t>2020<\/h3\t\t\t\t\t\t>\n\t\t\t\t\t\t<p class=\"eael-feature-list-content\">Apr\u00e8s 50 ans d\u2019existence, l\u2019envie d\u2019insuffler une nouvelle dynamique au groupe et de s\u2019ouvrir au monde ext\u00e9rieur se dessinent de plus en plus. Une nouvelle vision appara\u00eet, une nouvelle strat\u00e9gie s\u2019impose. Le groupe ARNO change son identit\u00e9 en apportant un tout nouveau logo avec en effigie une t\u00eate de lion qui symbolise un leader, un groupe solide et une pr\u00e9sence p\u00e9renne sur le march\u00e9 Camerounais<\/p>\n\t\t\t\t\t\t<\/div>\n\n\t\t\t\t\t<\/li>\n\t\t\t\t                <li class=\"eael-feature-list-item elementor-repeater-item-c46f37a\">\n                    \n\t\t\t\t\t\t<div class=\"eael-feature-list-icon-box\">\n\t\t\t\t\t\t\t<div class=\"eael-feature-list-icon-inner\">\n\n\t\t\t\t\t\t\t\t<span class=\"eael-feature-list-icon fl-icon-17\">\n\n\t\t<img decoding=\"async\" src=\"https:\/\/groupearno.com\/wp-content\/uploads\/2022\/03\/Communique\u0301-de-presse-800-\u00d7-800-px.png\" class=\"eael-feature-list-img\" alt=\"\">\t\t\t\t\t\t\t\t<\/span>\n\t\t\t\t\t\t\t<\/div>\n\t\t\t\t\t\t<\/div>\n\t\t\t\t\t\t<div class=\"eael-feature-list-content-box\">\n\t\t\t\t\t\t\t<h3 class=\"eael-feature-list-title\"\t\t\t\t\t\t\t>2021<\/h3\t\t\t\t\t\t>\n\t\t\t\t\t\t<p class=\"eael-feature-list-content\">Avec la nouvelle vision du groupe en place, Le groupe ARNO souhaite renforcer son ancrage dans le secteur de la distribution ainsi que son r\u00e9seau et pour ce faire, il s\u2019associe au groupe DUVAL, acteur majeur dans le secteur de l'immobilier en cr\u00e9ant la joint-venture DAD (Duval Arno distribution) qui sera porteuse de tous les projets li\u00e9s \u00e0 la distribution de biens de consommation.<\/p>\n\t\t\t\t\t\t<\/div>\n\n\t\t\t\t\t<\/li>\n\t\t\t\t                <li class=\"eael-feature-list-item elementor-repeater-item-12e76b3\">\n                    \n\t\t\t\t\t\t<div class=\"eael-feature-list-icon-box\">\n\t\t\t\t\t\t\t<div class=\"eael-feature-list-icon-inner\">\n\n\t\t\t\t\t\t\t\t<span class=\"eael-feature-list-icon fl-icon-18\">\n\n\t\t<img decoding=\"async\" src=\"https:\/\/groupearno.com\/wp-content\/uploads\/2022\/04\/logo_AGB_orbleu.png\" class=\"eael-feature-list-img\" alt=\"\">\t\t\t\t\t\t\t\t<\/span>\n\t\t\t\t\t\t\t<\/div>\n\t\t\t\t\t\t<\/div>\n\t\t\t\t\t\t<div class=\"eael-feature-list-content-box\">\n\t\t\t\t\t\t\t<h3 class=\"eael-feature-list-title\"\t\t\t\t\t\t\t>2021<\/h3\t\t\t\t\t\t>\n\t\t\t\t\t\t<p class=\"eael-feature-list-content\">Cr\u00e9ation de la joint-venture AGB entre le groupe ARNO et le Groupe Fran\u00e7ais Global Wines sp\u00e9cialis\u00e9e dans l'importation et la distribution des vins, spiritueux et champagnes de luxe.<\/p>\n\t\t\t\t\t\t<\/div>\n\n\t\t\t\t\t<\/li>\n\t\t\t\t                <li class=\"eael-feature-list-item elementor-repeater-item-3fbc9af\">\n                    \n\t\t\t\t\t\t<div class=\"eael-feature-list-icon-box\">\n\t\t\t\t\t\t\t<div class=\"eael-feature-list-icon-inner\">\n\n\t\t\t\t\t\t\t\t<span class=\"eael-feature-list-icon fl-icon-19\">\n\n\t\t<img decoding=\"async\" src=\"https:\/\/groupearno.com\/wp-content\/uploads\/2022\/03\/MoetHennessy_logo_N-1024x298-1.jpeg\" class=\"eael-feature-list-img\" alt=\"\">\t\t\t\t\t\t\t\t<\/span>\n\t\t\t\t\t\t\t<\/div>\n\t\t\t\t\t\t<\/div>\n\t\t\t\t\t\t<div class=\"eael-feature-list-content-box\">\n\t\t\t\t\t\t\t<h3 class=\"eael-feature-list-title\"\t\t\t\t\t\t\t>2021<\/h3\t\t\t\t\t\t>\n\t\t\t\t\t\t<p class=\"eael-feature-list-content\">Le Groupe Arno devient le repr\u00e9sentant et distributeur officiel du portefeuille Mo\u00ebt Hennessy au Cameroun.<\/p>\n\t\t\t\t\t\t<\/div>\n\n\t\t\t\t\t<\/li>\n\t\t\t\t\t\t\t<\/ul>\n\t\t<\/div>\n\t\t\t\t<\/div>\n\t\t\t\t<\/div>\n\t\t\t\t\t<\/div>\n\t\t<\/div>\n\t\t\t\t\t\t\t<\/div>\n\t\t<\/section>\n\t\t\t\t\t\t<\/div>\n\t\t\t\t\t<\/div>\n\t\t","protected":false},"excerpt":{"rendered":"<p>Notre Histoire https:\/\/youtu.be\/QU9TEoR8Mfc Notre histoire et notre ADN r\u00e9sident aujourd\u2019hui dans le Cameroun, notre terre d\u2019Accueil. Depuis notre cr\u00e9ation en 1963, nous n\u2019avons cess\u00e9 de grandir avec elle et nous nous adaptons jour apr\u00e8s jour \u00e0 ses diff\u00e9rents changements. Aujourd\u2019hui le groupe est dirig\u00e9 par la 3e g\u00e9n\u00e9ration des ARNOPOULOS et compte bien continuer \u00e0 [&hellip;]<\/p>\n","protected":false},"author":1,"featured_media":0,"parent":0,"menu_order":0,"comment_status":"closed","ping_status":"closed","template":"","meta":[],"_links":{"self":[{"href":"https:\/\/groupearno.com\/fr\/wp-json\/wp\/v2\/pages\/1136"}],"collection":[{"href":"https:\/\/groupearno.com\/fr\/wp-json\/wp\/v2\/pages"}],"about":[{"href":"https:\/\/groupearno.com\/fr\/wp-json\/wp\/v2\/types\/page"}],"author":[{"embeddable":true,"href":"https:\/\/groupearno.com\/fr\/wp-json\/wp\/v2\/users\/1"}],"replies":[{"embeddable":true,"href":"https:\/\/groupearno.com\/fr\/wp-json\/wp\/v2\/comments?post=1136"}],"version-history":[{"count":78,"href":"https:\/\/groupearno.com\/fr\/wp-json\/wp\/v2\/pages\/1136\/revisions"}],"predecessor-version":[{"id":9907,"href":"https:\/\/groupearno.com\/fr\/wp-json\/wp\/v2\/pages\/1136\/revisions\/9907"}],"wp:attachment":[{"href":"https:\/\/groupearno.com\/fr\/wp-json\/wp\/v2\/media?parent=1136"}],"curies":[{"name":"wp","href":"https:\/\/api.w.org\/{rel}","templated":true}]}}