{"id":4369,"date":"2022-02-04T15:58:32","date_gmt":"2022-02-04T14:58:32","guid":{"rendered":"https:\/\/groupearno.com\/example-page\/"},"modified":"2022-02-04T15:58:32","modified_gmt":"2022-02-04T14:58:32","slug":"example-page","status":"publish","type":"page","link":"https:\/\/groupearno.com\/en\/example-page\/","title":{"rendered":"Example page"},"content":{"rendered":"\n<p>Ceci est une page d\u2019exemple. C\u2019est diff\u00e9rent d\u2019un article de blog parce qu\u2019elle restera au m\u00eame endroit et appara\u00eetra dans la navigation de votre site (dans la plupart des th\u00e8mes). La plupart des gens commencent par une page \u00ab\u00a0\u00c0 propos\u00a0\u00bb qui les pr\u00e9sente aux personnes visitant du site. Cela pourrait ressembler \u00e0 quelque chose comme cela\u00a0:<\/p>\n\n<blockquote class=\"wp-block-quote\"><p>Hello ! I&#8217;m a mechanic who aspires to be an actor, and this is my website. I live in Bordeaux, have a great dog named Russell, and love vodka (as well as being surprised by sudden rain during long walks on the beach at sunset).<\/p><\/blockquote>\n\n<p>&#8230;or something like that:<\/p>\n\n<blockquote class=\"wp-block-quote\"><p>123 Machin Truc was founded in 1971, and has been providing the public with quality contraption ever since. Located in Saint-Remy-en-Bouzemont-Saint-Genest-et-Isson, 123 Machin Truc employs 2,000 people, and manufactures all kinds of cool stuff for the Bouzemont community.<\/p><\/blockquote>\n\n<p>As a new WordPress user, you should go to <a href=\"https:\/\/groupearno.com\/wp-admin\/\"> your dashboard<\/a>to delete this page and create new pages for your content. Have fun!<\/p>\n","protected":false},"excerpt":{"rendered":"<p>Ceci est une page d\u2019exemple. C\u2019est diff\u00e9rent d\u2019un article de blog parce qu\u2019elle restera au m\u00eame endroit et appara\u00eetra dans la navigation de votre site (dans la plupart des th\u00e8mes). La plupart des gens commencent par une page \u00ab\u00a0\u00c0 propos\u00a0\u00bb qui les pr\u00e9sente aux personnes visitant du site. Cela pourrait ressembler \u00e0 quelque chose comme [&hellip;]<\/p>\n","protected":false},"author":1,"featured_media":0,"parent":0,"menu_order":0,"comment_status":"closed","ping_status":"open","template":"","meta":[],"_links":{"self":[{"href":"https:\/\/groupearno.com\/en\/wp-json\/wp\/v2\/pages\/4369"}],"collection":[{"href":"https:\/\/groupearno.com\/en\/wp-json\/wp\/v2\/pages"}],"about":[{"href":"https:\/\/groupearno.com\/en\/wp-json\/wp\/v2\/types\/page"}],"author":[{"embeddable":true,"href":"https:\/\/groupearno.com\/en\/wp-json\/wp\/v2\/users\/1"}],"replies":[{"embeddable":true,"href":"https:\/\/groupearno.com\/en\/wp-json\/wp\/v2\/comments?post=4369"}],"version-history":[{"count":0,"href":"https:\/\/groupearno.com\/en\/wp-json\/wp\/v2\/pages\/4369\/revisions"}],"wp:attachment":[{"href":"https:\/\/groupearno.com\/en\/wp-json\/wp\/v2\/media?parent=4369"}],"curies":[{"name":"wp","href":"https:\/\/api.w.org\/{rel}","templated":true}]}}